{"id":14345,"date":"2024-12-27T12:38:03","date_gmt":"2024-12-27T11:38:03","guid":{"rendered":"https:\/\/bavarian-bondage.de\/?post_type=product&#038;p=14345"},"modified":"2026-03-09T23:42:55","modified_gmt":"2026-03-09T22:42:55","slug":"giratorio-preto","status":"publish","type":"product","link":"https:\/\/bavarian-bondage.de\/pt\/produkt\/drehwirbel-schwarz\/","title":{"rendered":"girat\u00f3rio preto"},"content":{"rendered":"<h3 style=\"text-align: center\">girat\u00f3rio preto<\/h3>\n<p style=\"text-align: center\">O girador, tamb\u00e9m conhecido como pinh\u00e3o, torna cada sess\u00e3o de bondage com suspens\u00e3o uma experi\u00eancia ainda mais intensa. O girador possui rolamentos de esferas e, apesar do seu tamanho reduzido, tem uma elevada capacidade de carga. Gra\u00e7as aos rolamentos de esferas, gira de forma muito r\u00e1pida, silenciosa e com quase nenhuma resist\u00eancia.<\/p>\n<p style=\"text-align: center\">Para evitar que gire, basta passar uma corda pelas duas aberturas uma ou duas vezes.<\/p>\n<p><strong>Detalhes:<\/strong><\/p>\n<pre>Dimens\u00f5es: C 10,5 cm \/ L 4,2 cm Di\u00e2metro das aberturas: 3,5 cm x 3,0 cm Espessura do material: aprox. 1 cm Capacidade de carga: 30 kN Material: Alum\u00ednio Cor: Preto Peso: 130 g EN12275 2008 EN363<\/pre>\n<pre><\/pre>\n<p>&nbsp;<\/p>\n<p><strong>Escopo da entrega:<\/strong> Girat\u00f3rio, preto, 30KN<\/p>\n<p>&nbsp;<\/p>\n<hr \/>\n<blockquote>\n<p style=\"text-align: center\"><span style=\"color: #333399\">As informa\u00e7\u00f5es sobre os produtos s\u00e3o fornecidas de acordo com nosso melhor conhecimento e cren\u00e7a. Todas as medidas s\u00e3o aproximadas. O uso dos produtos oferecidos nesta loja \u00e9 por sua conta e risco. Cada pessoa reage de forma diferente a influ\u00eancias externas, prazer, dor, etc. Portanto, n\u00e3o nos responsabilizamos por uso indevido. Cada usu\u00e1rio assume total responsabilidade pelo uso e aplica\u00e7\u00e3o correta dos produtos e por quaisquer consequ\u00eancias imprevistas.<\/span><\/p>\n<\/blockquote>","protected":false},"excerpt":{"rendered":"<p>Prazo de entrega: 5 a 7 dias*<\/p>","protected":false},"featured_media":14347,"template":"","meta":[],"product_brand":[],"product_cat":[222,223,233],"product_tag":[],"class_list":{"0":"post-14345","1":"product","2":"type-product","3":"status-publish","4":"has-post-thumbnail","6":"product_cat-alle-produkte","7":"product_cat-zubehoer","8":"product_cat-bondage-zubehoer","10":"first","11":"instock","12":"taxable","13":"shipping-taxable","14":"purchasable","15":"product-type-simple"},"_links":{"self":[{"href":"https:\/\/bavarian-bondage.de\/pt\/wp-json\/wp\/v2\/product\/14345","targetHints":{"allow":["GET"]}}],"collection":[{"href":"https:\/\/bavarian-bondage.de\/pt\/wp-json\/wp\/v2\/product"}],"about":[{"href":"https:\/\/bavarian-bondage.de\/pt\/wp-json\/wp\/v2\/types\/product"}],"version-history":[{"count":3,"href":"https:\/\/bavarian-bondage.de\/pt\/wp-json\/wp\/v2\/product\/14345\/revisions"}],"predecessor-version":[{"id":14351,"href":"https:\/\/bavarian-bondage.de\/pt\/wp-json\/wp\/v2\/product\/14345\/revisions\/14351"}],"wp:featuredmedia":[{"embeddable":true,"href":"https:\/\/bavarian-bondage.de\/pt\/wp-json\/wp\/v2\/media\/14347"}],"wp:attachment":[{"href":"https:\/\/bavarian-bondage.de\/pt\/wp-json\/wp\/v2\/media?parent=14345"}],"wp:term":[{"taxonomy":"product_brand","embeddable":true,"href":"https:\/\/bavarian-bondage.de\/pt\/wp-json\/wp\/v2\/product_brand?post=14345"},{"taxonomy":"product_cat","embeddable":true,"href":"https:\/\/bavarian-bondage.de\/pt\/wp-json\/wp\/v2\/product_cat?post=14345"},{"taxonomy":"product_tag","embeddable":true,"href":"https:\/\/bavarian-bondage.de\/pt\/wp-json\/wp\/v2\/product_tag?post=14345"}],"curies":[{"name":"wp","href":"https:\/\/api.w.org\/{rel}","templated":true}]}}