{"id":14355,"date":"2024-12-27T13:38:50","date_gmt":"2024-12-27T12:38:50","guid":{"rendered":"https:\/\/bavarian-bondage.de\/?post_type=product&#038;p=14355"},"modified":"2025-09-09T07:50:50","modified_gmt":"2025-09-09T05:50:50","slug":"mosquetao-de-aluminio-preto","status":"publish","type":"product","link":"https:\/\/bavarian-bondage.de\/pt\/produkt\/aluminium-karabiner-schwarz\/","title":{"rendered":"Mosquet\u00e3o de alum\u00ednio, preto"},"content":{"rendered":"<h3 style=\"text-align: center\">Mosquet\u00e3o de alum\u00ednio, preto<\/h3>\n<p style=\"text-align: center\">O mosquet\u00e3o de alum\u00ednio \u00e9 normalmente usado em escalada. \u00c9 um mosquet\u00e3o de seguran\u00e7a com trava girat\u00f3ria.<\/p>\n<p style=\"text-align: center\">Ideal para fixar um anel, seja diretamente no anel ou nas pr\u00f3prias cordas. N\u00e3o possui bordas afiadas ou angulares que possam danificar a corda.<\/p>\n<p>&nbsp;<\/p>\n<h3 style=\"text-align: center\"><\/h3>\n<p><strong>Detalhes:<\/strong><\/p>\n<p>Material: Alum\u00ednio<br \/>\nTamanho: C 9,5 cm \/ L 6 cm<br \/>\nAbertura: 1,7 cm<br \/>\nCapacidade de carga: fechado 25 kN<br \/>\nPeso: aprox. 50g<br \/>\nCor: preto<br \/>\nEN12275 2008<\/p>\n<p>&nbsp;<\/p>\n<p><strong>Escopo da entrega:<\/strong> 1 Mosquet\u00e3o de Alum\u00ednio Preto<\/p>\n<p>&nbsp;<\/p>\n<hr \/>\n<blockquote>\n<p style=\"text-align: center\"><span style=\"color: #333399\">As informa\u00e7\u00f5es sobre os produtos s\u00e3o fornecidas de acordo com nosso melhor conhecimento e cren\u00e7a. Todas as medidas s\u00e3o aproximadas. O uso dos produtos oferecidos nesta loja \u00e9 por sua conta e risco. Cada pessoa reage de forma diferente a influ\u00eancias externas, prazer, dor, etc. Portanto, n\u00e3o nos responsabilizamos por uso indevido. Cada usu\u00e1rio assume total responsabilidade pelo uso e aplica\u00e7\u00e3o correta dos produtos e por quaisquer consequ\u00eancias imprevistas decorrentes disso.<\/span><\/p>\n<\/blockquote>","protected":false},"excerpt":{"rendered":"<p>Prazo de entrega: 5 a 7 dias*<\/p>","protected":false},"featured_media":14356,"template":"","meta":[],"product_brand":[],"product_cat":[222,223,233],"product_tag":[],"class_list":{"0":"post-14355","1":"product","2":"type-product","3":"status-publish","4":"has-post-thumbnail","6":"product_cat-alle-produkte","7":"product_cat-zubehoer","8":"product_cat-bondage-zubehoer","10":"first","11":"outofstock","12":"taxable","13":"shipping-taxable","14":"purchasable","15":"product-type-simple"},"_links":{"self":[{"href":"https:\/\/bavarian-bondage.de\/pt\/wp-json\/wp\/v2\/product\/14355","targetHints":{"allow":["GET"]}}],"collection":[{"href":"https:\/\/bavarian-bondage.de\/pt\/wp-json\/wp\/v2\/product"}],"about":[{"href":"https:\/\/bavarian-bondage.de\/pt\/wp-json\/wp\/v2\/types\/product"}],"version-history":[{"count":1,"href":"https:\/\/bavarian-bondage.de\/pt\/wp-json\/wp\/v2\/product\/14355\/revisions"}],"predecessor-version":[{"id":14357,"href":"https:\/\/bavarian-bondage.de\/pt\/wp-json\/wp\/v2\/product\/14355\/revisions\/14357"}],"wp:featuredmedia":[{"embeddable":true,"href":"https:\/\/bavarian-bondage.de\/pt\/wp-json\/wp\/v2\/media\/14356"}],"wp:attachment":[{"href":"https:\/\/bavarian-bondage.de\/pt\/wp-json\/wp\/v2\/media?parent=14355"}],"wp:term":[{"taxonomy":"product_brand","embeddable":true,"href":"https:\/\/bavarian-bondage.de\/pt\/wp-json\/wp\/v2\/product_brand?post=14355"},{"taxonomy":"product_cat","embeddable":true,"href":"https:\/\/bavarian-bondage.de\/pt\/wp-json\/wp\/v2\/product_cat?post=14355"},{"taxonomy":"product_tag","embeddable":true,"href":"https:\/\/bavarian-bondage.de\/pt\/wp-json\/wp\/v2\/product_tag?post=14355"}],"curies":[{"name":"wp","href":"https:\/\/api.w.org\/{rel}","templated":true}]}}