{"id":15906,"date":"2025-11-16T12:42:07","date_gmt":"2025-11-16T11:42:07","guid":{"rendered":"https:\/\/bavarian-bondage.de\/?post_type=product&#038;p=15906"},"modified":"2026-04-16T14:54:03","modified_gmt":"2026-04-16T12:54:03","slug":"autschisv1","status":"publish","type":"product","link":"https:\/\/bavarian-bondage.de\/pt\/produkt\/autschisv1\/","title":{"rendered":"Ai V1"},"content":{"rendered":"<h3 style=\"text-align: center\">Ai V 1<\/h3>\n<p style=\"text-align: center\" data-start=\"0\" data-end=\"542\">Estas &quot;Autschis&quot; artesanais, feitas de madeira de \u00e1cer oleada, s\u00e3o especialmente concebidas para uso em pr\u00e1ticas de bondage e Shibari. A madeira de alta qualidade, lixada suavemente, garante uma sensa\u00e7\u00e3o agrad\u00e1vel e estabilidade confi\u00e1vel. Dois entalhes na parte inferior proporcionam uma ader\u00eancia ideal para as cordas e evitam que deslizem durante o uso. A parte superior possui nove pontas que permitem a aplica\u00e7\u00e3o de press\u00e3o em pontos espec\u00edficos, adicionando est\u00edmulos extras \u00e0 pr\u00e1tica.<\/p>\n<p style=\"text-align: center\" data-start=\"544\" data-end=\"917\">Com 4,9 cm de di\u00e2metro, 2 cm de altura e apenas 14 g de peso cada, os Autschis s\u00e3o compactos, leves e vers\u00e1teis. Podem ser integrados de forma flex\u00edvel em diversas t\u00e9cnicas de bondage. Um conjunto de dois \u00e9 fornecido, ideal para aplica\u00e7\u00f5es sim\u00e9tricas ou combina\u00e7\u00f5es variadas.<\/p>\n<p><strong>Detalhes:<\/strong><\/p>\n<p>Material: \u00c1cer<br \/>\nCor: Maple<br \/>\nDi\u00e2metro: 4,9 cm<br \/>\nAltura: 2 cm<br \/>\nPeso: Aproximadamente 14 g por pe\u00e7a<\/p>\n<p>(Corda n\u00e3o inclu\u00edda)<\/p>\n<p>&nbsp;<\/p>\n<p><strong>Escopo da entrega:<\/strong> Autschies V1, 2 pe\u00e7as<\/p>\n<p>&nbsp;<\/p>\n<hr \/>\n<blockquote>\n<p style=\"text-align: center\"><span style=\"color: #333399\">As informa\u00e7\u00f5es sobre os produtos s\u00e3o fornecidas de acordo com nosso melhor conhecimento e cren\u00e7a. Todas as medidas s\u00e3o aproximadas. O uso dos produtos oferecidos nesta loja \u00e9 por sua conta e risco. Cada pessoa reage de forma diferente a influ\u00eancias externas, prazer, dor, etc. Portanto, n\u00e3o nos responsabilizamos por uso indevido. Cada usu\u00e1rio assume total responsabilidade pelo uso e aplica\u00e7\u00e3o correta dos produtos e por quaisquer consequ\u00eancias imprevistas.<\/span><\/p>\n<\/blockquote>","protected":false},"excerpt":{"rendered":"<p>Prazo de entrega: 5 a 7 dias<\/p>","protected":false},"featured_media":15919,"template":"","meta":[],"product_brand":[],"product_cat":[223,222],"product_tag":[],"class_list":{"0":"post-15906","1":"product","2":"type-product","3":"status-publish","4":"has-post-thumbnail","6":"product_cat-zubehoer","7":"product_cat-alle-produkte","9":"first","10":"instock","11":"taxable","12":"shipping-taxable","13":"purchasable","14":"product-type-simple"},"_links":{"self":[{"href":"https:\/\/bavarian-bondage.de\/pt\/wp-json\/wp\/v2\/product\/15906","targetHints":{"allow":["GET"]}}],"collection":[{"href":"https:\/\/bavarian-bondage.de\/pt\/wp-json\/wp\/v2\/product"}],"about":[{"href":"https:\/\/bavarian-bondage.de\/pt\/wp-json\/wp\/v2\/types\/product"}],"version-history":[{"count":5,"href":"https:\/\/bavarian-bondage.de\/pt\/wp-json\/wp\/v2\/product\/15906\/revisions"}],"predecessor-version":[{"id":15933,"href":"https:\/\/bavarian-bondage.de\/pt\/wp-json\/wp\/v2\/product\/15906\/revisions\/15933"}],"wp:featuredmedia":[{"embeddable":true,"href":"https:\/\/bavarian-bondage.de\/pt\/wp-json\/wp\/v2\/media\/15919"}],"wp:attachment":[{"href":"https:\/\/bavarian-bondage.de\/pt\/wp-json\/wp\/v2\/media?parent=15906"}],"wp:term":[{"taxonomy":"product_brand","embeddable":true,"href":"https:\/\/bavarian-bondage.de\/pt\/wp-json\/wp\/v2\/product_brand?post=15906"},{"taxonomy":"product_cat","embeddable":true,"href":"https:\/\/bavarian-bondage.de\/pt\/wp-json\/wp\/v2\/product_cat?post=15906"},{"taxonomy":"product_tag","embeddable":true,"href":"https:\/\/bavarian-bondage.de\/pt\/wp-json\/wp\/v2\/product_tag?post=15906"}],"curies":[{"name":"wp","href":"https:\/\/api.w.org\/{rel}","templated":true}]}}