{"id":15911,"date":"2025-11-16T12:56:00","date_gmt":"2025-11-16T11:56:00","guid":{"rendered":"https:\/\/bavarian-bondage.de\/?post_type=product&#038;p=15911"},"modified":"2026-04-12T09:14:45","modified_gmt":"2026-04-12T07:14:45","slug":"ai-v2","status":"publish","type":"product","link":"https:\/\/bavarian-bondage.de\/pt\/produkt\/autschis-v2\/","title":{"rendered":"Ai V2"},"content":{"rendered":"<h3 style=\"text-align: center\">Ai V 2<\/h3>\n<p style=\"text-align: center\" data-start=\"0\" data-end=\"542\">Esses bast\u00f5es de madeira artesanais, feitos de madeira oleada, s\u00e3o projetados especificamente para uso em pr\u00e1ticas de bondage e shibari. A madeira de alta qualidade, lixada suavemente, garante uma sensa\u00e7\u00e3o agrad\u00e1vel e estabilidade confi\u00e1vel. Dois entalhes na parte inferior proporcionam \u00f3tima ader\u00eancia para cordas e evitam que o bast\u00e3o escorregue durante o uso. A parte superior possui uma ponta que permite a aplica\u00e7\u00e3o de press\u00e3o em pontos espec\u00edficos, adicionando estimula\u00e7\u00e3o extra \u00e0 brincadeira.<\/p>\n<p style=\"text-align: center\" data-start=\"544\" data-end=\"917\">Com 3,6 cm de di\u00e2metro, 2,5 cm de altura e apenas 10 g de peso cada, os Autschis s\u00e3o compactos, leves e vers\u00e1teis. Podem ser integrados de forma flex\u00edvel em diversas t\u00e9cnicas de bondage. Um conjunto de dois \u00e9 fornecido, ideal para aplica\u00e7\u00f5es sim\u00e9tricas ou combina\u00e7\u00f5es variadas.<\/p>\n<p><strong>Detalhes:<\/strong><\/p>\n<p>Material: \u00e0 escolha entre bordo ou nogueira<br \/>\nCor: Bordo ou Nogueira<br \/>\nDi\u00e2metro: 3,6 cm<br \/>\nAltura: 2,5 cm<br \/>\nPeso: Aproximadamente 10 g por pe\u00e7a<\/p>\n<p>&nbsp;<\/p>\n<p>&nbsp;<\/p>\n<p><strong>Escopo da entrega:<\/strong> Autschies V1, 2 pe\u00e7as<\/p>\n<p>&nbsp;<\/p>\n<hr \/>\n<blockquote>\n<p style=\"text-align: center\"><span style=\"color: #333399\">As informa\u00e7\u00f5es sobre os produtos s\u00e3o fornecidas de acordo com nosso melhor conhecimento e cren\u00e7a. Todas as medidas s\u00e3o aproximadas. O uso dos produtos oferecidos nesta loja \u00e9 por sua conta e risco. Cada pessoa reage de forma diferente a influ\u00eancias externas, prazer, dor, etc. Portanto, n\u00e3o nos responsabilizamos por uso indevido. Cada usu\u00e1rio assume total responsabilidade pelo uso e aplica\u00e7\u00e3o correta dos produtos e por quaisquer consequ\u00eancias imprevistas.<\/span><\/p>\n<\/blockquote>","protected":false},"excerpt":{"rendered":"<p>Prazo de entrega: 5 a 7 dias<\/p>","protected":false},"featured_media":15922,"template":"","meta":[],"product_brand":[],"product_cat":[223],"product_tag":[],"class_list":{"0":"post-15911","1":"product","2":"type-product","3":"status-publish","4":"has-post-thumbnail","6":"product_cat-zubehoer","8":"first","9":"instock","10":"taxable","11":"shipping-taxable","12":"purchasable","13":"product-type-variable"},"_links":{"self":[{"href":"https:\/\/bavarian-bondage.de\/pt\/wp-json\/wp\/v2\/product\/15911","targetHints":{"allow":["GET"]}}],"collection":[{"href":"https:\/\/bavarian-bondage.de\/pt\/wp-json\/wp\/v2\/product"}],"about":[{"href":"https:\/\/bavarian-bondage.de\/pt\/wp-json\/wp\/v2\/types\/product"}],"version-history":[{"count":3,"href":"https:\/\/bavarian-bondage.de\/pt\/wp-json\/wp\/v2\/product\/15911\/revisions"}],"predecessor-version":[{"id":15928,"href":"https:\/\/bavarian-bondage.de\/pt\/wp-json\/wp\/v2\/product\/15911\/revisions\/15928"}],"wp:featuredmedia":[{"embeddable":true,"href":"https:\/\/bavarian-bondage.de\/pt\/wp-json\/wp\/v2\/media\/15922"}],"wp:attachment":[{"href":"https:\/\/bavarian-bondage.de\/pt\/wp-json\/wp\/v2\/media?parent=15911"}],"wp:term":[{"taxonomy":"product_brand","embeddable":true,"href":"https:\/\/bavarian-bondage.de\/pt\/wp-json\/wp\/v2\/product_brand?post=15911"},{"taxonomy":"product_cat","embeddable":true,"href":"https:\/\/bavarian-bondage.de\/pt\/wp-json\/wp\/v2\/product_cat?post=15911"},{"taxonomy":"product_tag","embeddable":true,"href":"https:\/\/bavarian-bondage.de\/pt\/wp-json\/wp\/v2\/product_tag?post=15911"}],"curies":[{"name":"wp","href":"https:\/\/api.w.org\/{rel}","templated":true}]}}