{"id":15954,"date":"2025-11-17T11:02:58","date_gmt":"2025-11-17T10:02:58","guid":{"rendered":"https:\/\/bavarian-bondage.de\/?post_type=product&#038;p=15954"},"modified":"2026-01-04T19:37:11","modified_gmt":"2026-01-04T18:37:11","slug":"conjunto-exclusivo-de-corda-de-juta-padrao-5mm-3x8m","status":"publish","type":"product","link":"https:\/\/bavarian-bondage.de\/pt\/produkt\/juteseil-standard-5mm-exklusiv-set-3x8m\/","title":{"rendered":"Corda de juta padr\u00e3o 5mm Exclusiva; Conjunto 3x8m"},"content":{"rendered":"<h3 style=\"text-align: center\">Corda de juta de 5 mm EXCLUSIVA<\/h3>\n<p style=\"text-align: center\">Ideal para quem est\u00e1 come\u00e7ando na \u00e1rea de rigging ou para expandir um cen\u00e1rio j\u00e1 existente.<\/p>\n<p style=\"text-align: center\">A corda de juta \u00e9 firmemente torcida e inicialmente um pouco r\u00edgida e \u00e1spera, mas isso melhora gradualmente com o uso. Al\u00e9m disso, a corda recebe um acabamento com pequenos n\u00f3s nas extremidades. Esse processo de acabamento confere \u00e0 corda de juta uma bela cor caramelo. A corda \u00e9 feita de um \u00fanico fio e, portanto, \u00e9 uniforme e, normalmente, sem n\u00f3s em toda a sua extens\u00e3o.<\/p>\n<p><strong>\u00a0Detalhes:<\/strong><\/p>\n<p>Corda de juta 5mm EXCLUSIVA<br \/>\n3 eixos firmemente torcidos<br \/>\nCor de caramelo<br \/>\nn\u00f3s terminais pequenos<br \/>\nDimens\u00f5es: 3x8m<br \/>\n(O comprimento da corda pode variar em at\u00e9 3% em rela\u00e7\u00e3o ao comprimento indicado.)<\/p>\n<p>&nbsp;<\/p>\n<p><span style=\"color: #ff0000\"><strong>Um aviso:<\/strong><\/span><\/p>\n<p>Verifique regularmente se as cordas est\u00e3o desgastadas ou danificadas!<br \/>\nCom cordas torcidas ou dobradas, pode acontecer de elas se soltarem durante o uso!<br \/>\nN\u00e3o lave cordas de juta. O ideal \u00e9 limp\u00e1-las com um pano \u00famido.<\/p>\n<p>&nbsp;<\/p>\n<p><strong>Escopo da entrega:<\/strong> Corda de juta 3x8m 5mm EXCLUSIVA<\/p>\n<p>&nbsp;<\/p>\n<hr \/>\n<blockquote>\n<p style=\"text-align: center\"><span style=\"color: #333399\">As informa\u00e7\u00f5es sobre os produtos s\u00e3o fornecidas de acordo com nosso melhor conhecimento e cren\u00e7a. Todas as medidas s\u00e3o aproximadas. O uso dos produtos oferecidos nesta loja \u00e9 por sua conta e risco. Cada pessoa reage de forma diferente a influ\u00eancias externas, prazer, dor, etc. Portanto, n\u00e3o nos responsabilizamos por uso indevido. Cada usu\u00e1rio assume total responsabilidade pelo uso e aplica\u00e7\u00e3o correta dos produtos e por quaisquer consequ\u00eancias imprevistas.<\/span><\/p>\n<\/blockquote>","protected":false},"excerpt":{"rendered":"<p>Pre\u00e7o base: \u20ac 2,21\/m\u00b2<\/p>\n<p>Prazo de entrega: 5 a 7 dias*<\/p>","protected":false},"featured_media":15996,"template":"","meta":[],"product_brand":[],"product_cat":[560,216,222,294],"product_tag":[297,329,221,273],"class_list":{"0":"post-15954","1":"product","2":"type-product","3":"status-publish","4":"has-post-thumbnail","6":"product_cat-jute-standard-5mm","7":"product_cat-bondageseile","8":"product_cat-alle-produkte","9":"product_cat-juteseile","10":"product_tag-juteseil","11":"product_tag-bondageseile","12":"product_tag-seilset","13":"product_tag-5mm","15":"first","16":"instock","17":"taxable","18":"shipping-taxable","19":"purchasable","20":"product-type-simple"},"_links":{"self":[{"href":"https:\/\/bavarian-bondage.de\/pt\/wp-json\/wp\/v2\/product\/15954","targetHints":{"allow":["GET"]}}],"collection":[{"href":"https:\/\/bavarian-bondage.de\/pt\/wp-json\/wp\/v2\/product"}],"about":[{"href":"https:\/\/bavarian-bondage.de\/pt\/wp-json\/wp\/v2\/types\/product"}],"version-history":[{"count":3,"href":"https:\/\/bavarian-bondage.de\/pt\/wp-json\/wp\/v2\/product\/15954\/revisions"}],"predecessor-version":[{"id":15993,"href":"https:\/\/bavarian-bondage.de\/pt\/wp-json\/wp\/v2\/product\/15954\/revisions\/15993"}],"wp:featuredmedia":[{"embeddable":true,"href":"https:\/\/bavarian-bondage.de\/pt\/wp-json\/wp\/v2\/media\/15996"}],"wp:attachment":[{"href":"https:\/\/bavarian-bondage.de\/pt\/wp-json\/wp\/v2\/media?parent=15954"}],"wp:term":[{"taxonomy":"product_brand","embeddable":true,"href":"https:\/\/bavarian-bondage.de\/pt\/wp-json\/wp\/v2\/product_brand?post=15954"},{"taxonomy":"product_cat","embeddable":true,"href":"https:\/\/bavarian-bondage.de\/pt\/wp-json\/wp\/v2\/product_cat?post=15954"},{"taxonomy":"product_tag","embeddable":true,"href":"https:\/\/bavarian-bondage.de\/pt\/wp-json\/wp\/v2\/product_tag?post=15954"}],"curies":[{"name":"wp","href":"https:\/\/api.w.org\/{rel}","templated":true}]}}