{"id":15965,"date":"2025-11-17T11:07:39","date_gmt":"2025-11-17T10:07:39","guid":{"rendered":"https:\/\/bavarian-bondage.de\/?post_type=product&#038;p=15965"},"modified":"2025-11-17T15:31:20","modified_gmt":"2025-11-17T14:31:20","slug":"conjunto-classico-de-corda-de-juta-padrao-5mm-7x8-e-2x4m","status":"publish","type":"product","link":"https:\/\/bavarian-bondage.de\/pt\/produkt\/juteseil-standard-5mm-klassik-set-7x8-und-2x4m\/","title":{"rendered":"Corda de juta cl\u00e1ssica padr\u00e3o de 5 mm; conjunto de 7x8 m e 2x4 m"},"content":{"rendered":"<h3 style=\"text-align: center\">Corda de juta cl\u00e1ssica de 5 mm!<\/h3>\n<p style=\"text-align: center\">Conjunto completo para iniciantes e profissionais. As sete cordas longas s\u00e3o geralmente suficientes para todas as t\u00e9cnicas de bondage. O conjunto \u00e9 complementado por duas cordas de quatro metros, que s\u00e3o vers\u00e1teis em seu uso!<\/p>\n<p style=\"text-align: center\">\u00a0Inicialmente, a corda \u00e9 um pouco r\u00edgida devido \u00e0 tor\u00e7\u00e3o apertada e s\u00f3 se torna mais flex\u00edvel ap\u00f3s alguns usos. A corda de juta praticamente n\u00e3o tem odor; apresenta um aroma muito suave do \u00f3leo de tratamento utilizado. As extremidades da corda s\u00e3o finalizadas com um n\u00f3 simples. A cor caramelo, resultante do tratamento com chama, confere \u00e0 corda uma bela apar\u00eancia. A corda \u00e9 feita de um \u00fanico fio, o que a torna uniforme e sem n\u00f3s em toda a sua extens\u00e3o.<\/p>\n<p style=\"text-align: left\"><strong>Detalhes:<\/strong><\/p>\n<p style=\"text-align: left\">Corda de juta 5mm CL\u00c1SSICA<br \/>\n3 eixos firmemente torcidos<br \/>\nCor de caramelo<br \/>\nN\u00f3s simples normais<br \/>\nDimens\u00f5es: 7x8m \/ 2x4m<br \/>\n(O comprimento da corda pode variar em at\u00e9 3% em rela\u00e7\u00e3o ao comprimento indicado.)<\/p>\n<p>&nbsp;<\/p>\n<p style=\"text-align: left\"><span style=\"color: #ff0000\"><strong>Um aviso:<\/strong><\/span><\/p>\n<p style=\"text-align: left\">Verifique regularmente se as cordas est\u00e3o desgastadas ou danificadas!<br \/>\nCom cordas torcidas ou dobradas, pode acontecer de elas se soltarem durante o uso!<br \/>\nN\u00e3o lave cordas de juta. O ideal \u00e9 limp\u00e1-las com um pano \u00famido.<\/p>\n<p>&nbsp;<\/p>\n<p style=\"text-align: left\"><strong>Escopo da entrega:<\/strong> Corda de juta 7x8m \/ 2x4m 5mm CL\u00c1SSICA<\/p>\n<p>&nbsp;<\/p>\n<blockquote>\n<hr \/>\n<p style=\"text-align: center\"><span style=\"color: #333399\">As informa\u00e7\u00f5es sobre os produtos s\u00e3o fornecidas de acordo com nosso melhor conhecimento e cren\u00e7a. Todas as medidas s\u00e3o aproximadas. O uso dos produtos oferecidos nesta loja \u00e9 por sua conta e risco. Cada pessoa reage de forma diferente a influ\u00eancias externas, prazer, dor, etc. Portanto, n\u00e3o nos responsabilizamos por uso indevido. Cada usu\u00e1rio assume total responsabilidade pelo uso e aplica\u00e7\u00e3o correta dos produtos e por quaisquer consequ\u00eancias imprevistas.<\/span><\/p>\n<\/blockquote>","protected":false},"excerpt":{"rendered":"<p>Pre\u00e7o base: \u20ac 1,67\/m\u00b2<\/p>\n<p>Prazo de entrega: 5 a 7 dias*<\/p>","protected":false},"featured_media":16029,"template":"","meta":[],"product_brand":[],"product_cat":[560,216,222,294],"product_tag":[261,273,289,297,348],"class_list":{"0":"post-15965","1":"product","2":"type-product","3":"status-publish","4":"has-post-thumbnail","6":"product_cat-jute-standard-5mm","7":"product_cat-bondageseile","8":"product_cat-alle-produkte","9":"product_cat-juteseile","10":"product_tag-bondageseil","11":"product_tag-5mm","12":"product_tag-natur","13":"product_tag-juteseil","14":"product_tag-fest-gedreht","16":"first","17":"instock","18":"taxable","19":"shipping-taxable","20":"purchasable","21":"product-type-simple"},"_links":{"self":[{"href":"https:\/\/bavarian-bondage.de\/pt\/wp-json\/wp\/v2\/product\/15965","targetHints":{"allow":["GET"]}}],"collection":[{"href":"https:\/\/bavarian-bondage.de\/pt\/wp-json\/wp\/v2\/product"}],"about":[{"href":"https:\/\/bavarian-bondage.de\/pt\/wp-json\/wp\/v2\/types\/product"}],"version-history":[{"count":3,"href":"https:\/\/bavarian-bondage.de\/pt\/wp-json\/wp\/v2\/product\/15965\/revisions"}],"predecessor-version":[{"id":15990,"href":"https:\/\/bavarian-bondage.de\/pt\/wp-json\/wp\/v2\/product\/15965\/revisions\/15990"}],"wp:featuredmedia":[{"embeddable":true,"href":"https:\/\/bavarian-bondage.de\/pt\/wp-json\/wp\/v2\/media\/16029"}],"wp:attachment":[{"href":"https:\/\/bavarian-bondage.de\/pt\/wp-json\/wp\/v2\/media?parent=15965"}],"wp:term":[{"taxonomy":"product_brand","embeddable":true,"href":"https:\/\/bavarian-bondage.de\/pt\/wp-json\/wp\/v2\/product_brand?post=15965"},{"taxonomy":"product_cat","embeddable":true,"href":"https:\/\/bavarian-bondage.de\/pt\/wp-json\/wp\/v2\/product_cat?post=15965"},{"taxonomy":"product_tag","embeddable":true,"href":"https:\/\/bavarian-bondage.de\/pt\/wp-json\/wp\/v2\/product_tag?post=15965"}],"curies":[{"name":"wp","href":"https:\/\/api.w.org\/{rel}","templated":true}]}}