{"id":15969,"date":"2025-11-17T11:07:46","date_gmt":"2025-11-17T10:07:46","guid":{"rendered":"https:\/\/bavarian-bondage.de\/?post_type=product&#038;p=15969"},"modified":"2026-03-25T23:14:38","modified_gmt":"2026-03-25T22:14:38","slug":"corda-de-juta-padrao-5mm-classica-corda-simples-de-8m","status":"publish","type":"product","link":"https:\/\/bavarian-bondage.de\/pt\/produkt\/juteseil-standard-5mm-klassik-einzelseil-8m\/","title":{"rendered":"Corda de juta padr\u00e3o de 5 mm, estilo cl\u00e1ssico; corda \u00fanica de 8 m"},"content":{"rendered":"<h3 style=\"text-align: center\">A corda de juta CLASSIC de 5 mm<\/h3>\n<p style=\"text-align: center\">Substituir uma corda, ampliar o conjunto ou simplesmente verificar a qualidade.<\/p>\n<p style=\"text-align: center\">Devido \u00e0 tor\u00e7\u00e3o acentuada, a corda \u00e9 inicialmente um pouco r\u00edgida e \u00e1spera. A corda de juta praticamente n\u00e3o tem odor pr\u00f3prio; apresenta apenas um leve aroma do \u00f3leo de tratamento utilizado. As extremidades da corda s\u00e3o finalizadas com um n\u00f3 simples. A cor caramelo, resultante do tratamento com chama, confere \u00e0 corda uma bela apar\u00eancia. A corda \u00e9 feita de um \u00fanico fio, o que a torna uniforme e sem n\u00f3s em toda a sua extens\u00e3o.<\/p>\n<p><strong>Detalhes:<\/strong><\/p>\n<p>Corda de juta 5mm CL\u00c1SSICA<br \/>\n3 eixos firmemente torcidos<br \/>\nCor de caramelo<br \/>\nN\u00f3s simples normais<br \/>\nComprimento: 1 x 8 m<br \/>\n(O comprimento da corda pode variar em at\u00e9 3% em rela\u00e7\u00e3o ao comprimento indicado.)<\/p>\n<p>&nbsp;<\/p>\n<p><strong><span style=\"color: #ff0000\">Um aviso:<\/span><\/strong><\/p>\n<p>Verifique regularmente se as cordas est\u00e3o desgastadas ou danificadas!<br \/>\nCom cordas torcidas ou dobradas, pode acontecer de elas se soltarem durante o uso!<br \/>\nN\u00e3o lave cordas de juta. O ideal \u00e9 limp\u00e1-las com um pano \u00famido.<\/p>\n<p><span style=\"color: #000000\"><strong>Escopo da entrega:<\/strong><\/span> Corda de juta 1x8m 5mm CL\u00c1SSICA<\/p>\n<p>&nbsp;<\/p>\n<hr \/>\n<blockquote>\n<p style=\"text-align: center\"><span style=\"color: #333399\">As informa\u00e7\u00f5es sobre os produtos s\u00e3o fornecidas de acordo com nosso melhor conhecimento e cren\u00e7a. Todas as medidas s\u00e3o aproximadas. O uso dos produtos oferecidos nesta loja \u00e9 por sua conta e risco. Cada pessoa reage de forma diferente a influ\u00eancias externas, prazer, dor, etc. Portanto, n\u00e3o nos responsabilizamos por uso indevido. Cada usu\u00e1rio assume total responsabilidade pelo uso e aplica\u00e7\u00e3o correta dos produtos e por quaisquer consequ\u00eancias imprevistas.<\/span><\/p>\n<\/blockquote>","protected":false},"excerpt":{"rendered":"<p>Pre\u00e7o base: \u20ac 2,00\/m<\/p>\n<p>Prazo de entrega: 5 a 7 dias*<\/p>","protected":false},"featured_media":16028,"template":"","meta":[],"product_brand":[],"product_cat":[560,216,222,294],"product_tag":[221,261,297],"class_list":{"0":"post-15969","1":"product","2":"type-product","3":"status-publish","4":"has-post-thumbnail","6":"product_cat-jute-standard-5mm","7":"product_cat-bondageseile","8":"product_cat-alle-produkte","9":"product_cat-juteseile","10":"product_tag-seilset","11":"product_tag-bondageseil","12":"product_tag-juteseil","14":"first","15":"instock","16":"taxable","17":"shipping-taxable","18":"purchasable","19":"product-type-simple"},"_links":{"self":[{"href":"https:\/\/bavarian-bondage.de\/pt\/wp-json\/wp\/v2\/product\/15969","targetHints":{"allow":["GET"]}}],"collection":[{"href":"https:\/\/bavarian-bondage.de\/pt\/wp-json\/wp\/v2\/product"}],"about":[{"href":"https:\/\/bavarian-bondage.de\/pt\/wp-json\/wp\/v2\/types\/product"}],"version-history":[{"count":4,"href":"https:\/\/bavarian-bondage.de\/pt\/wp-json\/wp\/v2\/product\/15969\/revisions"}],"predecessor-version":[{"id":16515,"href":"https:\/\/bavarian-bondage.de\/pt\/wp-json\/wp\/v2\/product\/15969\/revisions\/16515"}],"wp:featuredmedia":[{"embeddable":true,"href":"https:\/\/bavarian-bondage.de\/pt\/wp-json\/wp\/v2\/media\/16028"}],"wp:attachment":[{"href":"https:\/\/bavarian-bondage.de\/pt\/wp-json\/wp\/v2\/media?parent=15969"}],"wp:term":[{"taxonomy":"product_brand","embeddable":true,"href":"https:\/\/bavarian-bondage.de\/pt\/wp-json\/wp\/v2\/product_brand?post=15969"},{"taxonomy":"product_cat","embeddable":true,"href":"https:\/\/bavarian-bondage.de\/pt\/wp-json\/wp\/v2\/product_cat?post=15969"},{"taxonomy":"product_tag","embeddable":true,"href":"https:\/\/bavarian-bondage.de\/pt\/wp-json\/wp\/v2\/product_tag?post=15969"}],"curies":[{"name":"wp","href":"https:\/\/api.w.org\/{rel}","templated":true}]}}