{"id":16039,"date":"2025-11-17T15:38:20","date_gmt":"2025-11-17T14:38:20","guid":{"rendered":"https:\/\/bavarian-bondage.de\/?post_type=product&#038;p=16039"},"modified":"2025-11-18T16:53:30","modified_gmt":"2025-11-18T15:53:30","slug":"juta-macia-6mm-conjunto-exclusivo-7x8m-e-2x4m","status":"publish","type":"product","link":"https:\/\/bavarian-bondage.de\/pt\/produkt\/jute-soft-6mm-exklusiv-set-7x8m-und-2x4m\/","title":{"rendered":"Juta macia 6mm EXCLUSIVA; Conjunto de 7x8m e 2x4m"},"content":{"rendered":"<h3 style=\"text-align: center\">Juta macia 6mm EXCLUSIVA<\/h3>\n<p style=\"text-align: center\">Conjunto completo para iniciantes e profissionais. As sete cordas longas s\u00e3o geralmente suficientes para todas as t\u00e9cnicas de bondage. O conjunto \u00e9 complementado por duas cordas de quatro metros, que s\u00e3o vers\u00e1teis em seu uso!<\/p>\n<p style=\"text-align: center\">Nossa corda de juta macia impressiona com sua bela cor dourada e toque incrivelmente suave na pele. A curvatura em S bem solta permite que a corda seja guiada praticamente sem resist\u00eancia, possibilitando amarra\u00e7\u00f5es r\u00e1pidas e f\u00e1ceis.<\/p>\n<p style=\"text-align: center\">Mesmo durante o processo de fabrica\u00e7\u00e3o das cordas, utiliza-se fio da mais alta qualidade, o que beneficia muito o uso posterior das cordas. Em seguida, as cordas s\u00e3o cuidadosamente processadas e finalizadas \u00e0 m\u00e3o.<\/p>\n<p style=\"text-align: center\">As extremidades s\u00e3o finalizadas com pequenos n\u00f3s trisken.<\/p>\n<p style=\"text-align: center\"><strong>Como as cordas s\u00e3o enroladas de forma muito frouxa e \u00e9 f\u00e1cil prender os dedos entre os fios, recomendamos este produto apenas para usu\u00e1rios com alguma experi\u00eancia! Se voc\u00ea n\u00e3o tiver certeza, recomendamos encomendar uma corda de teste primeiro.<\/strong><\/p>\n<p style=\"text-align: center\"><span style=\"color: #ff0000\"><strong>Essas cordas n\u00e3o devem ser usadas para i\u00e7amento (cordas de transporte) porque sua resist\u00eancia \u00e0 ruptura \u00e9 menor do que a de nossas outras cordas de juta!<\/strong><\/span><\/p>\n<p>&nbsp;<\/p>\n<p><strong>Detalhes:<\/strong><\/p>\n<p>Juta macia 6mm EXCLUSIVA<br \/>\ntorcido de 3 eixos<br \/>\nTom dourado claro<br \/>\nn\u00f3s terminais pequenos<br \/>\nDimens\u00f5es: 7x8m e 2x4m<br \/>\n(O comprimento da corda pode variar em at\u00e9 3% em rela\u00e7\u00e3o ao comprimento indicado.)<\/p>\n<p>&nbsp;<\/p>\n<p><span style=\"color: #ff0000\"><strong>Um aviso:<\/strong><\/span><\/p>\n<p>Verifique regularmente se as cordas est\u00e3o desgastadas ou danificadas!<br \/>\nCom cordas torcidas ou dobradas, pode acontecer de elas se soltarem durante o uso!<br \/>\nN\u00e3o lave cordas de juta. O ideal \u00e9 limp\u00e1-las com um pano \u00famido.<\/p>\n<p>&nbsp;<\/p>\n<p><strong>Escopo da entrega:<\/strong> Juta macia EXCLUSIVA 7x8m e 2x4m<\/p>\n<p>&nbsp;<\/p>\n<p>&nbsp;<\/p>\n<hr \/>\n<blockquote>\n<p style=\"text-align: center\"><span style=\"color: #333399\">As informa\u00e7\u00f5es sobre os produtos s\u00e3o fornecidas de acordo com nosso melhor conhecimento e cren\u00e7a. Todas as medidas s\u00e3o aproximadas. O uso dos produtos oferecidos nesta loja \u00e9 por sua conta e risco. Cada pessoa reage de forma diferente a influ\u00eancias externas, prazer, dor, etc. Portanto, n\u00e3o nos responsabilizamos por uso indevido. Cada usu\u00e1rio assume total responsabilidade pelo uso e aplica\u00e7\u00e3o correta dos produtos e por quaisquer consequ\u00eancias imprevistas.<\/span>.<\/p>\n<\/blockquote>","protected":false},"excerpt":{"rendered":"<p>Pre\u00e7o base: \u20ac 2,70\/m<\/p>\n<p>Prazo de entrega: 5 a 7 dias*<\/p>","protected":false},"featured_media":16117,"template":"","meta":[],"product_brand":[],"product_cat":[294,561,216,222],"product_tag":[296,297,221],"class_list":{"0":"post-16039","1":"product","2":"type-product","3":"status-publish","4":"has-post-thumbnail","6":"product_cat-juteseile","7":"product_cat-jute-soft-6mm-exklusiv","8":"product_cat-bondageseile","9":"product_cat-alle-produkte","10":"product_tag-high-class-jute","11":"product_tag-juteseil","12":"product_tag-seilset","14":"first","15":"instock","16":"taxable","17":"shipping-taxable","18":"purchasable","19":"product-type-simple"},"_links":{"self":[{"href":"https:\/\/bavarian-bondage.de\/pt\/wp-json\/wp\/v2\/product\/16039","targetHints":{"allow":["GET"]}}],"collection":[{"href":"https:\/\/bavarian-bondage.de\/pt\/wp-json\/wp\/v2\/product"}],"about":[{"href":"https:\/\/bavarian-bondage.de\/pt\/wp-json\/wp\/v2\/types\/product"}],"version-history":[{"count":4,"href":"https:\/\/bavarian-bondage.de\/pt\/wp-json\/wp\/v2\/product\/16039\/revisions"}],"predecessor-version":[{"id":16175,"href":"https:\/\/bavarian-bondage.de\/pt\/wp-json\/wp\/v2\/product\/16039\/revisions\/16175"}],"wp:featuredmedia":[{"embeddable":true,"href":"https:\/\/bavarian-bondage.de\/pt\/wp-json\/wp\/v2\/media\/16117"}],"wp:attachment":[{"href":"https:\/\/bavarian-bondage.de\/pt\/wp-json\/wp\/v2\/media?parent=16039"}],"wp:term":[{"taxonomy":"product_brand","embeddable":true,"href":"https:\/\/bavarian-bondage.de\/pt\/wp-json\/wp\/v2\/product_brand?post=16039"},{"taxonomy":"product_cat","embeddable":true,"href":"https:\/\/bavarian-bondage.de\/pt\/wp-json\/wp\/v2\/product_cat?post=16039"},{"taxonomy":"product_tag","embeddable":true,"href":"https:\/\/bavarian-bondage.de\/pt\/wp-json\/wp\/v2\/product_tag?post=16039"}],"curies":[{"name":"wp","href":"https:\/\/api.w.org\/{rel}","templated":true}]}}