{"id":2914,"date":"2020-10-17T12:56:19","date_gmt":"2020-10-17T10:56:19","guid":{"rendered":"https:\/\/bavarian-bondage.tivendo.com\/produkt\/import-placeholder-for-297\/"},"modified":"2026-04-11T23:55:58","modified_gmt":"2026-04-11T21:55:58","slug":"mosquetao-de-aluminio","status":"publish","type":"product","link":"https:\/\/bavarian-bondage.de\/pt\/produkt\/aluminium-karabiner\/","title":{"rendered":"Mosquet\u00e3o de alum\u00ednio"},"content":{"rendered":"<h3 style=\"text-align: center\">Mosquet\u00e3o de alum\u00ednio<\/h3>\n<p style=\"text-align: center\">O mosquet\u00e3o de alum\u00ednio \u00e9 normalmente usado em escalada. \u00c9 um mosquet\u00e3o de seguran\u00e7a que s\u00f3 pode ser aberto ap\u00f3s um giro de 90\u00b0 da roda. O mecanismo \u00e9 muito bem feito, permitindo girar e abrir facilmente com uma s\u00f3 m\u00e3o.<\/p>\n<p style=\"text-align: center\">Ideal para fixar um anel, seja diretamente no anel ou nas pr\u00f3prias cordas. N\u00e3o possui bordas afiadas ou angulares que possam danificar a corda.<\/p>\n<p>&nbsp;<\/p>\n<h3 style=\"text-align: center\"><\/h3>\n<p><strong>Detalhes:<\/strong><\/p>\n<p>Material: Alum\u00ednio<br \/>\nTamanho: C 11 cm \/ L 6 cm<br \/>\nAbertura: 2,6 cm<br \/>\nCapacidade de carga: fechado 25 kN<br \/>\nPeso: 80g<br \/>\nCor: selecion\u00e1vel<br \/>\nEN362:2004<\/p>\n<p>&nbsp;<\/p>\n<p><strong>Escopo da entrega:<\/strong> 1 Mosquet\u00e3o de alum\u00ednio, preto ou vermelho<\/p>\n<p>&nbsp;<\/p>\n<hr \/>\n<blockquote>\n<p style=\"text-align: center\"><span style=\"color: #333399\">As informa\u00e7\u00f5es sobre os produtos s\u00e3o fornecidas de acordo com nosso melhor conhecimento e cren\u00e7a. Todas as medidas s\u00e3o aproximadas. O uso dos produtos oferecidos nesta loja \u00e9 por sua conta e risco. Cada pessoa reage de forma diferente a influ\u00eancias externas, prazer, dor, etc. Portanto, n\u00e3o nos responsabilizamos por uso indevido. Cada usu\u00e1rio assume total responsabilidade pelo uso e aplica\u00e7\u00e3o correta dos produtos e por quaisquer consequ\u00eancias imprevistas decorrentes disso.<\/span><\/p>\n<\/blockquote>","protected":false},"excerpt":{"rendered":"<p>Prazo de entrega: 5 a 7 dias*<\/p>","protected":false},"featured_media":14050,"template":"","meta":[],"product_brand":[],"product_cat":[222,223],"product_tag":[],"class_list":{"0":"post-2914","1":"product","2":"type-product","3":"status-publish","4":"has-post-thumbnail","6":"product_cat-alle-produkte","7":"product_cat-zubehoer","9":"first","10":"instock","11":"taxable","12":"shipping-taxable","13":"purchasable","14":"product-type-variable"},"_links":{"self":[{"href":"https:\/\/bavarian-bondage.de\/pt\/wp-json\/wp\/v2\/product\/2914","targetHints":{"allow":["GET"]}}],"collection":[{"href":"https:\/\/bavarian-bondage.de\/pt\/wp-json\/wp\/v2\/product"}],"about":[{"href":"https:\/\/bavarian-bondage.de\/pt\/wp-json\/wp\/v2\/types\/product"}],"version-history":[{"count":5,"href":"https:\/\/bavarian-bondage.de\/pt\/wp-json\/wp\/v2\/product\/2914\/revisions"}],"predecessor-version":[{"id":14166,"href":"https:\/\/bavarian-bondage.de\/pt\/wp-json\/wp\/v2\/product\/2914\/revisions\/14166"}],"wp:featuredmedia":[{"embeddable":true,"href":"https:\/\/bavarian-bondage.de\/pt\/wp-json\/wp\/v2\/media\/14050"}],"wp:attachment":[{"href":"https:\/\/bavarian-bondage.de\/pt\/wp-json\/wp\/v2\/media?parent=2914"}],"wp:term":[{"taxonomy":"product_brand","embeddable":true,"href":"https:\/\/bavarian-bondage.de\/pt\/wp-json\/wp\/v2\/product_brand?post=2914"},{"taxonomy":"product_cat","embeddable":true,"href":"https:\/\/bavarian-bondage.de\/pt\/wp-json\/wp\/v2\/product_cat?post=2914"},{"taxonomy":"product_tag","embeddable":true,"href":"https:\/\/bavarian-bondage.de\/pt\/wp-json\/wp\/v2\/product_tag?post=2914"}],"curies":[{"name":"wp","href":"https:\/\/api.w.org\/{rel}","templated":true}]}}