{"id":2915,"date":"2020-10-17T12:56:19","date_gmt":"2020-10-17T10:56:19","guid":{"rendered":"https:\/\/bavarian-bondage.tivendo.com\/produkt\/import-placeholder-for-299\/"},"modified":"2026-03-04T06:03:40","modified_gmt":"2026-03-04T05:03:40","slug":"gancho-anal","status":"publish","type":"product","link":"https:\/\/bavarian-bondage.de\/pt\/produkt\/anal-hook\/","title":{"rendered":"Gancho anal"},"content":{"rendered":"<h3 style=\"text-align: center\">Gancho anal<\/h3>\n<p style=\"text-align: center\">Gancho anal de alta qualidade e com belo acabamento, com duas bolas intercambi\u00e1veis de a\u00e7o inoxid\u00e1vel e um ilh\u00f3 de 40 mm para fixa\u00e7\u00e3o de cordas ou itens similares. As duas bolas, com 30 mm e 40 mm de di\u00e2metro, s\u00e3o ideais para iniciantes. As bolas s\u00e3o rosqueadas no gancho utilizando uma rosca M8.<\/p>\n<p><strong>Detalhes:<\/strong><\/p>\n<p>Material: Metal, a\u00e7o inoxid\u00e1vel<br \/>\nPeso: 130g, Bolas 110g \/ 250g<br \/>\nTamanhos das bolas: 30 mm e 40 mm<br \/>\nEspessura do material do gancho: 12 mm<br \/>\nComprimento total: 260 mm<\/p>\n<p>&nbsp;<\/p>\n<p><strong>Escopo da entrega:<\/strong> 1 Anal \u2013 Gancho com bola intercambi\u00e1vel 30mm \/ 40mm<\/p>\n<p>&nbsp;<\/p>\n<hr \/>\n<blockquote>\n<p style=\"text-align: center\"><span style=\"color: #333399\">As informa\u00e7\u00f5es sobre os produtos s\u00e3o fornecidas de acordo com nosso melhor conhecimento e cren\u00e7a. Todas as medidas s\u00e3o aproximadas. O uso dos produtos oferecidos nesta loja \u00e9 por sua conta e risco. Cada pessoa reage de forma diferente a influ\u00eancias externas, prazer, dor, etc. Portanto, n\u00e3o nos responsabilizamos por uso indevido. Cada usu\u00e1rio assume total responsabilidade pelo uso e aplica\u00e7\u00e3o correta dos produtos e por quaisquer consequ\u00eancias imprevistas.<\/span><\/p>\n<\/blockquote>","protected":false},"excerpt":{"rendered":"<p>Prazo de entrega: 5 a 7 dias*<\/p>","protected":false},"featured_media":8599,"template":"","meta":[],"product_brand":[],"product_cat":[223,224],"product_tag":[225,226,227,228],"class_list":{"0":"post-2915","1":"product","2":"type-product","3":"status-publish","4":"has-post-thumbnail","6":"product_cat-zubehoer","7":"product_cat-lustschmerz","8":"product_tag-anal","9":"product_tag-analhook","10":"product_tag-bondage","11":"product_tag-bondagehacken","13":"first","14":"instock","15":"taxable","16":"shipping-taxable","17":"purchasable","18":"product-type-simple"},"_links":{"self":[{"href":"https:\/\/bavarian-bondage.de\/pt\/wp-json\/wp\/v2\/product\/2915","targetHints":{"allow":["GET"]}}],"collection":[{"href":"https:\/\/bavarian-bondage.de\/pt\/wp-json\/wp\/v2\/product"}],"about":[{"href":"https:\/\/bavarian-bondage.de\/pt\/wp-json\/wp\/v2\/types\/product"}],"version-history":[{"count":1,"href":"https:\/\/bavarian-bondage.de\/pt\/wp-json\/wp\/v2\/product\/2915\/revisions"}],"predecessor-version":[{"id":5035,"href":"https:\/\/bavarian-bondage.de\/pt\/wp-json\/wp\/v2\/product\/2915\/revisions\/5035"}],"wp:featuredmedia":[{"embeddable":true,"href":"https:\/\/bavarian-bondage.de\/pt\/wp-json\/wp\/v2\/media\/8599"}],"wp:attachment":[{"href":"https:\/\/bavarian-bondage.de\/pt\/wp-json\/wp\/v2\/media?parent=2915"}],"wp:term":[{"taxonomy":"product_brand","embeddable":true,"href":"https:\/\/bavarian-bondage.de\/pt\/wp-json\/wp\/v2\/product_brand?post=2915"},{"taxonomy":"product_cat","embeddable":true,"href":"https:\/\/bavarian-bondage.de\/pt\/wp-json\/wp\/v2\/product_cat?post=2915"},{"taxonomy":"product_tag","embeddable":true,"href":"https:\/\/bavarian-bondage.de\/pt\/wp-json\/wp\/v2\/product_tag?post=2915"}],"curies":[{"name":"wp","href":"https:\/\/api.w.org\/{rel}","templated":true}]}}