{"id":2916,"date":"2020-10-17T12:56:20","date_gmt":"2020-10-17T10:56:20","guid":{"rendered":"https:\/\/bavarian-bondage.tivendo.com\/produkt\/import-placeholder-for-304\/"},"modified":"2026-01-15T22:22:02","modified_gmt":"2026-01-15T21:22:02","slug":"mordaca-de-bola","status":"publish","type":"product","link":"https:\/\/bavarian-bondage.de\/pt\/produkt\/ballknebel-ballgag\/","title":{"rendered":"morda\u00e7a de bola"},"content":{"rendered":"<h3 style=\"text-align: center\">morda\u00e7a de bola<\/h3>\n<p style=\"text-align: center\">Esta morda\u00e7a cl\u00e1ssica, de alt\u00edssima qualidade, impressiona pelo seu ajuste confort\u00e1vel. A bola de 40 mm \u00e9 feita de silicone inodoro e ins\u00edpido. A tira de couro genu\u00edno tem 26 mm de largura e \u00e9 muito flex\u00edvel.<\/p>\n<p><strong>Detalhes:<\/strong><\/p>\n<p>Material: Couro, silicone<br \/>\nComprimento: 66 cm<br \/>\nDi\u00e2metro da bola: 4 cm<br \/>\nCor: Preto<\/p>\n<p>&nbsp;<\/p>\n<p><strong>Escopo da entrega:<\/strong> 1 morda\u00e7a de bola<\/p>\n<p>&nbsp;<\/p>\n<hr \/>\n<blockquote>\n<p style=\"text-align: center\"><span style=\"color: #333399\">As informa\u00e7\u00f5es sobre os produtos s\u00e3o fornecidas de acordo com nosso melhor conhecimento e cren\u00e7a. Todas as medidas s\u00e3o aproximadas. O uso dos produtos oferecidos nesta loja \u00e9 por sua conta e risco. Cada pessoa reage de forma diferente a influ\u00eancias externas, prazer, dor, etc. Portanto, n\u00e3o nos responsabilizamos por uso indevido. Cada usu\u00e1rio assume total responsabilidade pelo uso e aplica\u00e7\u00e3o correta dos produtos e por quaisquer consequ\u00eancias imprevistas.<\/span><\/p>\n<\/blockquote>","protected":false},"excerpt":{"rendered":"<p>Prazo de entrega: 5 a 7 dias*<\/p>","protected":false},"featured_media":8604,"template":"","meta":[],"product_brand":[],"product_cat":[229],"product_tag":[231,232,230],"class_list":{"0":"post-2916","1":"product","2":"type-product","3":"status-publish","4":"has-post-thumbnail","6":"product_cat-knebel","7":"product_tag-gummi","8":"product_tag-knebel","9":"product_tag-ballknebel","11":"first","12":"instock","13":"taxable","14":"shipping-taxable","15":"purchasable","16":"product-type-simple"},"_links":{"self":[{"href":"https:\/\/bavarian-bondage.de\/pt\/wp-json\/wp\/v2\/product\/2916","targetHints":{"allow":["GET"]}}],"collection":[{"href":"https:\/\/bavarian-bondage.de\/pt\/wp-json\/wp\/v2\/product"}],"about":[{"href":"https:\/\/bavarian-bondage.de\/pt\/wp-json\/wp\/v2\/types\/product"}],"version-history":[{"count":1,"href":"https:\/\/bavarian-bondage.de\/pt\/wp-json\/wp\/v2\/product\/2916\/revisions"}],"predecessor-version":[{"id":4218,"href":"https:\/\/bavarian-bondage.de\/pt\/wp-json\/wp\/v2\/product\/2916\/revisions\/4218"}],"wp:featuredmedia":[{"embeddable":true,"href":"https:\/\/bavarian-bondage.de\/pt\/wp-json\/wp\/v2\/media\/8604"}],"wp:attachment":[{"href":"https:\/\/bavarian-bondage.de\/pt\/wp-json\/wp\/v2\/media?parent=2916"}],"wp:term":[{"taxonomy":"product_brand","embeddable":true,"href":"https:\/\/bavarian-bondage.de\/pt\/wp-json\/wp\/v2\/product_brand?post=2916"},{"taxonomy":"product_cat","embeddable":true,"href":"https:\/\/bavarian-bondage.de\/pt\/wp-json\/wp\/v2\/product_cat?post=2916"},{"taxonomy":"product_tag","embeddable":true,"href":"https:\/\/bavarian-bondage.de\/pt\/wp-json\/wp\/v2\/product_tag?post=2916"}],"curies":[{"name":"wp","href":"https:\/\/api.w.org\/{rel}","templated":true}]}}