{"id":2918,"date":"2020-10-17T12:58:20","date_gmt":"2020-10-17T10:58:20","guid":{"rendered":"https:\/\/bavarian-bondage.tivendo.com\/produkt\/import-placeholder-for-313\/"},"modified":"2026-03-02T18:24:32","modified_gmt":"2026-03-02T17:24:32","slug":"mordaca-vermelha","status":"publish","type":"product","link":"https:\/\/bavarian-bondage.de\/pt\/produkt\/beissknebel-rot\/","title":{"rendered":"morda\u00e7a vermelha"},"content":{"rendered":"<h3 style=\"text-align: center\">morda\u00e7a vermelha<\/h3>\n<p style=\"text-align: center\">Provavelmente a forma mais confort\u00e1vel de ser amorda\u00e7ado. A resistente almofada de couro vermelho \u00e9 preenchida com espuma e, como o nome sugere, foi projetada para ser mastigada. A morda\u00e7a em si \u00e9 feita inteiramente de couro napa macio e pode ser ajustada com precis\u00e3o \u00e0 circunfer\u00eancia da cabe\u00e7a por meio de v\u00e1rios ilh\u00f3s.<\/p>\n<p>&nbsp;<\/p>\n<p><strong>Detalhes:<\/strong><\/p>\n<p>Material: Couro napa, metal, espuma<br \/>\nCor: Preto, Vermelho<br \/>\nComprimento: 62 cm<br \/>\nComprimento da almofada: 10 cm<\/p>\n<p>&nbsp;<\/p>\n<p><strong>Escopo da entrega:<\/strong> 1 morda\u00e7a vermelha<\/p>\n<p>&nbsp;<\/p>\n<hr \/>\n<blockquote>\n<p style=\"text-align: center\"><span style=\"color: #333399\">As informa\u00e7\u00f5es sobre os produtos s\u00e3o fornecidas de acordo com nosso melhor conhecimento e cren\u00e7a. Todas as medidas s\u00e3o aproximadas. O uso dos produtos oferecidos nesta loja \u00e9 por sua conta e risco. Cada pessoa reage de forma diferente a influ\u00eancias externas, prazer, dor, etc. Portanto, n\u00e3o nos responsabilizamos por uso indevido. Cada usu\u00e1rio assume total responsabilidade pelo uso e aplica\u00e7\u00e3o correta dos produtos e por quaisquer consequ\u00eancias imprevistas.<\/span><\/p>\n<\/blockquote>","protected":false},"excerpt":{"rendered":"<p>Prazo de entrega: 5 a 7 dias*<\/p>","protected":false},"featured_media":8601,"template":"","meta":[],"product_brand":[],"product_cat":[229],"product_tag":[],"class_list":{"0":"post-2918","1":"product","2":"type-product","3":"status-publish","4":"has-post-thumbnail","6":"product_cat-knebel","8":"first","9":"instock","10":"taxable","11":"shipping-taxable","12":"purchasable","13":"product-type-simple"},"_links":{"self":[{"href":"https:\/\/bavarian-bondage.de\/pt\/wp-json\/wp\/v2\/product\/2918","targetHints":{"allow":["GET"]}}],"collection":[{"href":"https:\/\/bavarian-bondage.de\/pt\/wp-json\/wp\/v2\/product"}],"about":[{"href":"https:\/\/bavarian-bondage.de\/pt\/wp-json\/wp\/v2\/types\/product"}],"version-history":[{"count":4,"href":"https:\/\/bavarian-bondage.de\/pt\/wp-json\/wp\/v2\/product\/2918\/revisions"}],"predecessor-version":[{"id":16513,"href":"https:\/\/bavarian-bondage.de\/pt\/wp-json\/wp\/v2\/product\/2918\/revisions\/16513"}],"wp:featuredmedia":[{"embeddable":true,"href":"https:\/\/bavarian-bondage.de\/pt\/wp-json\/wp\/v2\/media\/8601"}],"wp:attachment":[{"href":"https:\/\/bavarian-bondage.de\/pt\/wp-json\/wp\/v2\/media?parent=2918"}],"wp:term":[{"taxonomy":"product_brand","embeddable":true,"href":"https:\/\/bavarian-bondage.de\/pt\/wp-json\/wp\/v2\/product_brand?post=2918"},{"taxonomy":"product_cat","embeddable":true,"href":"https:\/\/bavarian-bondage.de\/pt\/wp-json\/wp\/v2\/product_cat?post=2918"},{"taxonomy":"product_tag","embeddable":true,"href":"https:\/\/bavarian-bondage.de\/pt\/wp-json\/wp\/v2\/product_tag?post=2918"}],"curies":[{"name":"wp","href":"https:\/\/api.w.org\/{rel}","templated":true}]}}