{"id":2919,"date":"2020-10-17T12:55:20","date_gmt":"2020-10-17T10:55:20","guid":{"rendered":"https:\/\/bavarian-bondage.tivendo.com\/produkt\/import-placeholder-for-323\/"},"modified":"2026-03-25T23:14:41","modified_gmt":"2026-03-25T22:14:41","slug":"vela-para-baixa-temperatura-250ml-2","status":"publish","type":"product","link":"https:\/\/bavarian-bondage.de\/pt\/produkt\/niedertemperaturkerze-250ml\/","title":{"rendered":"Vela de baixa temperatura 250ml"},"content":{"rendered":"<h3 style=\"text-align: center\">Vela de baixa temperatura 250ml<\/h3>\n<p style=\"text-align: center\">A vela na lata n\u00e3o \u00e9 apenas atraente, mas tamb\u00e9m muito pr\u00e1tica gra\u00e7as ao bico! A cera da vela tem um ponto de fus\u00e3o baixo, em torno de 55 graus Celsius, o que geralmente \u00e9 considerado relativamente agrad\u00e1vel para a pele. Se voc\u00ea vai usar a vela para brincar ou como uma bela pe\u00e7a de decora\u00e7\u00e3o, fica a seu crit\u00e9rio.<\/p>\n<p>&nbsp;<\/p>\n<p><strong>Detalhes:<\/strong><\/p>\n<p>Material: Alum\u00ednio, parafina, corante para velas<br \/>\nDimens\u00f5es: Altura 55 mm, Largura 80 mm<br \/>\nCor: selecion\u00e1vel<br \/>\nConte\u00fado: 250ml<br \/>\nPeso total: aprox. 270g<\/p>\n<p>&nbsp;<\/p>\n<p><strong>Escopo da entrega:<\/strong> 1 vela de baixa temperatura de 250ml<\/p>\n<p>&nbsp;<\/p>\n<hr \/>\n<blockquote>\n<p style=\"text-align: center\"><span style=\"color: #333399\">As informa\u00e7\u00f5es sobre os produtos s\u00e3o fornecidas de acordo com nosso melhor conhecimento e cren\u00e7a. Todas as medidas s\u00e3o aproximadas. O uso dos produtos oferecidos nesta loja \u00e9 por sua conta e risco. Cada pessoa reage de forma diferente a influ\u00eancias externas, prazer, dor, etc. Portanto, n\u00e3o nos responsabilizamos por uso indevido. Cada usu\u00e1rio assume total responsabilidade pelo uso e aplica\u00e7\u00e3o correta dos produtos e por quaisquer consequ\u00eancias imprevistas.<\/span><\/p>\n<\/blockquote>","protected":false},"excerpt":{"rendered":"<p>Pre\u00e7o base: \u20ac 56,00\/L<\/p>\n<p>Prazo de entrega: 5 a 7 dias*<\/p>","protected":false},"featured_media":15937,"template":"","meta":[],"product_brand":[],"product_cat":[224],"product_tag":[],"class_list":{"0":"post-2919","1":"product","2":"type-product","3":"status-publish","4":"has-post-thumbnail","6":"product_cat-lustschmerz","8":"first","9":"instock","10":"taxable","11":"shipping-taxable","12":"purchasable","13":"product-type-variable"},"_links":{"self":[{"href":"https:\/\/bavarian-bondage.de\/pt\/wp-json\/wp\/v2\/product\/2919","targetHints":{"allow":["GET"]}}],"collection":[{"href":"https:\/\/bavarian-bondage.de\/pt\/wp-json\/wp\/v2\/product"}],"about":[{"href":"https:\/\/bavarian-bondage.de\/pt\/wp-json\/wp\/v2\/types\/product"}],"version-history":[{"count":5,"href":"https:\/\/bavarian-bondage.de\/pt\/wp-json\/wp\/v2\/product\/2919\/revisions"}],"predecessor-version":[{"id":16506,"href":"https:\/\/bavarian-bondage.de\/pt\/wp-json\/wp\/v2\/product\/2919\/revisions\/16506"}],"wp:featuredmedia":[{"embeddable":true,"href":"https:\/\/bavarian-bondage.de\/pt\/wp-json\/wp\/v2\/media\/15937"}],"wp:attachment":[{"href":"https:\/\/bavarian-bondage.de\/pt\/wp-json\/wp\/v2\/media?parent=2919"}],"wp:term":[{"taxonomy":"product_brand","embeddable":true,"href":"https:\/\/bavarian-bondage.de\/pt\/wp-json\/wp\/v2\/product_brand?post=2919"},{"taxonomy":"product_cat","embeddable":true,"href":"https:\/\/bavarian-bondage.de\/pt\/wp-json\/wp\/v2\/product_cat?post=2919"},{"taxonomy":"product_tag","embeddable":true,"href":"https:\/\/bavarian-bondage.de\/pt\/wp-json\/wp\/v2\/product_tag?post=2919"}],"curies":[{"name":"wp","href":"https:\/\/api.w.org\/{rel}","templated":true}]}}