{"id":2965,"date":"2020-10-17T12:57:31","date_gmt":"2020-10-17T10:57:31","guid":{"rendered":"https:\/\/bavarian-bondage.tivendo.com\/produkt\/import-placeholder-for-457\/"},"modified":"2025-11-14T12:27:18","modified_gmt":"2025-11-14T11:27:18","slug":"corda-simples-classica-de-juta-de-alta-qualidade-5-mm-8-m","status":"publish","type":"product","link":"https:\/\/bavarian-bondage.de\/pt\/produkt\/high-class-jute-5mm-klassik-einzelseil-8m\/","title":{"rendered":"Juta de alta qualidade 5mm CLASSIC; corda simples de 8m"},"content":{"rendered":"<h3 style=\"text-align: center\">Juta de alta qualidade 5mm CL\u00c1SSICA<\/h3>\n<p style=\"text-align: center\">Substituir uma corda, ampliar o conjunto ou simplesmente verificar a qualidade.<\/p>\n<p style=\"text-align: center\">Mesmo durante o processo de fabrica\u00e7\u00e3o das cordas, os mais altos padr\u00f5es de qualidade s\u00e3o mantidos, o que beneficia muito seu uso posterior. As cordas s\u00e3o ent\u00e3o cuidadosamente processadas e finalizadas \u00e0 m\u00e3o.<\/p>\n<p style=\"text-align: center\">As extremidades s\u00e3o fechadas com um n\u00f3 simples.<\/p>\n<p>&nbsp;<\/p>\n<p><strong>Detalhes:<\/strong><\/p>\n<p>Juta de alta qualidade 5mm EXCLUSIVA<br \/>\ntorcido de 3 eixos<br \/>\nCor caramelo claro<br \/>\nN\u00f3 simples<br \/>\nComprimento: 1 x 8 m<br \/>\n(O comprimento da corda pode variar em at\u00e9 3% em rela\u00e7\u00e3o ao comprimento indicado.)<\/p>\n<p>&nbsp;<\/p>\n<p><span style=\"color: #ff0000\"><strong>Um aviso:<\/strong><\/span><\/p>\n<p>Verifique regularmente se as cordas est\u00e3o desgastadas ou danificadas!<br \/>\nCom cordas torcidas ou dobradas, pode acontecer de elas se soltarem durante o uso!<br \/>\nN\u00e3o lave cordas de juta. O ideal \u00e9 limp\u00e1-las com um pano \u00famido.<\/p>\n<p>&nbsp;<\/p>\n<p><strong>Escopo da entrega:<\/strong> Juta de alta qualidade 1x8m 5mm CL\u00c1SSICA<\/p>\n<p>&nbsp;<\/p>\n<hr \/>\n<blockquote>\n<p style=\"text-align: center\"><span style=\"color: #333399\">As informa\u00e7\u00f5es sobre os produtos s\u00e3o fornecidas de acordo com nosso melhor conhecimento e cren\u00e7a. Todas as medidas s\u00e3o aproximadas. O uso dos produtos oferecidos nesta loja \u00e9 por sua conta e risco. Cada pessoa reage de forma diferente a influ\u00eancias externas, prazer, dor, etc. Portanto, n\u00e3o nos responsabilizamos por uso indevido. Cada usu\u00e1rio assume total responsabilidade pelo uso e aplica\u00e7\u00e3o correta dos produtos e por quaisquer consequ\u00eancias imprevistas.<\/span><\/p>\n<\/blockquote>","protected":false},"excerpt":{"rendered":"<p>Pre\u00e7o base: \u20ac 2,69\/m\u00b2<\/p>\n<p>Prazo de entrega: 5 a 7 dias*<\/p>","protected":false},"featured_media":8369,"template":"","meta":[],"product_brand":[],"product_cat":[294,295,216],"product_tag":[296,297,299,261,273],"class_list":{"0":"post-2965","1":"product","2":"type-product","3":"status-publish","4":"has-post-thumbnail","6":"product_cat-juteseile","7":"product_cat-high-class-jute-5mm","8":"product_cat-bondageseile","9":"product_tag-high-class-jute","10":"product_tag-juteseil","11":"product_tag-299","12":"product_tag-bondageseil","13":"product_tag-5mm","15":"first","16":"instock","17":"taxable","18":"shipping-taxable","19":"purchasable","20":"product-type-simple"},"_links":{"self":[{"href":"https:\/\/bavarian-bondage.de\/pt\/wp-json\/wp\/v2\/product\/2965","targetHints":{"allow":["GET"]}}],"collection":[{"href":"https:\/\/bavarian-bondage.de\/pt\/wp-json\/wp\/v2\/product"}],"about":[{"href":"https:\/\/bavarian-bondage.de\/pt\/wp-json\/wp\/v2\/types\/product"}],"version-history":[{"count":6,"href":"https:\/\/bavarian-bondage.de\/pt\/wp-json\/wp\/v2\/product\/2965\/revisions"}],"predecessor-version":[{"id":13826,"href":"https:\/\/bavarian-bondage.de\/pt\/wp-json\/wp\/v2\/product\/2965\/revisions\/13826"}],"wp:featuredmedia":[{"embeddable":true,"href":"https:\/\/bavarian-bondage.de\/pt\/wp-json\/wp\/v2\/media\/8369"}],"wp:attachment":[{"href":"https:\/\/bavarian-bondage.de\/pt\/wp-json\/wp\/v2\/media?parent=2965"}],"wp:term":[{"taxonomy":"product_brand","embeddable":true,"href":"https:\/\/bavarian-bondage.de\/pt\/wp-json\/wp\/v2\/product_brand?post=2965"},{"taxonomy":"product_cat","embeddable":true,"href":"https:\/\/bavarian-bondage.de\/pt\/wp-json\/wp\/v2\/product_cat?post=2965"},{"taxonomy":"product_tag","embeddable":true,"href":"https:\/\/bavarian-bondage.de\/pt\/wp-json\/wp\/v2\/product_tag?post=2965"}],"curies":[{"name":"wp","href":"https:\/\/api.w.org\/{rel}","templated":true}]}}