{"id":2980,"date":"2020-10-17T12:56:40","date_gmt":"2020-10-17T10:56:40","guid":{"rendered":"https:\/\/bavarian-bondage.tivendo.com\/produkt\/import-placeholder-for-497\/"},"modified":"2026-02-22T11:13:49","modified_gmt":"2026-02-22T10:13:49","slug":"corda-de-linho-e-canhamo-vermelha-5-mm-corda-unica-exclusiva-4-m","status":"publish","type":"product","link":"https:\/\/bavarian-bondage.de\/pt\/produkt\/leinenhanfseil-rot-5mm-exklusiv-einzelseil-4m\/","title":{"rendered":"Corda de linho e c\u00e2nhamo, vermelha, 5 mm, exclusiva; corda \u00fanica, 4 m"},"content":{"rendered":"<h3 style=\"text-align: center\">Corda de linho e c\u00e2nhamo 5mm vermelha EXCLUSIVA<\/h3>\n<p style=\"text-align: center\">A corda de linho e c\u00e2nhamo EXCLUSIVA de 5 mm, em um vermelho vibrante, \u00e9 incrivelmente macia e flex\u00edvel! Passou por m\u00faltiplos tratamentos para garantir a mais alta qualidade. A corda possui uma estrutura lisa, uniforme e sem n\u00f3s em toda a sua extens\u00e3o. Al\u00e9m disso, as extremidades s\u00e3o finalizadas com pequenos n\u00f3s. Essas cordas finas de 5 mm s\u00e3o ideais para amarra\u00e7\u00f5es elaboradas e podem ser combinadas com diversas cores.<\/p>\n<p>&nbsp;<\/p>\n<p><strong>Detalhes:<\/strong><\/p>\n<p>Corda de linho e c\u00e2nhamo 5mm vermelha EXCLUSIVA<br \/>\ntorcido de 3 eixos<br \/>\nCor: Vermelho<br \/>\nTriskenknot<br \/>\nDimens\u00f5es: 1x4m<br \/>\n(O comprimento da corda pode variar em at\u00e9 3% em rela\u00e7\u00e3o ao comprimento indicado)<\/p>\n<p>&nbsp;<\/p>\n<p><span style=\"color: #ff0000\"><strong>Um aviso:<\/strong><\/span><\/p>\n<p>Verifique regularmente se as cordas apresentam desgaste ou danos! Cordas torcidas ou enroladas podem afrouxar durante o uso!<br \/>\nAs cordas foram tingidas por completo e n\u00e3o t\u00eam a mesma cor em toda a sua extens\u00e3o at\u00e9 o meio.<\/p>\n<p>&nbsp;<\/p>\n<p><strong>Escopo da entrega:<\/strong> Corda de linho e c\u00e2nhamo 1x4m 5mm Vermelha EXCLUSIVA<\/p>\n<p>&nbsp;<\/p>\n<hr \/>\n<blockquote>\n<p style=\"text-align: center\"><span style=\"color: #333399\">As informa\u00e7\u00f5es sobre os produtos s\u00e3o fornecidas de acordo com nosso melhor conhecimento e cren\u00e7a. Todas as medidas s\u00e3o aproximadas. O uso dos produtos oferecidos nesta loja \u00e9 por sua conta e risco. Cada pessoa reage de forma diferente a influ\u00eancias externas, prazer, dor, etc. Portanto, n\u00e3o nos responsabilizamos por uso indevido. Cada usu\u00e1rio assume total responsabilidade pelo uso e aplica\u00e7\u00e3o correta dos produtos e por quaisquer consequ\u00eancias imprevistas.<\/span><\/p>\n<\/blockquote>","protected":false},"excerpt":{"rendered":"<p>Pre\u00e7o base: \u20ac 2,93\/m\u00b2<\/p>\n<p>Prazo de entrega: 5 a 7 dias*<\/p>","protected":false},"featured_media":10266,"template":"","meta":[],"product_brand":[],"product_cat":[216,217,262,277],"product_tag":[221,300,301,529],"class_list":{"0":"post-2980","1":"product","2":"type-product","3":"status-publish","4":"has-post-thumbnail","6":"product_cat-bondageseile","7":"product_cat-leinenhanfseil","8":"product_cat-leinenhanfseil-farbig","9":"product_cat-red-edition","10":"product_tag-seilset","11":"product_tag-bondageseil-5mm","12":"product_tag-hanfeil-rot","13":"product_tag-leinenhanf","15":"first","16":"instock","17":"taxable","18":"shipping-taxable","19":"purchasable","20":"product-type-simple"},"_links":{"self":[{"href":"https:\/\/bavarian-bondage.de\/pt\/wp-json\/wp\/v2\/product\/2980","targetHints":{"allow":["GET"]}}],"collection":[{"href":"https:\/\/bavarian-bondage.de\/pt\/wp-json\/wp\/v2\/product"}],"about":[{"href":"https:\/\/bavarian-bondage.de\/pt\/wp-json\/wp\/v2\/types\/product"}],"version-history":[{"count":5,"href":"https:\/\/bavarian-bondage.de\/pt\/wp-json\/wp\/v2\/product\/2980\/revisions"}],"predecessor-version":[{"id":13727,"href":"https:\/\/bavarian-bondage.de\/pt\/wp-json\/wp\/v2\/product\/2980\/revisions\/13727"}],"wp:featuredmedia":[{"embeddable":true,"href":"https:\/\/bavarian-bondage.de\/pt\/wp-json\/wp\/v2\/media\/10266"}],"wp:attachment":[{"href":"https:\/\/bavarian-bondage.de\/pt\/wp-json\/wp\/v2\/media?parent=2980"}],"wp:term":[{"taxonomy":"product_brand","embeddable":true,"href":"https:\/\/bavarian-bondage.de\/pt\/wp-json\/wp\/v2\/product_brand?post=2980"},{"taxonomy":"product_cat","embeddable":true,"href":"https:\/\/bavarian-bondage.de\/pt\/wp-json\/wp\/v2\/product_cat?post=2980"},{"taxonomy":"product_tag","embeddable":true,"href":"https:\/\/bavarian-bondage.de\/pt\/wp-json\/wp\/v2\/product_tag?post=2980"}],"curies":[{"name":"wp","href":"https:\/\/api.w.org\/{rel}","templated":true}]}}