{"id":2989,"date":"2020-10-17T12:56:41","date_gmt":"2020-10-17T10:56:41","guid":{"rendered":"https:\/\/bavarian-bondage.tivendo.com\/produkt\/import-placeholder-for-517\/"},"modified":"2026-03-31T21:40:47","modified_gmt":"2026-03-31T19:40:47","slug":"corda-de-linho-e-canhamo-preta-6-mm-corda-unica-exclusiva-4-m","status":"publish","type":"product","link":"https:\/\/bavarian-bondage.de\/pt\/produkt\/leinenhanfseil-schwarz-6mm-exklusiv-einzelseil-4m\/","title":{"rendered":"Corda de linho e c\u00e2nhamo, preta, 6 mm, exclusiva; corda \u00fanica, 4 m"},"content":{"rendered":"<h3 style=\"text-align: center\">Corda de linho e c\u00e2nhamo 6mm preta EXCLUSIVA<\/h3>\n<p style=\"text-align: center\">Para ampliar o conjunto, substituir cordas ou verificar a qualidade.<\/p>\n<p style=\"text-align: center\">A corda EXCLUSIVA de linho e c\u00e2nhamo de 6 mm \u00e9 extremamente macia e flex\u00edvel! Ela passou por m\u00faltiplos tratamentos para atingir a mais alta qualidade. A corda apresenta uma estrutura redonda, uniforme e sem n\u00f3s em toda a sua extens\u00e3o. Al\u00e9m disso, as extremidades s\u00e3o finalizadas com pequenos n\u00f3s. Como as cordas s\u00e3o tingidas por completo, a colora\u00e7\u00e3o n\u00e3o \u00e9 totalmente uniforme.<\/p>\n<p>&nbsp;<\/p>\n<p><strong>Detalhes:<\/strong><\/p>\n<p>Corda de linho e c\u00e2nhamo 6mm preta EXCLUSIVA<br \/>\ntorcido de 3 eixos<br \/>\nCor: Preto<br \/>\nTriskenknot<br \/>\nDimens\u00f5es: 1x4m<br \/>\n(O comprimento da corda pode variar em at\u00e9 3% em rela\u00e7\u00e3o ao comprimento indicado)<\/p>\n<p>&nbsp;<\/p>\n<p><span style=\"color: #ff0000\"><strong>Um aviso:<\/strong><\/span><\/p>\n<p>Verifique regularmente se as cordas apresentam desgaste ou danos! Cordas torcidas ou enroladas podem afrouxar durante o uso!<br \/>\nAs cordas foram tingidas por completo e n\u00e3o apresentam uma colora\u00e7\u00e3o uniforme no centro. Todas as cordas s\u00e3o resistentes \u00e0 lavagem e, teoricamente, podem ser lavadas a 90\u00b0C separadamente de outras pe\u00e7as de roupa.<\/p>\n<p>&nbsp;<\/p>\n<p><strong>Escopo da entrega:\u00a0<\/strong>Corda de linho e c\u00e2nhamo 1x4m 6mm Preta EXCLUSIVA<\/p>\n<p>&nbsp;<\/p>\n<hr \/>\n<blockquote>\n<p style=\"text-align: center\"><span style=\"color: #333399\">As informa\u00e7\u00f5es sobre os produtos s\u00e3o fornecidas de acordo com nosso melhor conhecimento e cren\u00e7a. Todas as medidas s\u00e3o aproximadas. O uso dos produtos oferecidos nesta loja \u00e9 por sua conta e risco. Cada pessoa reage de forma diferente a influ\u00eancias externas, prazer, dor, etc. Portanto, n\u00e3o nos responsabilizamos por uso indevido. Cada usu\u00e1rio assume total responsabilidade pelo uso e aplica\u00e7\u00e3o correta dos produtos e por quaisquer consequ\u00eancias imprevistas.<\/span><\/p>\n<\/blockquote>","protected":false},"excerpt":{"rendered":"<p>Pre\u00e7o base: \u20ac 3,13\/m<\/p>\n<p>Prazo de entrega: 5 a 7 dias*<\/p>","protected":false},"featured_media":9728,"template":"","meta":[],"product_brand":[],"product_cat":[216,217,262,279],"product_tag":[260,261,293,529],"class_list":{"0":"post-2989","1":"product","2":"type-product","3":"status-publish","4":"has-post-thumbnail","6":"product_cat-bondageseile","7":"product_cat-leinenhanfseil","8":"product_cat-leinenhanfseil-farbig","9":"product_cat-black-edition","10":"product_tag-hanfseil","11":"product_tag-bondageseil","12":"product_tag-6mm-schwarz","13":"product_tag-leinenhanf","15":"first","16":"instock","17":"taxable","18":"shipping-taxable","19":"purchasable","20":"product-type-simple"},"_links":{"self":[{"href":"https:\/\/bavarian-bondage.de\/pt\/wp-json\/wp\/v2\/product\/2989","targetHints":{"allow":["GET"]}}],"collection":[{"href":"https:\/\/bavarian-bondage.de\/pt\/wp-json\/wp\/v2\/product"}],"about":[{"href":"https:\/\/bavarian-bondage.de\/pt\/wp-json\/wp\/v2\/types\/product"}],"version-history":[{"count":5,"href":"https:\/\/bavarian-bondage.de\/pt\/wp-json\/wp\/v2\/product\/2989\/revisions"}],"predecessor-version":[{"id":13654,"href":"https:\/\/bavarian-bondage.de\/pt\/wp-json\/wp\/v2\/product\/2989\/revisions\/13654"}],"wp:featuredmedia":[{"embeddable":true,"href":"https:\/\/bavarian-bondage.de\/pt\/wp-json\/wp\/v2\/media\/9728"}],"wp:attachment":[{"href":"https:\/\/bavarian-bondage.de\/pt\/wp-json\/wp\/v2\/media?parent=2989"}],"wp:term":[{"taxonomy":"product_brand","embeddable":true,"href":"https:\/\/bavarian-bondage.de\/pt\/wp-json\/wp\/v2\/product_brand?post=2989"},{"taxonomy":"product_cat","embeddable":true,"href":"https:\/\/bavarian-bondage.de\/pt\/wp-json\/wp\/v2\/product_cat?post=2989"},{"taxonomy":"product_tag","embeddable":true,"href":"https:\/\/bavarian-bondage.de\/pt\/wp-json\/wp\/v2\/product_tag?post=2989"}],"curies":[{"name":"wp","href":"https:\/\/api.w.org\/{rel}","templated":true}]}}