{"id":2991,"date":"2020-10-17T12:57:41","date_gmt":"2020-10-17T10:57:41","guid":{"rendered":"https:\/\/bavarian-bondage.tivendo.com\/produkt\/import-placeholder-for-524\/"},"modified":"2026-03-15T08:48:48","modified_gmt":"2026-03-15T07:48:48","slug":"bengala-flexivel","status":"publish","type":"product","link":"https:\/\/bavarian-bondage.de\/pt\/produkt\/flexibler-rohrstock\/","title":{"rendered":"Bengala flex\u00edvel"},"content":{"rendered":"<h3 style=\"text-align: center\">Bengala flex\u00edvel<\/h3>\n<p style=\"text-align: center\">Esta bengala \u00e9 feita de PVC flex\u00edvel, revestida em couro napa macio e possui uma al\u00e7a de transporte tamb\u00e9m em couro. Comparada \u00e0s bengalas de madeira, \u00e9 muito higi\u00eanica e extremamente dur\u00e1vel. Gra\u00e7as ao seu n\u00facleo flex\u00edvel, pode ser totalmente curvada, e sua efic\u00e1cia n\u00e3o fica nada a dever \u00e0 de uma bengala de madeira.<\/p>\n<p style=\"text-align: center\">Muito higi\u00eanico e praticamente indestrut\u00edvel em condi\u00e7\u00f5es normais de uso.<\/p>\n<p>&nbsp;<\/p>\n<p><strong>Detalhes:<\/strong><\/p>\n<p>Material: n\u00facleo de PVC, couro napa<br \/>\nCor: Preto:<br \/>\nComprimento: 65 cm<br \/>\nLargura: 14 mm<\/p>\n<p>&nbsp;<\/p>\n<p><strong>Escopo da entrega:<\/strong> 1 bengala flex\u00edvel<\/p>\n<p>&nbsp;<\/p>\n<hr \/>\n<blockquote>\n<p style=\"text-align: center\"><span style=\"color: #333399\">As informa\u00e7\u00f5es sobre os produtos s\u00e3o fornecidas de acordo com nosso melhor conhecimento e cren\u00e7a. Todas as medidas s\u00e3o aproximadas. O uso dos produtos oferecidos nesta loja \u00e9 por sua conta e risco. Cada pessoa reage de forma diferente a influ\u00eancias externas, prazer, dor, etc. Portanto, n\u00e3o nos responsabilizamos por uso indevido. Cada usu\u00e1rio assume total responsabilidade pelo uso e aplica\u00e7\u00e3o correta dos produtos e por quaisquer consequ\u00eancias imprevistas.<\/span><\/p>\n<\/blockquote>","protected":false},"excerpt":{"rendered":"<p>Prazo de entrega: 5 a 7 dias*<\/p>","protected":false},"featured_media":8629,"template":"","meta":[],"product_brand":[],"product_cat":[224,252],"product_tag":[254,308],"class_list":{"0":"post-2991","1":"product","2":"type-product","3":"status-publish","4":"has-post-thumbnail","6":"product_cat-lustschmerz","7":"product_cat-peitschen-gerten","8":"product_tag-echtleder","9":"product_tag-rohrstock","11":"first","12":"instock","13":"taxable","14":"shipping-taxable","15":"purchasable","16":"product-type-simple"},"_links":{"self":[{"href":"https:\/\/bavarian-bondage.de\/pt\/wp-json\/wp\/v2\/product\/2991","targetHints":{"allow":["GET"]}}],"collection":[{"href":"https:\/\/bavarian-bondage.de\/pt\/wp-json\/wp\/v2\/product"}],"about":[{"href":"https:\/\/bavarian-bondage.de\/pt\/wp-json\/wp\/v2\/types\/product"}],"version-history":[{"count":2,"href":"https:\/\/bavarian-bondage.de\/pt\/wp-json\/wp\/v2\/product\/2991\/revisions"}],"predecessor-version":[{"id":13986,"href":"https:\/\/bavarian-bondage.de\/pt\/wp-json\/wp\/v2\/product\/2991\/revisions\/13986"}],"wp:featuredmedia":[{"embeddable":true,"href":"https:\/\/bavarian-bondage.de\/pt\/wp-json\/wp\/v2\/media\/8629"}],"wp:attachment":[{"href":"https:\/\/bavarian-bondage.de\/pt\/wp-json\/wp\/v2\/media?parent=2991"}],"wp:term":[{"taxonomy":"product_brand","embeddable":true,"href":"https:\/\/bavarian-bondage.de\/pt\/wp-json\/wp\/v2\/product_brand?post=2991"},{"taxonomy":"product_cat","embeddable":true,"href":"https:\/\/bavarian-bondage.de\/pt\/wp-json\/wp\/v2\/product_cat?post=2991"},{"taxonomy":"product_tag","embeddable":true,"href":"https:\/\/bavarian-bondage.de\/pt\/wp-json\/wp\/v2\/product_tag?post=2991"}],"curies":[{"name":"wp","href":"https:\/\/api.w.org\/{rel}","templated":true}]}}