{"id":2997,"date":"2020-10-17T12:55:41","date_gmt":"2020-10-17T10:55:41","guid":{"rendered":"https:\/\/bavarian-bondage.tivendo.com\/produkt\/import-placeholder-for-560\/"},"modified":"2026-03-15T21:54:29","modified_gmt":"2026-03-15T20:54:29","slug":"mordaca-de-couro-com-bola-interna","status":"publish","type":"product","link":"https:\/\/bavarian-bondage.de\/pt\/produkt\/lederknebel-mit-innenball\/","title":{"rendered":"Morda\u00e7a de couro com bola interna"},"content":{"rendered":"<h3 style=\"text-align: center\">Morda\u00e7a de couro com bola interna<\/h3>\n<p style=\"text-align: center\">Uma morda\u00e7a de couro genu\u00edno altamente eficaz que prende firmemente a bola de TPE na boca. Ajust\u00e1vel em incrementos de cent\u00edmetros gra\u00e7as a um total de 13 furos.<\/p>\n<p><strong>Detalhes:<\/strong><\/p>\n<p>Material: Couro genu\u00edno, TPE<br \/>\nComprimento total: 66 cm<br \/>\nTamanho da bola: 4 cm<br \/>\nAl\u00e7a de couro: 2 cm<br \/>\nCor: Preto\/Vermelho<\/p>\n<p>&nbsp;<\/p>\n<p><strong>Escopo da entrega:<\/strong> 1 morda\u00e7a de couro com bola interna<\/p>\n<p>&nbsp;<\/p>\n<hr \/>\n<blockquote>\n<p style=\"text-align: center\"><span style=\"color: #333399\">As informa\u00e7\u00f5es sobre os produtos s\u00e3o fornecidas de acordo com nosso melhor conhecimento e cren\u00e7a. Todas as medidas s\u00e3o aproximadas. O uso dos produtos oferecidos nesta loja \u00e9 por sua conta e risco. Cada pessoa reage de forma diferente a influ\u00eancias externas, prazer, dor, etc. Portanto, n\u00e3o nos responsabilizamos por uso indevido. Cada usu\u00e1rio assume total responsabilidade pelo uso e aplica\u00e7\u00e3o correta dos produtos e por quaisquer consequ\u00eancias imprevistas.<\/span><\/p>\n<\/blockquote>","protected":false},"excerpt":{"rendered":"<p>Prazo de entrega: 5 a 7 dias*<\/p>","protected":false},"featured_media":8608,"template":"","meta":[],"product_brand":[],"product_cat":[229],"product_tag":[232,312,313],"class_list":{"0":"post-2997","1":"product","2":"type-product","3":"status-publish","4":"has-post-thumbnail","6":"product_cat-knebel","7":"product_tag-knebel","8":"product_tag-ringknebel","9":"product_tag-spidergag","11":"first","12":"instock","13":"taxable","14":"shipping-taxable","15":"purchasable","16":"product-type-simple"},"_links":{"self":[{"href":"https:\/\/bavarian-bondage.de\/pt\/wp-json\/wp\/v2\/product\/2997","targetHints":{"allow":["GET"]}}],"collection":[{"href":"https:\/\/bavarian-bondage.de\/pt\/wp-json\/wp\/v2\/product"}],"about":[{"href":"https:\/\/bavarian-bondage.de\/pt\/wp-json\/wp\/v2\/types\/product"}],"version-history":[{"count":3,"href":"https:\/\/bavarian-bondage.de\/pt\/wp-json\/wp\/v2\/product\/2997\/revisions"}],"predecessor-version":[{"id":13965,"href":"https:\/\/bavarian-bondage.de\/pt\/wp-json\/wp\/v2\/product\/2997\/revisions\/13965"}],"wp:featuredmedia":[{"embeddable":true,"href":"https:\/\/bavarian-bondage.de\/pt\/wp-json\/wp\/v2\/media\/8608"}],"wp:attachment":[{"href":"https:\/\/bavarian-bondage.de\/pt\/wp-json\/wp\/v2\/media?parent=2997"}],"wp:term":[{"taxonomy":"product_brand","embeddable":true,"href":"https:\/\/bavarian-bondage.de\/pt\/wp-json\/wp\/v2\/product_brand?post=2997"},{"taxonomy":"product_cat","embeddable":true,"href":"https:\/\/bavarian-bondage.de\/pt\/wp-json\/wp\/v2\/product_cat?post=2997"},{"taxonomy":"product_tag","embeddable":true,"href":"https:\/\/bavarian-bondage.de\/pt\/wp-json\/wp\/v2\/product_tag?post=2997"}],"curies":[{"name":"wp","href":"https:\/\/api.w.org\/{rel}","templated":true}]}}