{"id":2998,"date":"2020-10-17T12:57:41","date_gmt":"2020-10-17T10:57:41","guid":{"rendered":"https:\/\/bavarian-bondage.tivendo.com\/produkt\/import-placeholder-for-565\/"},"modified":"2026-04-17T16:27:20","modified_gmt":"2026-04-17T14:27:20","slug":"anel-de-silicone-com-trava","status":"publish","type":"product","link":"https:\/\/bavarian-bondage.de\/pt\/produkt\/silikonknebel-o-ring\/","title":{"rendered":"Anel de veda\u00e7\u00e3o de silicone para trava"},"content":{"rendered":"<h3 style=\"text-align: center\">Anel de veda\u00e7\u00e3o de silicone para trava<\/h3>\n<p style=\"text-align: center\">Uma morda\u00e7a de anel pequena, por\u00e9m altamente eficaz, que cabe discretamente em qualquer bolso de cal\u00e7a. A morda\u00e7a consiste em um anel de metal revestido de silicone e uma fina tira de silicone para fixa\u00e7\u00e3o segura, tornando-a leve e confort\u00e1vel de usar.<\/p>\n<p style=\"text-align: center\">A morda\u00e7a \u00e9 muito bem feita, n\u00e3o aperta e garante uma sensa\u00e7\u00e3o confort\u00e1vel.<\/p>\n<p>&nbsp;<\/p>\n<p><strong>Detalhe:<\/strong><\/p>\n<p>Material: Silicone, metal<br \/>\nDi\u00e2metro do anel: 5 cm, di\u00e2metro interno: 4 cm<br \/>\nComprimento total: 65 cm<br \/>\nLargura da correia: 2 cm<\/p>\n<p>&nbsp;<\/p>\n<p><strong>Escopo da entrega:<\/strong> 1 anel de veda\u00e7\u00e3o de silicone<\/p>\n<p>&nbsp;<\/p>\n<hr \/>\n<blockquote>\n<p style=\"text-align: center\"><span style=\"color: #333399\">As informa\u00e7\u00f5es sobre os produtos s\u00e3o fornecidas de acordo com nosso melhor conhecimento e cren\u00e7a. Todas as medidas s\u00e3o aproximadas. O uso dos produtos oferecidos nesta loja \u00e9 por sua conta e risco. Cada pessoa reage de forma diferente a influ\u00eancias externas, prazer, dor, etc. Portanto, n\u00e3o nos responsabilizamos por uso indevido. Cada usu\u00e1rio assume total responsabilidade pelo uso e aplica\u00e7\u00e3o correta dos produtos e por quaisquer consequ\u00eancias imprevistas.<\/span><\/p>\n<\/blockquote>","protected":false},"excerpt":{"rendered":"<p>Prazo de entrega: 5 a 7 dias*<\/p>","protected":false},"featured_media":8610,"template":"","meta":[],"product_brand":[],"product_cat":[229],"product_tag":[227,306,312],"class_list":{"0":"post-2998","1":"product","2":"type-product","3":"status-publish","4":"has-post-thumbnail","6":"product_cat-knebel","7":"product_tag-bondage","8":"product_tag-leder","9":"product_tag-ringknebel","11":"first","12":"instock","13":"taxable","14":"shipping-taxable","15":"purchasable","16":"product-type-simple"},"_links":{"self":[{"href":"https:\/\/bavarian-bondage.de\/pt\/wp-json\/wp\/v2\/product\/2998","targetHints":{"allow":["GET"]}}],"collection":[{"href":"https:\/\/bavarian-bondage.de\/pt\/wp-json\/wp\/v2\/product"}],"about":[{"href":"https:\/\/bavarian-bondage.de\/pt\/wp-json\/wp\/v2\/types\/product"}],"version-history":[{"count":4,"href":"https:\/\/bavarian-bondage.de\/pt\/wp-json\/wp\/v2\/product\/2998\/revisions"}],"predecessor-version":[{"id":13966,"href":"https:\/\/bavarian-bondage.de\/pt\/wp-json\/wp\/v2\/product\/2998\/revisions\/13966"}],"wp:featuredmedia":[{"embeddable":true,"href":"https:\/\/bavarian-bondage.de\/pt\/wp-json\/wp\/v2\/media\/8610"}],"wp:attachment":[{"href":"https:\/\/bavarian-bondage.de\/pt\/wp-json\/wp\/v2\/media?parent=2998"}],"wp:term":[{"taxonomy":"product_brand","embeddable":true,"href":"https:\/\/bavarian-bondage.de\/pt\/wp-json\/wp\/v2\/product_brand?post=2998"},{"taxonomy":"product_cat","embeddable":true,"href":"https:\/\/bavarian-bondage.de\/pt\/wp-json\/wp\/v2\/product_cat?post=2998"},{"taxonomy":"product_tag","embeddable":true,"href":"https:\/\/bavarian-bondage.de\/pt\/wp-json\/wp\/v2\/product_tag?post=2998"}],"curies":[{"name":"wp","href":"https:\/\/api.w.org\/{rel}","templated":true}]}}