{"id":3004,"date":"2020-10-17T12:59:53","date_gmt":"2020-10-17T10:59:53","guid":{"rendered":"https:\/\/bavarian-bondage.tivendo.com\/produkt\/import-placeholder-for-602\/"},"modified":"2025-11-16T02:03:50","modified_gmt":"2025-11-16T01:03:50","slug":"cabo-de-bola-de-chicote","status":"publish","type":"product","link":"https:\/\/bavarian-bondage.de\/pt\/produkt\/peitsche-kugelgriff\/","title":{"rendered":"cabo de bola de chicote"},"content":{"rendered":"<h3 style=\"text-align: center\">cabo de bola de chicote<\/h3>\n<p style=\"text-align: center\">Este chicote \u00e9 feito de couro resistente e possui um cabo s\u00f3lido de alum\u00ednio que tamb\u00e9m pode ser usado como vibrador, se necess\u00e1rio.<\/p>\n<p style=\"text-align: center\">Seja para punir ou mimar, tudo \u00e9 poss\u00edvel com este chicote.<\/p>\n<p>&nbsp;<\/p>\n<p><strong>Detalhes:<\/strong><\/p>\n<p>Material: Couro genu\u00edno, alum\u00ednio<br \/>\nCor: Preto, Prata<br \/>\nComprimento total: 56 cm<br \/>\nComprimento da al\u00e7a de alum\u00ednio: 19,5 cm<br \/>\nLargura da al\u00e7a: aprox. 2,5 cm<\/p>\n<p>&nbsp;<\/p>\n<p><strong>Escopo da entrega:\u00a0<\/strong> cabo de bola de chicote<\/p>\n<p>&nbsp;<\/p>\n<hr \/>\n<blockquote>\n<p style=\"text-align: center\"><span style=\"color: #333399\">As informa\u00e7\u00f5es sobre os produtos s\u00e3o fornecidas de acordo com nosso melhor conhecimento e cren\u00e7a. Todas as medidas s\u00e3o aproximadas. O uso dos produtos oferecidos nesta loja \u00e9 por sua conta e risco. Cada pessoa reage de forma diferente a influ\u00eancias externas, prazer, dor, etc. Portanto, n\u00e3o nos responsabilizamos por uso indevido. Cada usu\u00e1rio assume total responsabilidade pelo uso e aplica\u00e7\u00e3o correta dos produtos e por quaisquer consequ\u00eancias imprevistas.<\/span><\/p>\n<\/blockquote>","protected":false},"excerpt":{"rendered":"<p>Prazo de entrega: 5 a 7 dias*<\/p>","protected":false},"featured_media":8641,"template":"","meta":[],"product_brand":[],"product_cat":[224,252],"product_tag":[320,321,307],"class_list":{"0":"post-3004","1":"product","2":"type-product","3":"status-publish","4":"has-post-thumbnail","6":"product_cat-lustschmerz","7":"product_cat-peitschen-gerten","8":"product_tag-dildo","9":"product_tag-flogger","10":"product_tag-peitsche","12":"first","13":"instock","14":"taxable","15":"shipping-taxable","16":"purchasable","17":"product-type-simple"},"_links":{"self":[{"href":"https:\/\/bavarian-bondage.de\/pt\/wp-json\/wp\/v2\/product\/3004","targetHints":{"allow":["GET"]}}],"collection":[{"href":"https:\/\/bavarian-bondage.de\/pt\/wp-json\/wp\/v2\/product"}],"about":[{"href":"https:\/\/bavarian-bondage.de\/pt\/wp-json\/wp\/v2\/types\/product"}],"version-history":[{"count":3,"href":"https:\/\/bavarian-bondage.de\/pt\/wp-json\/wp\/v2\/product\/3004\/revisions"}],"predecessor-version":[{"id":13968,"href":"https:\/\/bavarian-bondage.de\/pt\/wp-json\/wp\/v2\/product\/3004\/revisions\/13968"}],"wp:featuredmedia":[{"embeddable":true,"href":"https:\/\/bavarian-bondage.de\/pt\/wp-json\/wp\/v2\/media\/8641"}],"wp:attachment":[{"href":"https:\/\/bavarian-bondage.de\/pt\/wp-json\/wp\/v2\/media?parent=3004"}],"wp:term":[{"taxonomy":"product_brand","embeddable":true,"href":"https:\/\/bavarian-bondage.de\/pt\/wp-json\/wp\/v2\/product_brand?post=3004"},{"taxonomy":"product_cat","embeddable":true,"href":"https:\/\/bavarian-bondage.de\/pt\/wp-json\/wp\/v2\/product_cat?post=3004"},{"taxonomy":"product_tag","embeddable":true,"href":"https:\/\/bavarian-bondage.de\/pt\/wp-json\/wp\/v2\/product_tag?post=3004"}],"curies":[{"name":"wp","href":"https:\/\/api.w.org\/{rel}","templated":true}]}}