{"id":3007,"date":"2020-10-17T12:51:54","date_gmt":"2020-10-17T10:51:54","guid":{"rendered":"https:\/\/bavarian-bondage.tivendo.com\/produkt\/import-placeholder-for-609\/"},"modified":"2026-02-22T15:27:12","modified_gmt":"2026-02-22T14:27:12","slug":"corda-do-chicote","status":"publish","type":"product","link":"https:\/\/bavarian-bondage.de\/pt\/produkt\/schlagseil\/","title":{"rendered":"Corda"},"content":{"rendered":"<h3 style=\"text-align: center\">Corda<\/h3>\n<p style=\"text-align: center\">As cordas para dar palmadas est\u00e3o se tornando cada vez mais populares. Elas combinam as caracter\u00edsticas de um chicote, uma vara de montaria e uma palmat\u00f3ria, sendo feitas de corda e borracha. As cordas para dar palmadas oferecidas aqui s\u00e3o feitas de corda de c\u00e2nhamo de 6 mm em v\u00e1rias cores e revestidas de borracha, o que facilita a limpeza. Ambas as extremidades e a al\u00e7a podem ser usadas para dar palmadas. As cordas para dar palmadas s\u00e3o relativamente intensas e marcas vermelhas s\u00e3o quase garantidas com o uso mais vigoroso.<\/p>\n<p style=\"text-align: center\">As cordas coloridas para bast\u00f5es possuem borracha transparente, ligeiramente mais fina e flex\u00edvel. A corda preta, por sua vez, possui borracha preta, e n\u00e3o a pr\u00f3pria corda, que tamb\u00e9m \u00e9 um pouco mais grossa, conferindo-lhe ainda maior rigidez.<\/p>\n<p>&nbsp;<\/p>\n<p><strong>Detalhes:<\/strong><\/p>\n<p>Material: Corda de c\u00e2nhamo, borracha<br \/>\nComprimento: aprox. 40 cm<br \/>\nDi\u00e2metro: aprox. 7 mm<br \/>\nCor: selecion\u00e1vel<\/p>\n<p>&nbsp;<\/p>\n<p><strong>Escopo da entrega:<\/strong> Corda de pular de 40 cm, cor selecion\u00e1vel<\/p>\n<p>&nbsp;<\/p>\n<hr \/>\n<blockquote>\n<p style=\"text-align: center\"><span style=\"color: #333399\">As informa\u00e7\u00f5es sobre os produtos s\u00e3o fornecidas de acordo com nosso melhor conhecimento e cren\u00e7a. Todas as medidas s\u00e3o aproximadas. O uso dos produtos oferecidos nesta loja \u00e9 por sua conta e risco. Cada pessoa reage de forma diferente a influ\u00eancias externas, prazer, dor, etc. Portanto, n\u00e3o nos responsabilizamos por uso indevido. Cada usu\u00e1rio assume total responsabilidade pelo uso e aplica\u00e7\u00e3o correta dos produtos e por quaisquer consequ\u00eancias imprevistas.<\/span><\/p>\n<\/blockquote>","protected":false},"excerpt":{"rendered":"<p>Prazo de entrega: 5 a 7 dias*<\/p>","protected":false},"featured_media":9574,"template":"","meta":[],"product_brand":[],"product_cat":[224,252],"product_tag":[],"class_list":{"0":"post-3007","1":"product","2":"type-product","3":"status-publish","4":"has-post-thumbnail","6":"product_cat-lustschmerz","7":"product_cat-peitschen-gerten","9":"first","10":"instock","11":"taxable","12":"shipping-taxable","13":"purchasable","14":"product-type-variable"},"_links":{"self":[{"href":"https:\/\/bavarian-bondage.de\/pt\/wp-json\/wp\/v2\/product\/3007","targetHints":{"allow":["GET"]}}],"collection":[{"href":"https:\/\/bavarian-bondage.de\/pt\/wp-json\/wp\/v2\/product"}],"about":[{"href":"https:\/\/bavarian-bondage.de\/pt\/wp-json\/wp\/v2\/types\/product"}],"version-history":[{"count":4,"href":"https:\/\/bavarian-bondage.de\/pt\/wp-json\/wp\/v2\/product\/3007\/revisions"}],"predecessor-version":[{"id":13985,"href":"https:\/\/bavarian-bondage.de\/pt\/wp-json\/wp\/v2\/product\/3007\/revisions\/13985"}],"wp:featuredmedia":[{"embeddable":true,"href":"https:\/\/bavarian-bondage.de\/pt\/wp-json\/wp\/v2\/media\/9574"}],"wp:attachment":[{"href":"https:\/\/bavarian-bondage.de\/pt\/wp-json\/wp\/v2\/media?parent=3007"}],"wp:term":[{"taxonomy":"product_brand","embeddable":true,"href":"https:\/\/bavarian-bondage.de\/pt\/wp-json\/wp\/v2\/product_brand?post=3007"},{"taxonomy":"product_cat","embeddable":true,"href":"https:\/\/bavarian-bondage.de\/pt\/wp-json\/wp\/v2\/product_cat?post=3007"},{"taxonomy":"product_tag","embeddable":true,"href":"https:\/\/bavarian-bondage.de\/pt\/wp-json\/wp\/v2\/product_tag?post=3007"}],"curies":[{"name":"wp","href":"https:\/\/api.w.org\/{rel}","templated":true}]}}