{"id":3012,"date":"2020-10-17T12:56:54","date_gmt":"2020-10-17T10:56:54","guid":{"rendered":"https:\/\/bavarian-bondage.tivendo.com\/produkt\/import-placeholder-for-619\/"},"modified":"2026-04-11T14:27:10","modified_gmt":"2026-04-11T12:27:10","slug":"mordaca-de-corda","status":"publish","type":"product","link":"https:\/\/bavarian-bondage.de\/pt\/produkt\/seilknebel\/","title":{"rendered":"Al\u00e7a de corda"},"content":{"rendered":"<h3 style=\"text-align: center\">Al\u00e7a de corda<\/h3>\n<p style=\"text-align: center\">A morda\u00e7a de corda \u00e9 uma alternativa empolgante \u00e0s morda\u00e7as tradicionais, complementando perfeitamente o visual elegante da pr\u00e1tica de bondage. O corpo principal \u00e9 feito de madeira de b\u00e9tula e a bainha de corda de c\u00e2nhamo de 4 mm. A morda\u00e7a tamb\u00e9m inclui uma corda reserva de aproximadamente 3 metros de comprimento na cor natural. Gra\u00e7as ao design do corpo principal, a corda pode ser facilmente removida para lavagem ou substitui\u00e7\u00e3o, garantindo higiene constante. A morda\u00e7a de corda est\u00e1 dispon\u00edvel em tr\u00eas cores.<\/p>\n<p>&nbsp;<\/p>\n<p style=\"text-align: left\"><strong>Detalhe:<\/strong><\/p>\n<p>Material: madeira de b\u00e9tula, corda de c\u00e2nhamo<br \/>\nDimens\u00f5es: C 150 mm, L 25 mm<br \/>\nComprimento total: aprox. 750 mm<br \/>\nCorda de reserva: corda de c\u00e2nhamo natural de 4 mm, aproximadamente 3 m<\/p>\n<p>&nbsp;<\/p>\n<p><strong>Escopo de entrega opcional:\u00a0 <\/strong>1 trava de corda mais corda reserva ou apenas corda reserva<\/p>\n<p>&nbsp;<\/p>\n<hr \/>\n<blockquote>\n<p style=\"text-align: center\"><span style=\"color: #333399\">As informa\u00e7\u00f5es sobre os produtos s\u00e3o fornecidas de acordo com nosso melhor conhecimento e cren\u00e7a. Todas as medidas s\u00e3o aproximadas. O uso dos produtos oferecidos nesta loja \u00e9 por sua conta e risco. Cada pessoa reage de forma diferente a influ\u00eancias externas, prazer, dor, etc. Portanto, n\u00e3o nos responsabilizamos por uso indevido. Cada usu\u00e1rio assume total responsabilidade pelo uso e aplica\u00e7\u00e3o correta dos produtos e por quaisquer consequ\u00eancias imprevistas.<\/span><\/p>\n<\/blockquote>","protected":false},"excerpt":{"rendered":"<p>Prazo de entrega: 5 a 7 dias*<\/p>","protected":false},"featured_media":8883,"template":"","meta":[],"product_brand":[],"product_cat":[229],"product_tag":[227,260,325,326],"class_list":{"0":"post-3012","1":"product","2":"type-product","3":"status-publish","4":"has-post-thumbnail","6":"product_cat-knebel","7":"product_tag-bondage","8":"product_tag-hanfseil","9":"product_tag-ropegag","10":"product_tag-seilknebel","12":"first","13":"instock","14":"taxable","15":"shipping-taxable","16":"purchasable","17":"product-type-variable"},"_links":{"self":[{"href":"https:\/\/bavarian-bondage.de\/pt\/wp-json\/wp\/v2\/product\/3012","targetHints":{"allow":["GET"]}}],"collection":[{"href":"https:\/\/bavarian-bondage.de\/pt\/wp-json\/wp\/v2\/product"}],"about":[{"href":"https:\/\/bavarian-bondage.de\/pt\/wp-json\/wp\/v2\/types\/product"}],"version-history":[{"count":4,"href":"https:\/\/bavarian-bondage.de\/pt\/wp-json\/wp\/v2\/product\/3012\/revisions"}],"predecessor-version":[{"id":16510,"href":"https:\/\/bavarian-bondage.de\/pt\/wp-json\/wp\/v2\/product\/3012\/revisions\/16510"}],"wp:featuredmedia":[{"embeddable":true,"href":"https:\/\/bavarian-bondage.de\/pt\/wp-json\/wp\/v2\/media\/8883"}],"wp:attachment":[{"href":"https:\/\/bavarian-bondage.de\/pt\/wp-json\/wp\/v2\/media?parent=3012"}],"wp:term":[{"taxonomy":"product_brand","embeddable":true,"href":"https:\/\/bavarian-bondage.de\/pt\/wp-json\/wp\/v2\/product_brand?post=3012"},{"taxonomy":"product_cat","embeddable":true,"href":"https:\/\/bavarian-bondage.de\/pt\/wp-json\/wp\/v2\/product_cat?post=3012"},{"taxonomy":"product_tag","embeddable":true,"href":"https:\/\/bavarian-bondage.de\/pt\/wp-json\/wp\/v2\/product_tag?post=3012"}],"curies":[{"name":"wp","href":"https:\/\/api.w.org\/{rel}","templated":true}]}}