{"id":3017,"date":"2020-10-17T12:56:55","date_gmt":"2020-10-17T10:56:55","guid":{"rendered":"https:\/\/bavarian-bondage.tivendo.com\/produkt\/import-placeholder-for-630\/"},"modified":"2026-03-09T23:42:55","modified_gmt":"2026-03-09T22:42:55","slug":"oleo-para-cordas-com-aroma-de-laranja-100ml","status":"publish","type":"product","link":"https:\/\/bavarian-bondage.de\/pt\/produkt\/seilpflegeoel-orange-100ml\/","title":{"rendered":"\u00d3leo para cordas Laranja 100ml"},"content":{"rendered":"<h3 style=\"text-align: center\">\u00d3leo de laranja para cuidados com cordas<\/h3>\n<p style=\"text-align: center\">(Produ\u00e7\u00e3o interna)<\/p>\n<p style=\"text-align: center\">Uma mistura de \u00f3leos especialmente formulada para o cuidado p\u00f3s-amarra\u00e7\u00e3o com cordas! Com o aroma frutado de laranja!<\/p>\n<p style=\"text-align: center\">Dicas sobre o cuidado e uso de cordas podem ser encontradas aqui. <a href=\"https:\/\/bavarian-bondage.de\/pt\/dicas-de-cuidado-para-as-cordas\/\">aqui.<\/a><\/p>\n<p>&nbsp;<\/p>\n<p style=\"text-align: center\"><span style=\"color: #ff0000\">N\u00e3o \u00e9 um produto cosm\u00e9tico.<\/span><\/p>\n<p style=\"text-align: center\"><span style=\"color: #ff0000\">N\u00e3o adequado para consumo.<\/span><\/p>\n<p><strong>Composi\u00e7\u00e3o:<\/strong><\/p>\n<p>\u00d3leo de jojoba<br \/>\n\u00f3leo de cam\u00e9lia<br \/>\ncera de abelha<br \/>\n\u00d3leo essencial de laranja natural 100%<\/p>\n<p>&nbsp;<\/p>\n<p><strong>Escopo da entrega:<\/strong> \u00d3leo de cuidado para cordas de laranja, 100ml<\/p>\n<p>&nbsp;<\/p>\n<hr \/>\n<p style=\"text-align: center\"><span style=\"color: #333399\">As informa\u00e7\u00f5es sobre os produtos s\u00e3o fornecidas de acordo com nosso melhor conhecimento e cren\u00e7a. Todas as medidas s\u00e3o aproximadas. O uso dos produtos oferecidos nesta loja \u00e9 por sua conta e risco. Cada pessoa reage de forma diferente a influ\u00eancias externas, prazer, dor, etc. Portanto, n\u00e3o nos responsabilizamos por uso indevido. Cada usu\u00e1rio assume total responsabilidade pelo uso e aplica\u00e7\u00e3o correta dos produtos e por quaisquer consequ\u00eancias imprevistas.<\/span><\/p>","protected":false},"excerpt":{"rendered":"<p>Pre\u00e7o base: \u20ac 95,00\/l<\/p>\n<p>Prazo de entrega: 5 a 7 dias*<\/p>","protected":false},"featured_media":8546,"template":"","meta":[],"product_brand":[],"product_cat":[322],"product_tag":[],"class_list":{"0":"post-3017","1":"product","2":"type-product","3":"status-publish","4":"has-post-thumbnail","6":"product_cat-seilpflege","8":"first","9":"instock","10":"taxable","11":"shipping-taxable","12":"purchasable","13":"product-type-simple"},"_links":{"self":[{"href":"https:\/\/bavarian-bondage.de\/pt\/wp-json\/wp\/v2\/product\/3017","targetHints":{"allow":["GET"]}}],"collection":[{"href":"https:\/\/bavarian-bondage.de\/pt\/wp-json\/wp\/v2\/product"}],"about":[{"href":"https:\/\/bavarian-bondage.de\/pt\/wp-json\/wp\/v2\/types\/product"}],"version-history":[{"count":5,"href":"https:\/\/bavarian-bondage.de\/pt\/wp-json\/wp\/v2\/product\/3017\/revisions"}],"predecessor-version":[{"id":13913,"href":"https:\/\/bavarian-bondage.de\/pt\/wp-json\/wp\/v2\/product\/3017\/revisions\/13913"}],"wp:featuredmedia":[{"embeddable":true,"href":"https:\/\/bavarian-bondage.de\/pt\/wp-json\/wp\/v2\/media\/8546"}],"wp:attachment":[{"href":"https:\/\/bavarian-bondage.de\/pt\/wp-json\/wp\/v2\/media?parent=3017"}],"wp:term":[{"taxonomy":"product_brand","embeddable":true,"href":"https:\/\/bavarian-bondage.de\/pt\/wp-json\/wp\/v2\/product_brand?post=3017"},{"taxonomy":"product_cat","embeddable":true,"href":"https:\/\/bavarian-bondage.de\/pt\/wp-json\/wp\/v2\/product_cat?post=3017"},{"taxonomy":"product_tag","embeddable":true,"href":"https:\/\/bavarian-bondage.de\/pt\/wp-json\/wp\/v2\/product_tag?post=3017"}],"curies":[{"name":"wp","href":"https:\/\/api.w.org\/{rel}","templated":true}]}}