{"id":3020,"date":"2020-10-17T13:00:55","date_gmt":"2020-10-17T11:00:55","guid":{"rendered":"https:\/\/bavarian-bondage.tivendo.com\/produkt\/import-placeholder-for-640\/"},"modified":"2026-03-27T09:26:56","modified_gmt":"2026-03-27T08:26:56","slug":"corda-de-linho-e-canhamo-natural-6-mm-conjunto-classico-10-x-8-m-e-2-x-4-m","status":"publish","type":"product","link":"https:\/\/bavarian-bondage.de\/pt\/produkt\/leinenhanfseil-natur-6mm-klassik-set-10x8m-und-2x4m\/","title":{"rendered":"Corda de linho e c\u00e2nhamo, natural, 6 mm, cl\u00e1ssica; conjunto de 10 x 8 m e 2 x 4 m."},"content":{"rendered":"<h3 style=\"text-align: center\">Corda de linho e c\u00e2nhamo 6mm CL\u00c1SSICA!<\/h3>\n<p style=\"text-align: center\">Conjunto grande com bastante corda! Ideal para todos os tipos de amarra\u00e7\u00f5es elaboradas!<\/p>\n<p style=\"text-align: center\">A corda cl\u00e1ssica de linho e c\u00e2nhamo de 6 mm \u00e9 agradavelmente macia, muito flex\u00edvel e possui uma textura uniforme. \u00c9 sem n\u00f3s, inodora e solta muito pouca fibra. A corda de c\u00e2nhamo foi lavada, desfiada, flamejada e, em seguida, oleada. A cor da corda \u00e9 um cinza claro natural. As extremidades s\u00e3o finalizadas com um n\u00f3 simples.<\/p>\n<p style=\"text-align: left\"><strong>Detalhes:<\/strong><\/p>\n<p>Corda de linho e c\u00e2nhamo 6mm Cl\u00e1ssica<br \/>\ntorcido de 3 eixos<br \/>\nCor: cinza claro<br \/>\nN\u00f3 simples<br \/>\nDimens\u00f5es: 10x8m \/ 2x4m<br \/>\n(O comprimento da corda pode variar em at\u00e9 3% em rela\u00e7\u00e3o ao comprimento indicado)<\/p>\n<p>&nbsp;<\/p>\n<p><span style=\"color: #ff0000\"><strong>Um aviso:<\/strong><\/span><\/p>\n<p>Verifique regularmente se as cordas est\u00e3o desgastadas ou danificadas!<br \/>\nCom cordas torcidas ou dobradas, pode acontecer de elas se soltarem durante o uso!<\/p>\n<p><strong>Escopo da entrega:\u00a0<\/strong>Corda de linho e c\u00e2nhamo 10x8m \/ 2x4m 6mm CL\u00c1SSICA<\/p>\n<p>&nbsp;<\/p>\n<blockquote>\n<hr \/>\n<p style=\"text-align: center\"><span style=\"color: #333399\">As informa\u00e7\u00f5es sobre os produtos s\u00e3o fornecidas de acordo com nosso melhor conhecimento e cren\u00e7a. Todas as medidas s\u00e3o aproximadas. O uso dos produtos oferecidos nesta loja \u00e9 por sua conta e risco. Cada pessoa reage de forma diferente a influ\u00eancias externas, prazer, dor, etc. Portanto, n\u00e3o nos responsabilizamos por uso indevido. Cada usu\u00e1rio assume total responsabilidade pelo uso e aplica\u00e7\u00e3o correta dos produtos e por quaisquer consequ\u00eancias imprevistas.<\/span><\/p>\n<\/blockquote>","protected":false},"excerpt":{"rendered":"<p>Pre\u00e7o base: \u20ac 1,93\/m\u00b2<\/p>\n<p>Prazo de entrega: 5 a 7 dias*<\/p>","protected":false},"featured_media":9401,"template":"","meta":[],"product_brand":[],"product_cat":[216,217,218],"product_tag":[261,281,289,528,529],"class_list":{"0":"post-3020","1":"product","2":"type-product","3":"status-publish","4":"has-post-thumbnail","6":"product_cat-bondageseile","7":"product_cat-leinenhanfseil","8":"product_cat-leinenhanfseil-natur","9":"product_tag-bondageseil","10":"product_tag-hanfseil-6mm","11":"product_tag-natur","12":"product_tag-leinenhanfseil","13":"product_tag-leinenhanf","15":"first","16":"outofstock","17":"taxable","18":"shipping-taxable","19":"purchasable","20":"product-type-simple"},"_links":{"self":[{"href":"https:\/\/bavarian-bondage.de\/pt\/wp-json\/wp\/v2\/product\/3020","targetHints":{"allow":["GET"]}}],"collection":[{"href":"https:\/\/bavarian-bondage.de\/pt\/wp-json\/wp\/v2\/product"}],"about":[{"href":"https:\/\/bavarian-bondage.de\/pt\/wp-json\/wp\/v2\/types\/product"}],"version-history":[{"count":5,"href":"https:\/\/bavarian-bondage.de\/pt\/wp-json\/wp\/v2\/product\/3020\/revisions"}],"predecessor-version":[{"id":16203,"href":"https:\/\/bavarian-bondage.de\/pt\/wp-json\/wp\/v2\/product\/3020\/revisions\/16203"}],"wp:featuredmedia":[{"embeddable":true,"href":"https:\/\/bavarian-bondage.de\/pt\/wp-json\/wp\/v2\/media\/9401"}],"wp:attachment":[{"href":"https:\/\/bavarian-bondage.de\/pt\/wp-json\/wp\/v2\/media?parent=3020"}],"wp:term":[{"taxonomy":"product_brand","embeddable":true,"href":"https:\/\/bavarian-bondage.de\/pt\/wp-json\/wp\/v2\/product_brand?post=3020"},{"taxonomy":"product_cat","embeddable":true,"href":"https:\/\/bavarian-bondage.de\/pt\/wp-json\/wp\/v2\/product_cat?post=3020"},{"taxonomy":"product_tag","embeddable":true,"href":"https:\/\/bavarian-bondage.de\/pt\/wp-json\/wp\/v2\/product_tag?post=3020"}],"curies":[{"name":"wp","href":"https:\/\/api.w.org\/{rel}","templated":true}]}}