{"id":3028,"date":"2020-10-17T12:53:56","date_gmt":"2020-10-17T10:53:56","guid":{"rendered":"https:\/\/bavarian-bondage.tivendo.com\/produkt\/import-placeholder-for-663\/"},"modified":"2026-03-18T22:28:43","modified_gmt":"2026-03-18T21:28:43","slug":"corda-de-linho-e-canhamo-natural-5-mm-conjunto-classico-3-x-8-m","status":"publish","type":"product","link":"https:\/\/bavarian-bondage.de\/pt\/produkt\/leinenhanfseil-natur-5mm-klassik-set-3x8m\/","title":{"rendered":"Corda de linho e c\u00e2nhamo natural, 5 mm, estilo cl\u00e1ssico; conjunto de 3 x 8 m"},"content":{"rendered":"<h3 style=\"text-align: center\">Corda de linho e c\u00e2nhamo 5mm CL\u00c1SSICA!<\/h3>\n<p style=\"text-align: center\">Tr\u00eas cordas para come\u00e7ar ou para expandir seu conjunto atual!<\/p>\n<p style=\"text-align: center\">A corda cl\u00e1ssica de linho e c\u00e2nhamo de 5 mm \u00e9 agradavelmente macia, muito flex\u00edvel e possui uma textura uniforme. \u00c9 sem n\u00f3s, inodora e produz muito pouca penugem. Esta corda de c\u00e2nhamo de tr\u00eas fios foi lavada, quebrada, flamejada e, em seguida, oleada. A cor da corda \u00e9 um cinza claro natural. As extremidades s\u00e3o finalizadas com um n\u00f3 simples. Ideal para bondage art\u00edstica.<\/p>\n<p><strong>Detalhes:<\/strong><\/p>\n<p>Corda de linho e c\u00e2nhamo 5mm CL\u00c1SSICA<br \/>\ntorcido de 3 eixos<br \/>\nCor: cinza claro<br \/>\nN\u00f3 simples<br \/>\nDimens\u00f5es: 3x8m<br \/>\n(O comprimento da corda pode variar em at\u00e9 3% em rela\u00e7\u00e3o ao comprimento indicado)<\/p>\n<p>&nbsp;<\/p>\n<p><span style=\"color: #ff0000\"><strong>Um aviso:<\/strong><\/span><\/p>\n<p>Verifique regularmente se as cordas est\u00e3o desgastadas ou danificadas!<br \/>\nCom cordas torcidas ou dobradas, pode acontecer de elas se soltarem durante o uso!<\/p>\n<p>&nbsp;<\/p>\n<p><strong>Escopo da entrega:<\/strong> Corda de linho e c\u00e2nhamo 3x8m 5mm CL\u00c1SSICA<\/p>\n<p>&nbsp;<\/p>\n<hr \/>\n<blockquote>\n<p style=\"text-align: center\"><span style=\"color: #333399\">As informa\u00e7\u00f5es sobre os produtos s\u00e3o fornecidas de acordo com nosso melhor conhecimento e cren\u00e7a. Todas as medidas s\u00e3o aproximadas. O uso dos produtos oferecidos nesta loja \u00e9 por sua conta e risco. Cada pessoa reage de forma diferente a influ\u00eancias externas, prazer, dor, etc. Portanto, n\u00e3o nos responsabilizamos por uso indevido. Cada usu\u00e1rio assume total responsabilidade pelo uso e aplica\u00e7\u00e3o correta dos produtos e por quaisquer consequ\u00eancias imprevistas.<\/span><\/p>\n<\/blockquote>","protected":false},"excerpt":{"rendered":"<p>Pre\u00e7o base: \u20ac 1,98\/m\u00b2<\/p>\n<p>Prazo de entrega: 5 a 7 dias*<\/p>","protected":false},"featured_media":9359,"template":"","meta":[],"product_brand":[],"product_cat":[216,217,218],"product_tag":[221,260,329],"class_list":{"0":"post-3028","1":"product","2":"type-product","3":"status-publish","4":"has-post-thumbnail","6":"product_cat-bondageseile","7":"product_cat-leinenhanfseil","8":"product_cat-leinenhanfseil-natur","9":"product_tag-seilset","10":"product_tag-hanfseil","11":"product_tag-bondageseile","13":"first","14":"instock","15":"taxable","16":"shipping-taxable","17":"purchasable","18":"product-type-simple"},"_links":{"self":[{"href":"https:\/\/bavarian-bondage.de\/pt\/wp-json\/wp\/v2\/product\/3028","targetHints":{"allow":["GET"]}}],"collection":[{"href":"https:\/\/bavarian-bondage.de\/pt\/wp-json\/wp\/v2\/product"}],"about":[{"href":"https:\/\/bavarian-bondage.de\/pt\/wp-json\/wp\/v2\/types\/product"}],"version-history":[{"count":5,"href":"https:\/\/bavarian-bondage.de\/pt\/wp-json\/wp\/v2\/product\/3028\/revisions"}],"predecessor-version":[{"id":6161,"href":"https:\/\/bavarian-bondage.de\/pt\/wp-json\/wp\/v2\/product\/3028\/revisions\/6161"}],"wp:featuredmedia":[{"embeddable":true,"href":"https:\/\/bavarian-bondage.de\/pt\/wp-json\/wp\/v2\/media\/9359"}],"wp:attachment":[{"href":"https:\/\/bavarian-bondage.de\/pt\/wp-json\/wp\/v2\/media?parent=3028"}],"wp:term":[{"taxonomy":"product_brand","embeddable":true,"href":"https:\/\/bavarian-bondage.de\/pt\/wp-json\/wp\/v2\/product_brand?post=3028"},{"taxonomy":"product_cat","embeddable":true,"href":"https:\/\/bavarian-bondage.de\/pt\/wp-json\/wp\/v2\/product_cat?post=3028"},{"taxonomy":"product_tag","embeddable":true,"href":"https:\/\/bavarian-bondage.de\/pt\/wp-json\/wp\/v2\/product_tag?post=3028"}],"curies":[{"name":"wp","href":"https:\/\/api.w.org\/{rel}","templated":true}]}}