{"id":3032,"date":"2020-10-17T12:56:56","date_gmt":"2020-10-17T10:56:56","guid":{"rendered":"https:\/\/bavarian-bondage.tivendo.com\/produkt\/import-placeholder-for-672\/"},"modified":"2025-11-10T16:27:52","modified_gmt":"2025-11-10T15:27:52","slug":"corda-de-linho-e-canhamo-preta-5-mm-conjunto-exclusivo-de-3-x-8-m","status":"publish","type":"product","link":"https:\/\/bavarian-bondage.de\/pt\/produkt\/leinenhanfseil-schwarz-5mm-exklusiv-set-3x8m\/","title":{"rendered":"Corda de linho e c\u00e2nhamo, preta, 5 mm, exclusiva; conjunto de 3 x 8 m"},"content":{"rendered":"<h3 style=\"text-align: center\">Corda de linho e c\u00e2nhamo 5mm preta EXCLUSIVA<\/h3>\n<p style=\"text-align: center\">Tr\u00eas cordas s\u00e3o suficientes para come\u00e7ar e para as primeiras amarra\u00e7\u00f5es!<\/p>\n<p style=\"text-align: center\">A corda de linho e c\u00e2nhamo EXCLUSIVA de 5 mm \u00e9 extremamente macia e flex\u00edvel! Ela passou por m\u00faltiplos tratamentos para atingir a mais alta qualidade. A corda possui uma estrutura redonda, uniforme e sem n\u00f3s em toda a sua extens\u00e3o. Al\u00e9m disso, as extremidades s\u00e3o finalizadas com pequenos n\u00f3s. Como as cordas s\u00e3o tingidas por inteiro, a colora\u00e7\u00e3o n\u00e3o \u00e9 totalmente uniforme. Essas cordas finas de 5 mm s\u00e3o ideais para bondage art\u00edstica e combina\u00e7\u00f5es com diversas cores.<\/p>\n<p><strong>Detalhes:<\/strong><\/p>\n<p>Corda de linho e c\u00e2nhamo 5mm preta EXCLUSIVA<br \/>\ntorcido de 3 eixos<br \/>\nCor: Preto<br \/>\nTriskenknot<br \/>\nDimens\u00f5es: 3x8m<br \/>\n(O comprimento da corda pode variar em at\u00e9 3% em rela\u00e7\u00e3o ao comprimento indicado)<\/p>\n<p>&nbsp;<\/p>\n<p><strong><span style=\"color: #ff0000\">Um aviso:<\/span><\/strong><\/p>\n<p>Verifique regularmente se as cordas apresentam desgaste ou danos! Cordas torcidas ou enroladas podem afrouxar durante o uso!<br \/>\nAs cordas foram tingidas por completo e n\u00e3o t\u00eam a mesma cor em toda a sua extens\u00e3o at\u00e9 o meio.<\/p>\n<p>&nbsp;<\/p>\n<p><strong>Escopo da entrega:\u00a0<\/strong>Conjunto de corda de linho e c\u00e2nhamo 3x8m 5mm preta EXCLUSIVO<\/p>\n<p>&nbsp;<\/p>\n<hr \/>\n<blockquote>\n<p style=\"text-align: center\"><span style=\"color: #333399\">As informa\u00e7\u00f5es sobre os produtos s\u00e3o fornecidas de acordo com nosso melhor conhecimento e cren\u00e7a. Todas as medidas s\u00e3o aproximadas. O uso dos produtos oferecidos nesta loja \u00e9 por sua conta e risco. Cada pessoa reage de forma diferente a influ\u00eancias externas, prazer, dor, etc. Portanto, n\u00e3o nos responsabilizamos por uso indevido. Cada usu\u00e1rio assume total responsabilidade pelo uso e aplica\u00e7\u00e3o correta dos produtos e por quaisquer consequ\u00eancias imprevistas.<\/span><\/p>\n<\/blockquote>","protected":false},"excerpt":{"rendered":"<p>Pre\u00e7o base: \u20ac 2,65\/m<\/p>\n<p>Prazo de entrega: 5 a 7 dias*<\/p>","protected":false},"featured_media":9731,"template":"","meta":[],"product_brand":[],"product_cat":[262,279,216,217],"product_tag":[280,260,261],"class_list":{"0":"post-3032","1":"product","2":"type-product","3":"status-publish","4":"has-post-thumbnail","6":"product_cat-leinenhanfseil-farbig","7":"product_cat-black-edition","8":"product_cat-bondageseile","9":"product_cat-leinenhanfseil","10":"product_tag-schwarz-5mm","11":"product_tag-hanfseil","12":"product_tag-bondageseil","14":"first","15":"instock","16":"taxable","17":"shipping-taxable","18":"purchasable","19":"product-type-simple"},"_links":{"self":[{"href":"https:\/\/bavarian-bondage.de\/pt\/wp-json\/wp\/v2\/product\/3032","targetHints":{"allow":["GET"]}}],"collection":[{"href":"https:\/\/bavarian-bondage.de\/pt\/wp-json\/wp\/v2\/product"}],"about":[{"href":"https:\/\/bavarian-bondage.de\/pt\/wp-json\/wp\/v2\/types\/product"}],"version-history":[{"count":5,"href":"https:\/\/bavarian-bondage.de\/pt\/wp-json\/wp\/v2\/product\/3032\/revisions"}],"predecessor-version":[{"id":13652,"href":"https:\/\/bavarian-bondage.de\/pt\/wp-json\/wp\/v2\/product\/3032\/revisions\/13652"}],"wp:featuredmedia":[{"embeddable":true,"href":"https:\/\/bavarian-bondage.de\/pt\/wp-json\/wp\/v2\/media\/9731"}],"wp:attachment":[{"href":"https:\/\/bavarian-bondage.de\/pt\/wp-json\/wp\/v2\/media?parent=3032"}],"wp:term":[{"taxonomy":"product_brand","embeddable":true,"href":"https:\/\/bavarian-bondage.de\/pt\/wp-json\/wp\/v2\/product_brand?post=3032"},{"taxonomy":"product_cat","embeddable":true,"href":"https:\/\/bavarian-bondage.de\/pt\/wp-json\/wp\/v2\/product_cat?post=3032"},{"taxonomy":"product_tag","embeddable":true,"href":"https:\/\/bavarian-bondage.de\/pt\/wp-json\/wp\/v2\/product_tag?post=3032"}],"curies":[{"name":"wp","href":"https:\/\/api.w.org\/{rel}","templated":true}]}}