{"id":3046,"date":"2020-10-17T12:57:04","date_gmt":"2020-10-17T10:57:04","guid":{"rendered":"https:\/\/bavarian-bondage.tivendo.com\/produkt\/import-placeholder-for-708\/"},"modified":"2026-02-08T21:24:20","modified_gmt":"2026-02-08T20:24:20","slug":"conjunto-exclusivo-de-corda-de-linho-e-canhamo-cor-petroleo-5mm-7x8m-e-2x4m","status":"publish","type":"product","link":"https:\/\/bavarian-bondage.de\/pt\/produkt\/leinenhanfseil-petrol-5mm-exklusiv-set-7x8m-und-2x4m\/","title":{"rendered":"Corda de linho e c\u00e2nhamo, azul petr\u00f3leo, 5 mm, exclusiva; conjunto de 7x8 m e 2x4 m."},"content":{"rendered":"<h3 style=\"text-align: center\">Corda de linho e c\u00e2nhamo 5mm, cor petr\u00f3leo, EXCLUSIVA<\/h3>\n<p style=\"text-align: center\">Este conjunto de cordas de 7x8m j\u00e1 pode ser considerado um cl\u00e1ssico. \u00c9 complementado por duas cordas mais curtas, oferecendo uma ampla gama de possibilidades. A corda EXCLUSIVA de linho e c\u00e2nhamo de 5mm tem uma cor vibrante e uniforme, al\u00e9m de ser incrivelmente macia e flex\u00edvel! Passou por m\u00faltiplos tratamentos para garantir a mais alta qualidade. A corda possui uma estrutura lisa, uniforme e sem n\u00f3s em toda a sua extens\u00e3o. Al\u00e9m disso, as extremidades s\u00e3o finalizadas com pequenos n\u00f3s. Estas cordas finas de 5mm s\u00e3o ideais para amarra\u00e7\u00f5es elaboradas e combina\u00e7\u00f5es com m\u00faltiplas cores.<\/p>\n<p><strong>Detalhes:<\/strong><\/p>\n<p>Corda de linho e c\u00e2nhamo 5mm, cor petr\u00f3leo, EXCLUSIVA<br \/>\ntorcido de 3 eixos<br \/>\nCor: Azul Petr\u00f3leo<br \/>\nTriskenknot<br \/>\nDimens\u00f5es: 7x8m \/ 2x4m<br \/>\n(O comprimento da corda pode variar em at\u00e9 3% em rela\u00e7\u00e3o ao comprimento indicado)<\/p>\n<p>&nbsp;<\/p>\n<p><span style=\"color: #ff0000\"><strong>Um aviso:<\/strong><\/span><\/p>\n<p>Verifique regularmente se as cordas apresentam desgaste ou danos! Cordas torcidas ou entrela\u00e7adas podem se soltar durante o uso! As cordas foram tingidas por inteiro e n\u00e3o apresentam colora\u00e7\u00e3o uniforme at\u00e9 o centro.<\/p>\n<p>&nbsp;<\/p>\n<p><strong>Escopo da entrega:<\/strong> Conjunto de cordas de linho e c\u00e2nhamo de 7x8m e 2x4m, 5mm, cor petr\u00f3leo (EXCLUSIVO)<\/p>\n<p>&nbsp;<\/p>\n<hr \/>\n<p style=\"text-align: center\">As informa\u00e7\u00f5es sobre os produtos s\u00e3o fornecidas de acordo com nosso melhor conhecimento e cren\u00e7a. Todas as medidas s\u00e3o aproximadas. O uso dos produtos oferecidos nesta loja \u00e9 por sua conta e risco. Cada pessoa reage de forma diferente a influ\u00eancias externas, prazer, dor, etc. Portanto, n\u00e3o nos responsabilizamos por uso indevido. Cada usu\u00e1rio assume total responsabilidade pelo uso e aplica\u00e7\u00e3o correta dos produtos e por quaisquer consequ\u00eancias imprevistas.<\/p>","protected":false},"excerpt":{"rendered":"<p>Pre\u00e7o base: \u20ac 2,33\/m<\/p>\n<p>Prazo de entrega: 5 a 7 dias*<\/p>","protected":false},"featured_media":9110,"template":"","meta":[],"product_brand":[],"product_cat":[262,266,216,217],"product_tag":[268,528,261],"class_list":{"0":"post-3046","1":"product","2":"type-product","3":"status-publish","4":"has-post-thumbnail","6":"product_cat-leinenhanfseil-farbig","7":"product_cat-petrol-edition","8":"product_cat-bondageseile","9":"product_cat-leinenhanfseil","10":"product_tag-hanfseil-5mm","11":"product_tag-leinenhanfseil","12":"product_tag-bondageseil","14":"first","15":"instock","16":"taxable","17":"shipping-taxable","18":"purchasable","19":"product-type-simple"},"_links":{"self":[{"href":"https:\/\/bavarian-bondage.de\/pt\/wp-json\/wp\/v2\/product\/3046","targetHints":{"allow":["GET"]}}],"collection":[{"href":"https:\/\/bavarian-bondage.de\/pt\/wp-json\/wp\/v2\/product"}],"about":[{"href":"https:\/\/bavarian-bondage.de\/pt\/wp-json\/wp\/v2\/types\/product"}],"version-history":[{"count":4,"href":"https:\/\/bavarian-bondage.de\/pt\/wp-json\/wp\/v2\/product\/3046\/revisions"}],"predecessor-version":[{"id":13688,"href":"https:\/\/bavarian-bondage.de\/pt\/wp-json\/wp\/v2\/product\/3046\/revisions\/13688"}],"wp:featuredmedia":[{"embeddable":true,"href":"https:\/\/bavarian-bondage.de\/pt\/wp-json\/wp\/v2\/media\/9110"}],"wp:attachment":[{"href":"https:\/\/bavarian-bondage.de\/pt\/wp-json\/wp\/v2\/media?parent=3046"}],"wp:term":[{"taxonomy":"product_brand","embeddable":true,"href":"https:\/\/bavarian-bondage.de\/pt\/wp-json\/wp\/v2\/product_brand?post=3046"},{"taxonomy":"product_cat","embeddable":true,"href":"https:\/\/bavarian-bondage.de\/pt\/wp-json\/wp\/v2\/product_cat?post=3046"},{"taxonomy":"product_tag","embeddable":true,"href":"https:\/\/bavarian-bondage.de\/pt\/wp-json\/wp\/v2\/product_tag?post=3046"}],"curies":[{"name":"wp","href":"https:\/\/api.w.org\/{rel}","templated":true}]}}