{"id":3057,"date":"2020-10-17T12:57:05","date_gmt":"2020-10-17T10:57:05","guid":{"rendered":"https:\/\/bavarian-bondage.tivendo.com\/produkt\/import-placeholder-for-733\/"},"modified":"2026-03-15T09:34:43","modified_gmt":"2026-03-15T08:34:43","slug":"corda-de-linho-e-canhamo-vermelho-escuro-6-mm-conjunto-exclusivo-7-x-8-m-e-2-x-4-m","status":"publish","type":"product","link":"https:\/\/bavarian-bondage.de\/pt\/produkt\/leinenhanfseil-dunkelrot-6mm-exklusiv-set-7x8m-und-2x4m\/","title":{"rendered":"Corda de linho e c\u00e2nhamo, vermelho escuro, 6 mm. Exclusivo: Conjunto de 7 x 8 m e 2 x 4 m."},"content":{"rendered":"<h3 style=\"text-align: center\">Corda de linho e c\u00e2nhamo 6mm vermelho escuro EXCLUSIVO<\/h3>\n<p style=\"text-align: center\">Cor vermelho-escura, uniforme e intensa.<\/p>\n<p style=\"text-align: center\">Este conjunto de cordas de 7x8m j\u00e1 pode ser considerado um cl\u00e1ssico. \u00c9 complementado por duas cordas mais curtas, oferecendo uma ampla gama de possibilidades. A corda EXCLUSIVA de linho e c\u00e2nhamo de 6mm \u00e9 excepcionalmente macia e flex\u00edvel! Passou por m\u00faltiplos tratamentos para garantir a mais alta qualidade. A corda possui uma estrutura redonda, uniforme e sem n\u00f3s em toda a sua extens\u00e3o. Al\u00e9m disso, as extremidades s\u00e3o finalizadas com pequenos n\u00f3s.<\/p>\n<p><strong>Detalhes:<\/strong><\/p>\n<p>Corda de linho e c\u00e2nhamo 6mm vermelho escuro EXCLUSIVO<br \/>\ntorcido de 3 eixos<br \/>\nCor: Vermelho escuro<br \/>\nTriskenknot<br \/>\nDimens\u00f5es: 7x8m \/ 2x4m<br \/>\n(O comprimento da corda pode variar em at\u00e9 3% em rela\u00e7\u00e3o ao comprimento indicado.).<\/p>\n<p>&nbsp;<\/p>\n<p><span style=\"color: #ff0000\"><strong>Um aviso:<\/strong><\/span><\/p>\n<p>Verifique regularmente se as cordas apresentam desgaste ou danos! Cordas torcidas ou enroladas podem afrouxar durante o uso!<br \/>\nAs cordas foram tingidas por completo e n\u00e3o t\u00eam a mesma cor em toda a sua extens\u00e3o at\u00e9 o meio.<\/p>\n<p><strong>Escopo da entrega:\u00a0<\/strong>Conjunto de cordas de linho e c\u00e2nhamo de 7x8m e 2x4m, 6mm, vermelho escuro (EXCLUSIVO)<\/p>\n<p>&nbsp;<\/p>\n<hr \/>\n<blockquote>\n<p style=\"text-align: center\"><span style=\"color: #333399\">As informa\u00e7\u00f5es sobre os produtos s\u00e3o fornecidas de acordo com nosso melhor conhecimento e cren\u00e7a. Todas as medidas s\u00e3o aproximadas. O uso dos produtos oferecidos nesta loja \u00e9 por sua conta e risco. Cada pessoa reage de forma diferente a influ\u00eancias externas, prazer, dor, etc. Portanto, n\u00e3o nos responsabilizamos por uso indevido. Cada usu\u00e1rio assume total responsabilidade pelo uso e aplica\u00e7\u00e3o correta dos produtos e por quaisquer consequ\u00eancias imprevistas.<\/span><\/p>\n<\/blockquote>","protected":false},"excerpt":{"rendered":"<p>Pre\u00e7o base: \u20ac 2,48\/m\u00b2<\/p>\n<p>Prazo de entrega: 5 a 7 dias*<\/p>","protected":false},"featured_media":9739,"template":"","meta":[],"product_brand":[],"product_cat":[216,217,262,269],"product_tag":[286,529,221,261,284],"class_list":{"0":"post-3057","1":"product","2":"type-product","3":"status-publish","4":"has-post-thumbnail","6":"product_cat-bondageseile","7":"product_cat-leinenhanfseil","8":"product_cat-leinenhanfseil-farbig","9":"product_cat-dark-red-edition","10":"product_tag-hanfseil-dunkelrot","11":"product_tag-leinenhanf","12":"product_tag-seilset","13":"product_tag-bondageseil","14":"product_tag-6mm","16":"first","17":"instock","18":"taxable","19":"shipping-taxable","20":"purchasable","21":"product-type-simple"},"_links":{"self":[{"href":"https:\/\/bavarian-bondage.de\/pt\/wp-json\/wp\/v2\/product\/3057","targetHints":{"allow":["GET"]}}],"collection":[{"href":"https:\/\/bavarian-bondage.de\/pt\/wp-json\/wp\/v2\/product"}],"about":[{"href":"https:\/\/bavarian-bondage.de\/pt\/wp-json\/wp\/v2\/types\/product"}],"version-history":[{"count":5,"href":"https:\/\/bavarian-bondage.de\/pt\/wp-json\/wp\/v2\/product\/3057\/revisions"}],"predecessor-version":[{"id":13672,"href":"https:\/\/bavarian-bondage.de\/pt\/wp-json\/wp\/v2\/product\/3057\/revisions\/13672"}],"wp:featuredmedia":[{"embeddable":true,"href":"https:\/\/bavarian-bondage.de\/pt\/wp-json\/wp\/v2\/media\/9739"}],"wp:attachment":[{"href":"https:\/\/bavarian-bondage.de\/pt\/wp-json\/wp\/v2\/media?parent=3057"}],"wp:term":[{"taxonomy":"product_brand","embeddable":true,"href":"https:\/\/bavarian-bondage.de\/pt\/wp-json\/wp\/v2\/product_brand?post=3057"},{"taxonomy":"product_cat","embeddable":true,"href":"https:\/\/bavarian-bondage.de\/pt\/wp-json\/wp\/v2\/product_cat?post=3057"},{"taxonomy":"product_tag","embeddable":true,"href":"https:\/\/bavarian-bondage.de\/pt\/wp-json\/wp\/v2\/product_tag?post=3057"}],"curies":[{"name":"wp","href":"https:\/\/api.w.org\/{rel}","templated":true}]}}