{"id":3067,"date":"2020-10-17T12:57:12","date_gmt":"2020-10-17T10:57:12","guid":{"rendered":"https:\/\/bavarian-bondage.tivendo.com\/produkt\/import-placeholder-for-762\/"},"modified":"2026-02-22T15:27:09","modified_gmt":"2026-02-22T14:27:09","slug":"mascara-de-silicone-para-os-olhos","status":"publish","type":"product","link":"https:\/\/bavarian-bondage.de\/pt\/produkt\/silikon-augenbinde\/","title":{"rendered":"M\u00e1scara de silicone para os olhos"},"content":{"rendered":"<h3 style=\"text-align: center\">M\u00e1scara de silicone para os olhos<\/h3>\n<p style=\"text-align: center\">Esta venda para os olhos, muito leve e flex\u00edvel, \u00e9 feita de silicone. Rebites decorativos e uma fivela completam o visual. \u00c9 infinitamente ajust\u00e1vel gra\u00e7as aos seus in\u00fameros orif\u00edcios.<\/p>\n<p style=\"text-align: center\">Opaco e muito confort\u00e1vel de usar.<\/p>\n<p>&nbsp;<\/p>\n<p style=\"text-align: left\"><strong>Detalhes:<\/strong><\/p>\n<p>Material: Silicone, metal<br \/>\nCor: Preto<br \/>\nComprimento total 63 cm<\/p>\n<p>&nbsp;<\/p>\n<p><strong>Escopo da entrega:<\/strong> 1 m\u00e1scara de silicone para os olhos<\/p>\n<p>&nbsp;<\/p>\n<hr \/>\n<blockquote>\n<p style=\"text-align: center\"><span style=\"color: #333399\">As informa\u00e7\u00f5es sobre os produtos s\u00e3o fornecidas de acordo com nosso melhor conhecimento e cren\u00e7a. Todas as medidas s\u00e3o aproximadas. O uso dos produtos oferecidos nesta loja \u00e9 por sua conta e risco. Cada pessoa reage de forma diferente a influ\u00eancias externas, prazer, dor, etc. Portanto, n\u00e3o nos responsabilizamos por uso indevido. Cada usu\u00e1rio assume total responsabilidade pelo uso e aplica\u00e7\u00e3o correta dos produtos e por quaisquer consequ\u00eancias imprevistas.<\/span><\/p>\n<\/blockquote>","protected":false},"excerpt":{"rendered":"<p>Prazo de entrega: 5 a 7 dias*<\/p>","protected":false},"featured_media":8584,"template":"","meta":[],"product_brand":[],"product_cat":[245],"product_tag":[246,342,343],"class_list":{"0":"post-3067","1":"product","2":"type-product","3":"status-publish","4":"has-post-thumbnail","6":"product_cat-augenbinden","7":"product_tag-augenbinde","8":"product_tag-augenmaske","9":"product_tag-silikon","11":"first","12":"instock","13":"taxable","14":"shipping-taxable","15":"purchasable","16":"product-type-simple"},"_links":{"self":[{"href":"https:\/\/bavarian-bondage.de\/pt\/wp-json\/wp\/v2\/product\/3067","targetHints":{"allow":["GET"]}}],"collection":[{"href":"https:\/\/bavarian-bondage.de\/pt\/wp-json\/wp\/v2\/product"}],"about":[{"href":"https:\/\/bavarian-bondage.de\/pt\/wp-json\/wp\/v2\/types\/product"}],"version-history":[{"count":1,"href":"https:\/\/bavarian-bondage.de\/pt\/wp-json\/wp\/v2\/product\/3067\/revisions"}],"predecessor-version":[{"id":5944,"href":"https:\/\/bavarian-bondage.de\/pt\/wp-json\/wp\/v2\/product\/3067\/revisions\/5944"}],"wp:featuredmedia":[{"embeddable":true,"href":"https:\/\/bavarian-bondage.de\/pt\/wp-json\/wp\/v2\/media\/8584"}],"wp:attachment":[{"href":"https:\/\/bavarian-bondage.de\/pt\/wp-json\/wp\/v2\/media?parent=3067"}],"wp:term":[{"taxonomy":"product_brand","embeddable":true,"href":"https:\/\/bavarian-bondage.de\/pt\/wp-json\/wp\/v2\/product_brand?post=3067"},{"taxonomy":"product_cat","embeddable":true,"href":"https:\/\/bavarian-bondage.de\/pt\/wp-json\/wp\/v2\/product_cat?post=3067"},{"taxonomy":"product_tag","embeddable":true,"href":"https:\/\/bavarian-bondage.de\/pt\/wp-json\/wp\/v2\/product_tag?post=3067"}],"curies":[{"name":"wp","href":"https:\/\/api.w.org\/{rel}","templated":true}]}}