{"id":3068,"date":"2020-10-17T12:57:13","date_gmt":"2020-10-17T10:57:13","guid":{"rendered":"https:\/\/bavarian-bondage.tivendo.com\/produkt\/import-placeholder-for-767\/"},"modified":"2026-03-16T15:00:59","modified_gmt":"2026-03-16T14:00:59","slug":"pa-de-tapa","status":"publish","type":"product","link":"https:\/\/bavarian-bondage.de\/pt\/produkt\/slapper-paddel\/","title":{"rendered":"Remo de tapa"},"content":{"rendered":"<h3 style=\"text-align: center\">Tapa<\/h3>\n<p style=\"text-align: center\">Como o pr\u00f3prio nome sugere, o slapper pode ser bastante barulhento quando usado corretamente. A raquete \u00e9 muito bem feita, com um cabo de madeira ao qual est\u00e1 presa uma al\u00e7a de couro com v\u00e1rios rebites decorativos, al\u00e9m de uma al\u00e7a para transporte.<\/p>\n<p style=\"text-align: center\">Uma raquete com um visual interessante e um acabamento primoroso.<\/p>\n<p><strong>Detalhes:<\/strong><\/p>\n<p>Material: Madeira, couro<br \/>\nCor: Preto<br \/>\nComprimento total: 40 cm<br \/>\nComprimento do cabo: 18 cm<br \/>\nLargura: 4 cm<\/p>\n<p><strong>Escopo da entrega:<\/strong> 1 Batedor de Remo<\/p>\n<p>&nbsp;<\/p>\n<hr \/>\n<blockquote>\n<p style=\"text-align: center\"><span style=\"color: #333399\">As informa\u00e7\u00f5es sobre os produtos s\u00e3o fornecidas de acordo com nosso melhor conhecimento e cren\u00e7a. Todas as medidas s\u00e3o aproximadas. O uso dos produtos oferecidos nesta loja \u00e9 por sua conta e risco. Cada pessoa reage de forma diferente a influ\u00eancias externas, prazer, dor, etc. Portanto, n\u00e3o nos responsabilizamos por uso indevido. Cada usu\u00e1rio assume total responsabilidade pelo uso e aplica\u00e7\u00e3o correta dos produtos e por quaisquer consequ\u00eancias imprevistas.<\/span><\/p>\n<\/blockquote>","protected":false},"excerpt":{"rendered":"<p>Prazo de entrega: 5 a 7 dias*<\/p>","protected":false},"featured_media":8630,"template":"","meta":[],"product_brand":[],"product_cat":[224,252],"product_tag":[254,255,344],"class_list":{"0":"post-3068","1":"product","2":"type-product","3":"status-publish","4":"has-post-thumbnail","6":"product_cat-lustschmerz","7":"product_cat-peitschen-gerten","8":"product_tag-echtleder","9":"product_tag-paddel","10":"product_tag-slapper","12":"first","13":"instock","14":"taxable","15":"shipping-taxable","16":"purchasable","17":"product-type-simple"},"_links":{"self":[{"href":"https:\/\/bavarian-bondage.de\/pt\/wp-json\/wp\/v2\/product\/3068","targetHints":{"allow":["GET"]}}],"collection":[{"href":"https:\/\/bavarian-bondage.de\/pt\/wp-json\/wp\/v2\/product"}],"about":[{"href":"https:\/\/bavarian-bondage.de\/pt\/wp-json\/wp\/v2\/types\/product"}],"version-history":[{"count":3,"href":"https:\/\/bavarian-bondage.de\/pt\/wp-json\/wp\/v2\/product\/3068\/revisions"}],"predecessor-version":[{"id":13973,"href":"https:\/\/bavarian-bondage.de\/pt\/wp-json\/wp\/v2\/product\/3068\/revisions\/13973"}],"wp:featuredmedia":[{"embeddable":true,"href":"https:\/\/bavarian-bondage.de\/pt\/wp-json\/wp\/v2\/media\/8630"}],"wp:attachment":[{"href":"https:\/\/bavarian-bondage.de\/pt\/wp-json\/wp\/v2\/media?parent=3068"}],"wp:term":[{"taxonomy":"product_brand","embeddable":true,"href":"https:\/\/bavarian-bondage.de\/pt\/wp-json\/wp\/v2\/product_brand?post=3068"},{"taxonomy":"product_cat","embeddable":true,"href":"https:\/\/bavarian-bondage.de\/pt\/wp-json\/wp\/v2\/product_cat?post=3068"},{"taxonomy":"product_tag","embeddable":true,"href":"https:\/\/bavarian-bondage.de\/pt\/wp-json\/wp\/v2\/product_tag?post=3068"}],"curies":[{"name":"wp","href":"https:\/\/api.w.org\/{rel}","templated":true}]}}