{"id":3069,"date":"2020-10-17T12:57:13","date_gmt":"2020-10-17T10:57:13","guid":{"rendered":"https:\/\/bavarian-bondage.tivendo.com\/produkt\/import-placeholder-for-772\/"},"modified":"2025-03-28T18:56:17","modified_gmt":"2025-03-28T17:56:17","slug":"grampos-especiais","status":"publish","type":"product","link":"https:\/\/bavarian-bondage.de\/pt\/produkt\/spezial-klammern\/","title":{"rendered":"Bra\u00e7adeiras especiais"},"content":{"rendered":"<h3 style=\"text-align: center\">Bra\u00e7adeiras especiais<\/h3>\n<p style=\"text-align: center\">Visual e praticamente, muito bem projetado. A bra\u00e7adeira, bastante robusta, permite uma fixa\u00e7\u00e3o que varia de muito suave a muito firme. As almofadas de borracha texturizadas garantem uma fixa\u00e7\u00e3o segura, e os parafusos de ajuste fino determinam o efeito desejado. A corrente resistente conecta firmemente as duas bra\u00e7adeiras.<\/p>\n<p><strong>Detalhes:<\/strong><\/p>\n<p>Material: Metal, borracha<br \/>\nComprimento total: 49 cm<br \/>\nComprimento da bra\u00e7adeira: 9 cm<br \/>\nLargura da bra\u00e7adeira: 3 cm<\/p>\n<p><strong>Escopo da entrega:<\/strong> Bra\u00e7adeira especial<\/p>\n<p>&nbsp;<\/p>\n<hr \/>\n<blockquote>\n<p style=\"text-align: center\"><span style=\"color: #333399\">As informa\u00e7\u00f5es sobre os produtos s\u00e3o fornecidas de acordo com nosso melhor conhecimento e cren\u00e7a. Todas as medidas s\u00e3o aproximadas. O uso dos produtos oferecidos nesta loja \u00e9 por sua conta e risco. Cada pessoa reage de forma diferente a influ\u00eancias externas, prazer, dor, etc. Portanto, n\u00e3o nos responsabilizamos por uso indevido. Cada usu\u00e1rio assume total responsabilidade pelo uso e aplica\u00e7\u00e3o correta dos produtos e por quaisquer consequ\u00eancias imprevistas.<\/span><\/p>\n<\/blockquote>","protected":false},"excerpt":{"rendered":"<p>Prazo de entrega: 5 a 7 dias*<\/p>","protected":false},"featured_media":8562,"template":"","meta":[],"product_brand":[],"product_cat":[248],"product_tag":[310,345],"class_list":{"0":"post-3069","1":"product","2":"type-product","3":"status-publish","4":"has-post-thumbnail","6":"product_cat-klammern","7":"product_tag-klammer","8":"product_tag-nippelklemmen","10":"first","11":"instock","12":"taxable","13":"shipping-taxable","14":"purchasable","15":"product-type-simple"},"_links":{"self":[{"href":"https:\/\/bavarian-bondage.de\/pt\/wp-json\/wp\/v2\/product\/3069","targetHints":{"allow":["GET"]}}],"collection":[{"href":"https:\/\/bavarian-bondage.de\/pt\/wp-json\/wp\/v2\/product"}],"about":[{"href":"https:\/\/bavarian-bondage.de\/pt\/wp-json\/wp\/v2\/types\/product"}],"version-history":[{"count":1,"href":"https:\/\/bavarian-bondage.de\/pt\/wp-json\/wp\/v2\/product\/3069\/revisions"}],"predecessor-version":[{"id":5422,"href":"https:\/\/bavarian-bondage.de\/pt\/wp-json\/wp\/v2\/product\/3069\/revisions\/5422"}],"wp:featuredmedia":[{"embeddable":true,"href":"https:\/\/bavarian-bondage.de\/pt\/wp-json\/wp\/v2\/media\/8562"}],"wp:attachment":[{"href":"https:\/\/bavarian-bondage.de\/pt\/wp-json\/wp\/v2\/media?parent=3069"}],"wp:term":[{"taxonomy":"product_brand","embeddable":true,"href":"https:\/\/bavarian-bondage.de\/pt\/wp-json\/wp\/v2\/product_brand?post=3069"},{"taxonomy":"product_cat","embeddable":true,"href":"https:\/\/bavarian-bondage.de\/pt\/wp-json\/wp\/v2\/product_cat?post=3069"},{"taxonomy":"product_tag","embeddable":true,"href":"https:\/\/bavarian-bondage.de\/pt\/wp-json\/wp\/v2\/product_tag?post=3069"}],"curies":[{"name":"wp","href":"https:\/\/api.w.org\/{rel}","templated":true}]}}