{"id":3070,"date":"2020-10-17T11:57:13","date_gmt":"2020-10-17T09:57:13","guid":{"rendered":"https:\/\/bavarian-bondage.tivendo.com\/produkt\/import-placeholder-for-777\/"},"modified":"2026-03-28T10:42:31","modified_gmt":"2026-03-28T09:42:31","slug":"mosquetao-de-seguranca-de-aco","status":"publish","type":"product","link":"https:\/\/bavarian-bondage.de\/pt\/produkt\/stahl-sicherheitskarabiner\/","title":{"rendered":"Mosquet\u00e3o de seguran\u00e7a em a\u00e7o"},"content":{"rendered":"<h3 style=\"text-align: center\">Mosquet\u00e3o de a\u00e7o<\/h3>\n<p style=\"text-align: center\">Este mosquet\u00e3o de seguran\u00e7a em a\u00e7o galvanizado \u00e9 uma alternativa acess\u00edvel aos mosquet\u00f5es caros de a\u00e7o inoxid\u00e1vel ou alum\u00ednio. Pode ser usado para fixar um mosquet\u00e3o a uma argola, como extens\u00e3o de uma argola ou como ponto de fixa\u00e7\u00e3o de corda. Seu formato arredondado na parte superior e inferior o torna adequado para uma ampla gama de aplica\u00e7\u00f5es.<\/p>\n<p style=\"text-align: center\">A seguran\u00e7a tamb\u00e9m \u00e9 garantida com este mosquet\u00e3o. Girar a roda de alum\u00ednio para cima impede que o mosquet\u00e3o se abra acidentalmente.<\/p>\n<p><strong>Detalhes:<\/strong><\/p>\n<p>Material: A\u00e7o galvanizado, alum\u00ednio<br \/>\nDimens\u00f5es: C 10,5 cm \/ L 5 cm<br \/>\nAbertura: 1,8 cm<br \/>\nCapacidade de carga: fechado 25 kN<br \/>\nPeso: 160g<br \/>\nCor: Prateado<br \/>\nEN362:2004<\/p>\n<p>&nbsp;<\/p>\n<p>&nbsp;<\/p>\n<p><strong>Escopo da entrega:<\/strong> Mosquet\u00e3o de seguran\u00e7a em a\u00e7o<\/p>\n<p>&nbsp;<\/p>\n<hr \/>\n<blockquote>\n<p style=\"text-align: center\"><span style=\"color: #333399\">As informa\u00e7\u00f5es sobre os produtos s\u00e3o fornecidas de acordo com nosso melhor conhecimento e cren\u00e7a. Todas as medidas s\u00e3o aproximadas. O uso dos produtos oferecidos nesta loja \u00e9 por sua conta e risco. Cada pessoa reage de forma diferente a influ\u00eancias externas, prazer, dor, etc. Portanto, n\u00e3o nos responsabilizamos por uso indevido. Cada usu\u00e1rio assume total responsabilidade pelo uso e aplica\u00e7\u00e3o correta dos produtos e por quaisquer consequ\u00eancias imprevistas.<\/span><\/p>\n<\/blockquote>","protected":false},"excerpt":{"rendered":"<p>Prazo de entrega: 5 a 7 dias*<\/p>","protected":false},"featured_media":8176,"template":"","meta":[],"product_brand":[],"product_cat":[222,223],"product_tag":[],"class_list":{"0":"post-3070","1":"product","2":"type-product","3":"status-publish","4":"has-post-thumbnail","6":"product_cat-alle-produkte","7":"product_cat-zubehoer","9":"first","10":"instock","11":"taxable","12":"shipping-taxable","13":"purchasable","14":"product-type-simple"},"_links":{"self":[{"href":"https:\/\/bavarian-bondage.de\/pt\/wp-json\/wp\/v2\/product\/3070","targetHints":{"allow":["GET"]}}],"collection":[{"href":"https:\/\/bavarian-bondage.de\/pt\/wp-json\/wp\/v2\/product"}],"about":[{"href":"https:\/\/bavarian-bondage.de\/pt\/wp-json\/wp\/v2\/types\/product"}],"version-history":[{"count":5,"href":"https:\/\/bavarian-bondage.de\/pt\/wp-json\/wp\/v2\/product\/3070\/revisions"}],"predecessor-version":[{"id":14149,"href":"https:\/\/bavarian-bondage.de\/pt\/wp-json\/wp\/v2\/product\/3070\/revisions\/14149"}],"wp:featuredmedia":[{"embeddable":true,"href":"https:\/\/bavarian-bondage.de\/pt\/wp-json\/wp\/v2\/media\/8176"}],"wp:attachment":[{"href":"https:\/\/bavarian-bondage.de\/pt\/wp-json\/wp\/v2\/media?parent=3070"}],"wp:term":[{"taxonomy":"product_brand","embeddable":true,"href":"https:\/\/bavarian-bondage.de\/pt\/wp-json\/wp\/v2\/product_brand?post=3070"},{"taxonomy":"product_cat","embeddable":true,"href":"https:\/\/bavarian-bondage.de\/pt\/wp-json\/wp\/v2\/product_cat?post=3070"},{"taxonomy":"product_tag","embeddable":true,"href":"https:\/\/bavarian-bondage.de\/pt\/wp-json\/wp\/v2\/product_tag?post=3070"}],"curies":[{"name":"wp","href":"https:\/\/api.w.org\/{rel}","templated":true}]}}