{"id":3071,"date":"2020-10-17T12:58:13","date_gmt":"2020-10-17T10:58:13","guid":{"rendered":"https:\/\/bavarian-bondage.tivendo.com\/produkt\/import-placeholder-for-1070\/"},"modified":"2026-01-21T17:12:08","modified_gmt":"2026-01-21T16:12:08","slug":"corda-de-juta-padrao-6mm-corda-unica-exclusiva-de-8m","status":"publish","type":"product","link":"https:\/\/bavarian-bondage.de\/pt\/produkt\/juteseil-standard-6mm-exklusiv-einzelseil-8m\/","title":{"rendered":"Corda de juta padr\u00e3o de 6 mm (exclusiva); corda simples de 8 m"},"content":{"rendered":"<h3 style=\"text-align: center\">Corda de juta de 6 mm EXCLUSIVA<\/h3>\n<p style=\"text-align: center\">Substituir uma corda, ampliar o conjunto ou simplesmente verificar a qualidade.<\/p>\n<p style=\"text-align: center\">A corda de juta \u00e9 firmemente torcida e inicialmente um pouco r\u00edgida e \u00e1spera, mas isso melhora gradualmente com o uso! As cordas s\u00e3o limpas, desfiadas, flamejadas e, em seguida, oleadas. Feita de um \u00fanico fio, a corda \u00e9 cont\u00ednua, uniforme e sem n\u00f3s.<\/p>\n<p><strong>Detalhes:<\/strong><\/p>\n<p>Corda de juta 6mm EXCLUSIVA<br \/>\n3 eixos firmemente torcidos<br \/>\nCor de caramelo<br \/>\nn\u00f3s terminais pequenos<br \/>\nComprimento: 1 x 8 m<br \/>\n(O comprimento da corda pode variar em at\u00e9 3% em rela\u00e7\u00e3o ao comprimento indicado.)<\/p>\n<p>&nbsp;<\/p>\n<p><span style=\"color: #ff0000\"><strong>Um aviso:<\/strong><\/span><\/p>\n<p>Verifique regularmente se as cordas est\u00e3o desgastadas ou danificadas!<br \/>\nCom cordas torcidas ou dobradas, pode acontecer de elas se soltarem durante o uso!<br \/>\nSe poss\u00edvel, n\u00e3o lave as cordas de juta. O ideal \u00e9 limp\u00e1-las com um pano \u00famido.<\/p>\n<p>&nbsp;<\/p>\n<p><strong>Escopo da entrega:<\/strong> Corda de juta 1x8m 6mm EXCLUSIVA<\/p>\n<p>&nbsp;<\/p>\n<hr \/>\n<blockquote>\n<p style=\"text-align: center\"><span style=\"color: #333399\">As informa\u00e7\u00f5es sobre os produtos s\u00e3o fornecidas de acordo com nosso melhor conhecimento e cren\u00e7a. Todas as medidas s\u00e3o aproximadas. O uso dos produtos oferecidos nesta loja \u00e9 por sua conta e risco. Cada pessoa reage de forma diferente a influ\u00eancias externas, prazer, dor, etc. Portanto, n\u00e3o nos responsabilizamos por uso indevido. Cada usu\u00e1rio assume total responsabilidade pelo uso e aplica\u00e7\u00e3o correta dos produtos e por quaisquer consequ\u00eancias imprevistas.<\/span><\/p>\n<\/blockquote>","protected":false},"excerpt":{"rendered":"<p>Pre\u00e7o base: \u20ac 2,50\/m<\/p>\n<p>Prazo de entrega: 5 a 7 dias*<\/p>","protected":false},"featured_media":8475,"template":"","meta":[],"product_brand":[],"product_cat":[216,222,294,346],"product_tag":[261,284,297,347],"class_list":{"0":"post-3071","1":"product","2":"type-product","3":"status-publish","4":"has-post-thumbnail","6":"product_cat-bondageseile","7":"product_cat-alle-produkte","8":"product_cat-juteseile","9":"product_cat-juteseil-6mm","10":"product_tag-bondageseil","11":"product_tag-6mm","12":"product_tag-juteseil","13":"product_tag-fesselset","15":"first","16":"instock","17":"taxable","18":"shipping-taxable","19":"purchasable","20":"product-type-simple"},"_links":{"self":[{"href":"https:\/\/bavarian-bondage.de\/pt\/wp-json\/wp\/v2\/product\/3071","targetHints":{"allow":["GET"]}}],"collection":[{"href":"https:\/\/bavarian-bondage.de\/pt\/wp-json\/wp\/v2\/product"}],"about":[{"href":"https:\/\/bavarian-bondage.de\/pt\/wp-json\/wp\/v2\/types\/product"}],"version-history":[{"count":5,"href":"https:\/\/bavarian-bondage.de\/pt\/wp-json\/wp\/v2\/product\/3071\/revisions"}],"predecessor-version":[{"id":15984,"href":"https:\/\/bavarian-bondage.de\/pt\/wp-json\/wp\/v2\/product\/3071\/revisions\/15984"}],"wp:featuredmedia":[{"embeddable":true,"href":"https:\/\/bavarian-bondage.de\/pt\/wp-json\/wp\/v2\/media\/8475"}],"wp:attachment":[{"href":"https:\/\/bavarian-bondage.de\/pt\/wp-json\/wp\/v2\/media?parent=3071"}],"wp:term":[{"taxonomy":"product_brand","embeddable":true,"href":"https:\/\/bavarian-bondage.de\/pt\/wp-json\/wp\/v2\/product_brand?post=3071"},{"taxonomy":"product_cat","embeddable":true,"href":"https:\/\/bavarian-bondage.de\/pt\/wp-json\/wp\/v2\/product_cat?post=3071"},{"taxonomy":"product_tag","embeddable":true,"href":"https:\/\/bavarian-bondage.de\/pt\/wp-json\/wp\/v2\/product_tag?post=3071"}],"curies":[{"name":"wp","href":"https:\/\/api.w.org\/{rel}","templated":true}]}}