{"id":3073,"date":"2020-10-17T12:57:13","date_gmt":"2020-10-17T10:57:13","guid":{"rendered":"https:\/\/bavarian-bondage.tivendo.com\/produkt\/import-placeholder-for-1074\/"},"modified":"2025-12-23T16:56:52","modified_gmt":"2025-12-23T15:56:52","slug":"corda-de-juta-padrao-6mm-corda-unica-exclusiva-de-4m","status":"publish","type":"product","link":"https:\/\/bavarian-bondage.de\/pt\/produkt\/juteseil-standard-6mm-exklusiv-einzelseil-4m\/","title":{"rendered":"Corda de juta padr\u00e3o de 6 mm (exclusiva); corda simples de 4 m"},"content":{"rendered":"<h3 style=\"text-align: center\">Corda de juta de 6 mm EXCLUSIVA<\/h3>\n<p style=\"text-align: center\">Substituir uma corda, ampliar o conjunto ou simplesmente verificar a qualidade.<\/p>\n<p style=\"text-align: center\">A corda de juta \u00e9 firmemente torcida e inicialmente um pouco r\u00edgida e \u00e1spera, mas isso melhora gradualmente com o uso! As cordas s\u00e3o limpas, desfiadas, flamejadas e, em seguida, oleadas. Al\u00e9m disso, a corda recebe um acabamento com pequenos n\u00f3s nas extremidades. Esse processo de acabamento confere \u00e0 corda de juta uma bela cor caramelo. A corda \u00e9 feita de um \u00fanico fio e, portanto, \u00e9 cont\u00ednua, uniforme e sem n\u00f3s.<\/p>\n<p><strong>Detalhes:<\/strong><\/p>\n<p>Corda de juta 6mm EXCLUSIVA<br \/>\n3 eixos firmemente torcidos<br \/>\nCor de caramelo<br \/>\nn\u00f3s terminais pequenos<br \/>\nDimens\u00f5es: 1x4m<br \/>\n(O comprimento da corda pode variar em at\u00e9 3% em rela\u00e7\u00e3o ao comprimento indicado.)<\/p>\n<p>&nbsp;<\/p>\n<p><span style=\"color: #ff0000\"><strong>Um aviso:<\/strong><\/span><\/p>\n<p>Verifique regularmente se as cordas est\u00e3o desgastadas ou danificadas!<br \/>\nCom cordas torcidas ou dobradas, pode acontecer de elas se soltarem durante o uso!<br \/>\nAs cordas de juta n\u00e3o devem ser lavadas. \u00c9 melhor limp\u00e1-las com um pano \u00famido.<\/p>\n<p>&nbsp;<\/p>\n<p><strong><span style=\"color: #000000\">Escopo da entrega:<\/span><\/strong> Corda de juta 1x4m 6mm EXCLUSIVA<\/p>\n<p>&nbsp;<\/p>\n<hr \/>\n<blockquote>\n<p style=\"text-align: center\"><span style=\"color: #333399\">As informa\u00e7\u00f5es sobre os produtos s\u00e3o fornecidas de acordo com nosso melhor conhecimento e cren\u00e7a. Todas as medidas s\u00e3o aproximadas. O uso dos produtos oferecidos nesta loja \u00e9 por sua conta e risco. Cada pessoa reage de forma diferente a influ\u00eancias externas, prazer, dor, etc. Portanto, n\u00e3o nos responsabilizamos por uso indevido. Cada usu\u00e1rio assume total responsabilidade pelo uso e aplica\u00e7\u00e3o correta dos produtos e por quaisquer consequ\u00eancias imprevistas.<\/span><\/p>\n<\/blockquote>","protected":false},"excerpt":{"rendered":"<p>Pre\u00e7o base: \u20ac 2,63\/m\u00b2<\/p>\n<p>Prazo de entrega: 5 a 7 dias*<\/p>","protected":false},"featured_media":8471,"template":"","meta":[],"product_brand":[],"product_cat":[346,216,222,294],"product_tag":[297,348,227],"class_list":{"0":"post-3073","1":"product","2":"type-product","3":"status-publish","4":"has-post-thumbnail","6":"product_cat-juteseil-6mm","7":"product_cat-bondageseile","8":"product_cat-alle-produkte","9":"product_cat-juteseile","10":"product_tag-juteseil","11":"product_tag-fest-gedreht","12":"product_tag-bondage","14":"first","15":"instock","16":"taxable","17":"shipping-taxable","18":"purchasable","19":"product-type-simple"},"_links":{"self":[{"href":"https:\/\/bavarian-bondage.de\/pt\/wp-json\/wp\/v2\/product\/3073","targetHints":{"allow":["GET"]}}],"collection":[{"href":"https:\/\/bavarian-bondage.de\/pt\/wp-json\/wp\/v2\/product"}],"about":[{"href":"https:\/\/bavarian-bondage.de\/pt\/wp-json\/wp\/v2\/types\/product"}],"version-history":[{"count":5,"href":"https:\/\/bavarian-bondage.de\/pt\/wp-json\/wp\/v2\/product\/3073\/revisions"}],"predecessor-version":[{"id":15983,"href":"https:\/\/bavarian-bondage.de\/pt\/wp-json\/wp\/v2\/product\/3073\/revisions\/15983"}],"wp:featuredmedia":[{"embeddable":true,"href":"https:\/\/bavarian-bondage.de\/pt\/wp-json\/wp\/v2\/media\/8471"}],"wp:attachment":[{"href":"https:\/\/bavarian-bondage.de\/pt\/wp-json\/wp\/v2\/media?parent=3073"}],"wp:term":[{"taxonomy":"product_brand","embeddable":true,"href":"https:\/\/bavarian-bondage.de\/pt\/wp-json\/wp\/v2\/product_brand?post=3073"},{"taxonomy":"product_cat","embeddable":true,"href":"https:\/\/bavarian-bondage.de\/pt\/wp-json\/wp\/v2\/product_cat?post=3073"},{"taxonomy":"product_tag","embeddable":true,"href":"https:\/\/bavarian-bondage.de\/pt\/wp-json\/wp\/v2\/product_tag?post=3073"}],"curies":[{"name":"wp","href":"https:\/\/api.w.org\/{rel}","templated":true}]}}