{"id":3074,"date":"2020-10-17T12:56:13","date_gmt":"2020-10-17T10:56:13","guid":{"rendered":"https:\/\/bavarian-bondage.tivendo.com\/produkt\/import-placeholder-for-1076\/"},"modified":"2026-03-09T20:51:05","modified_gmt":"2026-03-09T19:51:05","slug":"corda-de-juta-padrao-6mm-classica-corda-simples-de-4m","status":"publish","type":"product","link":"https:\/\/bavarian-bondage.de\/pt\/produkt\/juteseil-standard-6mm-klassik-einzelseil-4m\/","title":{"rendered":"Corda de juta padr\u00e3o de 6 mm, estilo cl\u00e1ssico; corda \u00fanica de 4 m"},"content":{"rendered":"<h3 style=\"text-align: center\">Corda de juta cl\u00e1ssica de 6 mm<\/h3>\n<p style=\"text-align: center\">Substituir uma corda, ampliar o conjunto ou simplesmente verificar a qualidade.<\/p>\n<p style=\"text-align: center\">Inicialmente, as cordas s\u00e3o um pouco r\u00edgidas e \u00e1speras devido \u00e0 sua tor\u00e7\u00e3o apertada, mas isso muda rapidamente com o uso. A corda de juta praticamente n\u00e3o tem odor; apresenta apenas um leve aroma do \u00f3leo de tratamento utilizado. As extremidades da corda s\u00e3o finalizadas com um n\u00f3 simples. A cor caramelo, resultante do tratamento com chama, confere \u00e0 corda uma bela apar\u00eancia. A corda \u00e9 feita de um \u00fanico fio, o que a torna uniforme e sem n\u00f3s em toda a sua extens\u00e3o.<\/p>\n<p><strong>Detalhes:<\/strong><\/p>\n<p>Corda de juta 6mm CL\u00c1SSICA<br \/>\n3 eixos firmemente torcidos<br \/>\nCor de caramelo<br \/>\nN\u00f3s simples normais<br \/>\nDimens\u00f5es: 1x4m<br \/>\n(O comprimento da corda pode variar em at\u00e9 3% em rela\u00e7\u00e3o ao comprimento indicado.)<\/p>\n<p>&nbsp;<\/p>\n<p><strong><span style=\"color: #ff0000\">Um aviso:<\/span><\/strong><\/p>\n<p>Verifique regularmente se as cordas est\u00e3o desgastadas ou danificadas!<br \/>\nCom cordas torcidas ou dobradas, pode acontecer de elas se soltarem durante o uso!<br \/>\nAs cordas de juta n\u00e3o devem ser lavadas. \u00c9 melhor limp\u00e1-las com um pano \u00famido.<\/p>\n<p><strong>Escopo da entrega:<\/strong> Corda de juta 1x4m 6mm CL\u00c1SSICA<\/p>\n<p>&nbsp;<\/p>\n<hr \/>\n<blockquote>\n<p style=\"text-align: center\"><span style=\"color: #333399\">As informa\u00e7\u00f5es sobre os produtos s\u00e3o fornecidas de acordo com nosso melhor conhecimento e cren\u00e7a. Todas as medidas s\u00e3o aproximadas. O uso dos produtos oferecidos nesta loja \u00e9 por sua conta e risco. Cada pessoa reage de forma diferente a influ\u00eancias externas, prazer, dor, etc. Portanto, n\u00e3o nos responsabilizamos por uso indevido. Cada usu\u00e1rio assume total responsabilidade pelo uso e aplica\u00e7\u00e3o correta dos produtos e por quaisquer consequ\u00eancias imprevistas.<\/span><\/p>\n<\/blockquote>","protected":false},"excerpt":{"rendered":"<p>Pre\u00e7o base: \u20ac 2,38\/m\u00b2<\/p>\n<p>Prazo de entrega: 5 a 7 dias*<\/p>","protected":false},"featured_media":8472,"template":"","meta":[],"product_brand":[],"product_cat":[216,222,294,346],"product_tag":[221,261,284,297],"class_list":{"0":"post-3074","1":"product","2":"type-product","3":"status-publish","4":"has-post-thumbnail","6":"product_cat-bondageseile","7":"product_cat-alle-produkte","8":"product_cat-juteseile","9":"product_cat-juteseil-6mm","10":"product_tag-seilset","11":"product_tag-bondageseil","12":"product_tag-6mm","13":"product_tag-juteseil","15":"first","16":"instock","17":"taxable","18":"shipping-taxable","19":"purchasable","20":"product-type-simple"},"_links":{"self":[{"href":"https:\/\/bavarian-bondage.de\/pt\/wp-json\/wp\/v2\/product\/3074","targetHints":{"allow":["GET"]}}],"collection":[{"href":"https:\/\/bavarian-bondage.de\/pt\/wp-json\/wp\/v2\/product"}],"about":[{"href":"https:\/\/bavarian-bondage.de\/pt\/wp-json\/wp\/v2\/types\/product"}],"version-history":[{"count":5,"href":"https:\/\/bavarian-bondage.de\/pt\/wp-json\/wp\/v2\/product\/3074\/revisions"}],"predecessor-version":[{"id":16149,"href":"https:\/\/bavarian-bondage.de\/pt\/wp-json\/wp\/v2\/product\/3074\/revisions\/16149"}],"wp:featuredmedia":[{"embeddable":true,"href":"https:\/\/bavarian-bondage.de\/pt\/wp-json\/wp\/v2\/media\/8472"}],"wp:attachment":[{"href":"https:\/\/bavarian-bondage.de\/pt\/wp-json\/wp\/v2\/media?parent=3074"}],"wp:term":[{"taxonomy":"product_brand","embeddable":true,"href":"https:\/\/bavarian-bondage.de\/pt\/wp-json\/wp\/v2\/product_brand?post=3074"},{"taxonomy":"product_cat","embeddable":true,"href":"https:\/\/bavarian-bondage.de\/pt\/wp-json\/wp\/v2\/product_cat?post=3074"},{"taxonomy":"product_tag","embeddable":true,"href":"https:\/\/bavarian-bondage.de\/pt\/wp-json\/wp\/v2\/product_tag?post=3074"}],"curies":[{"name":"wp","href":"https:\/\/api.w.org\/{rel}","templated":true}]}}