{"id":3079,"date":"2020-10-17T13:00:14","date_gmt":"2020-10-17T11:00:14","guid":{"rendered":"https:\/\/bavarian-bondage.tivendo.com\/produkt\/import-placeholder-for-1086\/"},"modified":"2025-12-01T22:40:07","modified_gmt":"2025-12-01T21:40:07","slug":"corda-de-juta-padrao-6mm-conjunto-exclusivo-7x8-e-2x4m","status":"publish","type":"product","link":"https:\/\/bavarian-bondage.de\/pt\/produkt\/juteseil-standard-6mm-exklusiv-set-7x8-und-2x4m\/","title":{"rendered":"Corda de juta padr\u00e3o de 6 mm (exclusiva); Conjunto de 7x8 m e 2x4 m"},"content":{"rendered":"<h3 style=\"text-align: center\">Corda de juta de 6 mm EXCLUSIVA<\/h3>\n<p style=\"text-align: center\">Conjunto completo para iniciantes e profissionais. As sete cordas longas s\u00e3o geralmente suficientes para todas as t\u00e9cnicas de bondage. O conjunto \u00e9 complementado por duas cordas de quatro metros, que s\u00e3o vers\u00e1teis em seu uso!<\/p>\n<p style=\"text-align: center\">Inicialmente, as cordas s\u00e3o um pouco r\u00edgidas e \u00e1speras devido \u00e0 sua tor\u00e7\u00e3o acentuada, mas isso melhora rapidamente com o uso. As extremidades das cordas s\u00e3o finalizadas com pequenos n\u00f3s. Um processo de acabamento confere \u00e0 corda de juta uma bela cor caramelo. A corda \u00e9 feita de um \u00fanico fio, o que a torna uniforme e sem n\u00f3s em toda a sua extens\u00e3o.<\/p>\n<p><strong>Detalhes:<\/strong><\/p>\n<p>Corda de juta 6mm EXCLUSIVA<br \/>\n3 eixos firmemente torcidos<br \/>\nCor de caramelo<br \/>\nn\u00f3s terminais pequenos<br \/>\nDimens\u00f5es: 7x8m \/ 2x4m<br \/>\n(O comprimento da corda pode variar em at\u00e9 3% em rela\u00e7\u00e3o ao comprimento indicado.)<\/p>\n<p>&nbsp;<\/p>\n<p><span style=\"color: #ff0000\"><strong>Um aviso:<\/strong><\/span><\/p>\n<p>Verifique regularmente se as cordas apresentam desgaste ou danos! Cordas torcidas ou emaranhadas podem afrouxar durante o uso! N\u00e3o lave cordas de juta. Limpe-as com um pano \u00famido.<\/p>\n<p>&nbsp;<\/p>\n<p>Conte\u00fado da embalagem: corda de juta de 6 mm, 7x8 m e 2x4 m (EXCLUSIVO)<\/p>\n<p>&nbsp;<\/p>\n<hr \/>\n<blockquote>\n<p style=\"text-align: center\"><span style=\"color: #333399\">As informa\u00e7\u00f5es sobre os produtos s\u00e3o fornecidas de acordo com nosso melhor conhecimento e cren\u00e7a. Todas as medidas s\u00e3o aproximadas. O uso dos produtos oferecidos nesta loja \u00e9 por sua conta e risco. Cada pessoa reage de forma diferente a influ\u00eancias externas, prazer, dor, etc. Portanto, n\u00e3o nos responsabilizamos por uso indevido. Cada usu\u00e1rio assume total responsabilidade pelo uso e aplica\u00e7\u00e3o correta dos produtos e por quaisquer consequ\u00eancias imprevistas.<\/span><\/p>\n<\/blockquote>","protected":false},"excerpt":{"rendered":"<p>Pre\u00e7o base: \u20ac 2,16\/m\u00b2<\/p>\n<p>Prazo de entrega: 5 a 7 dias*<\/p>","protected":false},"featured_media":8473,"template":"","meta":[],"product_brand":[],"product_cat":[216,222,294,346],"product_tag":[],"class_list":{"0":"post-3079","1":"product","2":"type-product","3":"status-publish","4":"has-post-thumbnail","6":"product_cat-bondageseile","7":"product_cat-alle-produkte","8":"product_cat-juteseile","9":"product_cat-juteseil-6mm","11":"first","12":"instock","13":"taxable","14":"shipping-taxable","15":"purchasable","16":"product-type-simple"},"_links":{"self":[{"href":"https:\/\/bavarian-bondage.de\/pt\/wp-json\/wp\/v2\/product\/3079","targetHints":{"allow":["GET"]}}],"collection":[{"href":"https:\/\/bavarian-bondage.de\/pt\/wp-json\/wp\/v2\/product"}],"about":[{"href":"https:\/\/bavarian-bondage.de\/pt\/wp-json\/wp\/v2\/types\/product"}],"version-history":[{"count":5,"href":"https:\/\/bavarian-bondage.de\/pt\/wp-json\/wp\/v2\/product\/3079\/revisions"}],"predecessor-version":[{"id":15986,"href":"https:\/\/bavarian-bondage.de\/pt\/wp-json\/wp\/v2\/product\/3079\/revisions\/15986"}],"wp:featuredmedia":[{"embeddable":true,"href":"https:\/\/bavarian-bondage.de\/pt\/wp-json\/wp\/v2\/media\/8473"}],"wp:attachment":[{"href":"https:\/\/bavarian-bondage.de\/pt\/wp-json\/wp\/v2\/media?parent=3079"}],"wp:term":[{"taxonomy":"product_brand","embeddable":true,"href":"https:\/\/bavarian-bondage.de\/pt\/wp-json\/wp\/v2\/product_brand?post=3079"},{"taxonomy":"product_cat","embeddable":true,"href":"https:\/\/bavarian-bondage.de\/pt\/wp-json\/wp\/v2\/product_cat?post=3079"},{"taxonomy":"product_tag","embeddable":true,"href":"https:\/\/bavarian-bondage.de\/pt\/wp-json\/wp\/v2\/product_tag?post=3079"}],"curies":[{"name":"wp","href":"https:\/\/api.w.org\/{rel}","templated":true}]}}