{"id":3093,"date":"2020-10-17T12:51:22","date_gmt":"2020-10-17T10:51:22","guid":{"rendered":"https:\/\/bavarian-bondage.tivendo.com\/produkt\/import-placeholder-for-1525\/"},"modified":"2026-03-22T17:09:01","modified_gmt":"2026-03-22T16:09:01","slug":"corda-unica-exclusiva-de-juta-de-alta-qualidade-6-mm-4-m","status":"publish","type":"product","link":"https:\/\/bavarian-bondage.de\/pt\/produkt\/high-class-jute-6mm-exklusiv-einzelseil-4m\/","title":{"rendered":"Juta de alta qualidade 6mm EXCLUSIVA; corda simples de 4m"},"content":{"rendered":"<h3 style=\"text-align: center\">Juta de alta qualidade 6mm EXCLUSIVA<\/h3>\n<p style=\"text-align: center\">Substituir uma corda, ampliar o conjunto ou simplesmente verificar a qualidade.<\/p>\n<p style=\"text-align: center\">Mesmo durante o processo de fabrica\u00e7\u00e3o das cordas, os mais altos padr\u00f5es de qualidade s\u00e3o mantidos, o que beneficia muito seu uso posterior. As cordas s\u00e3o ent\u00e3o cuidadosamente processadas e finalizadas \u00e0 m\u00e3o.<\/p>\n<p style=\"text-align: center\">As extremidades s\u00e3o finalizadas com pequenos n\u00f3s trisken, o que facilita bastante a amarra\u00e7\u00e3o.<\/p>\n<p>&nbsp;<\/p>\n<p><strong>Detalhes:<\/strong><\/p>\n<p>Juta de alta qualidade 6mm EXCLUSIVA<br \/>\ntorcido de 3 eixos<br \/>\nCor caramelo claro<br \/>\nn\u00f3s terminais pequenos<br \/>\nDimens\u00f5es: 1x4m<br \/>\n(O comprimento da corda pode variar em at\u00e9 3% em rela\u00e7\u00e3o ao comprimento indicado.)<\/p>\n<p>&nbsp;<\/p>\n<p><span style=\"color: #ff0000\"><strong>Um aviso:<\/strong><\/span><\/p>\n<p>Verifique regularmente se as cordas est\u00e3o desgastadas ou danificadas!<br \/>\nCom cordas torcidas ou dobradas, pode acontecer de elas se soltarem durante o uso!<br \/>\nN\u00e3o lave cordas de juta. O ideal \u00e9 limp\u00e1-las com um pano \u00famido.<\/p>\n<p>&nbsp;<\/p>\n<p><strong>Escopo da entrega:<\/strong> Juta de alta qualidade 1x4m 6mm EXCLUSIVA<\/p>\n<p>&nbsp;<\/p>\n<hr \/>\n<blockquote>\n<p style=\"text-align: center\"><span style=\"color: #333399\">As informa\u00e7\u00f5es sobre os produtos s\u00e3o fornecidas de acordo com nosso melhor conhecimento e cren\u00e7a. Todas as medidas s\u00e3o aproximadas. O uso dos produtos oferecidos nesta loja \u00e9 por sua conta e risco. Cada pessoa reage de forma diferente a influ\u00eancias externas, prazer, dor, etc. Portanto, n\u00e3o nos responsabilizamos por uso indevido. Cada usu\u00e1rio assume total responsabilidade pelo uso e aplica\u00e7\u00e3o correta dos produtos e por quaisquer consequ\u00eancias imprevistas.<\/span><\/p>\n<\/blockquote>","protected":false},"excerpt":{"rendered":"<p>Pre\u00e7o base: \u20ac 3,73\/m<\/p>\n<p>Prazo de entrega: 5 a 7 dias*<\/p>","protected":false},"featured_media":8352,"template":"","meta":[],"product_brand":[],"product_cat":[222,294,353,216],"product_tag":[221,261,296],"class_list":{"0":"post-3093","1":"product","2":"type-product","3":"status-publish","4":"has-post-thumbnail","6":"product_cat-alle-produkte","7":"product_cat-juteseile","8":"product_cat-high-class-jute-6mm","9":"product_cat-bondageseile","10":"product_tag-seilset","11":"product_tag-bondageseil","12":"product_tag-high-class-jute","14":"first","15":"instock","16":"taxable","17":"shipping-taxable","18":"purchasable","19":"product-type-simple"},"_links":{"self":[{"href":"https:\/\/bavarian-bondage.de\/pt\/wp-json\/wp\/v2\/product\/3093","targetHints":{"allow":["GET"]}}],"collection":[{"href":"https:\/\/bavarian-bondage.de\/pt\/wp-json\/wp\/v2\/product"}],"about":[{"href":"https:\/\/bavarian-bondage.de\/pt\/wp-json\/wp\/v2\/types\/product"}],"version-history":[{"count":5,"href":"https:\/\/bavarian-bondage.de\/pt\/wp-json\/wp\/v2\/product\/3093\/revisions"}],"predecessor-version":[{"id":13834,"href":"https:\/\/bavarian-bondage.de\/pt\/wp-json\/wp\/v2\/product\/3093\/revisions\/13834"}],"wp:featuredmedia":[{"embeddable":true,"href":"https:\/\/bavarian-bondage.de\/pt\/wp-json\/wp\/v2\/media\/8352"}],"wp:attachment":[{"href":"https:\/\/bavarian-bondage.de\/pt\/wp-json\/wp\/v2\/media?parent=3093"}],"wp:term":[{"taxonomy":"product_brand","embeddable":true,"href":"https:\/\/bavarian-bondage.de\/pt\/wp-json\/wp\/v2\/product_brand?post=3093"},{"taxonomy":"product_cat","embeddable":true,"href":"https:\/\/bavarian-bondage.de\/pt\/wp-json\/wp\/v2\/product_cat?post=3093"},{"taxonomy":"product_tag","embeddable":true,"href":"https:\/\/bavarian-bondage.de\/pt\/wp-json\/wp\/v2\/product_tag?post=3093"}],"curies":[{"name":"wp","href":"https:\/\/api.w.org\/{rel}","templated":true}]}}