{"id":3109,"date":"2021-01-02T17:37:24","date_gmt":"2021-01-02T16:37:24","guid":{"rendered":"https:\/\/bavarian-bondage.tivendo.com\/produkt\/import-placeholder-for-1696\/"},"modified":"2026-04-11T23:55:58","modified_gmt":"2026-04-11T21:55:58","slug":"chicote-de-corda","status":"publish","type":"product","link":"https:\/\/bavarian-bondage.de\/pt\/produkt\/seilpeitsche\/","title":{"rendered":"chicote de corda curta"},"content":{"rendered":"<h3 style=\"text-align: center\">chicote de corda curta<\/h3>\n<p style=\"text-align: center\">O chicote de corda \u00e9 o acess\u00f3rio perfeito para sua sess\u00e3o de bondage. \u00c9 composto por vinte tiras de corda de c\u00e2nhamo de 4 mm de espessura, unidas por pequenos n\u00f3s trisken. O cabo de a\u00e7o inoxid\u00e1vel e os dois elementos de madeira de nogueira conferem-lhe um visual elegante.<\/p>\n<p><strong>Detalhes:<\/strong><\/p>\n<p>Material: Madeira, corda de c\u00e2nhamo, a\u00e7o inoxid\u00e1vel<br \/>\nComprimento: aprox. 55 cm<br \/>\nDi\u00e2metro do cabo: 22 mm<\/p>\n<p><strong>Escopo da entrega:<\/strong> Chicote de corda curta; cor selecion\u00e1vel<\/p>\n<p>&nbsp;<\/p>\n<hr \/>\n<blockquote>\n<p style=\"text-align: center\"><span style=\"color: #333399\">As informa\u00e7\u00f5es sobre os produtos s\u00e3o fornecidas de acordo com nosso melhor conhecimento e cren\u00e7a. Todas as medidas s\u00e3o aproximadas. O uso dos produtos oferecidos nesta loja \u00e9 por sua conta e risco. Cada pessoa reage de forma diferente a influ\u00eancias externas, prazer, dor, etc. Portanto, n\u00e3o nos responsabilizamos por uso indevido. Cada usu\u00e1rio assume total responsabilidade pelo uso e aplica\u00e7\u00e3o correta dos produtos e por quaisquer consequ\u00eancias imprevistas.<\/span><\/p>\n<\/blockquote>","protected":false},"excerpt":{"rendered":"<p>Prazo de entrega: 5 a 7 dias*<\/p>","protected":false},"featured_media":14069,"template":"","meta":[],"product_brand":[],"product_cat":[224,252],"product_tag":[],"class_list":{"0":"post-3109","1":"product","2":"type-product","3":"status-publish","4":"has-post-thumbnail","6":"product_cat-lustschmerz","7":"product_cat-peitschen-gerten","9":"first","10":"instock","11":"taxable","12":"shipping-taxable","13":"purchasable","14":"product-type-variable"},"_links":{"self":[{"href":"https:\/\/bavarian-bondage.de\/pt\/wp-json\/wp\/v2\/product\/3109","targetHints":{"allow":["GET"]}}],"collection":[{"href":"https:\/\/bavarian-bondage.de\/pt\/wp-json\/wp\/v2\/product"}],"about":[{"href":"https:\/\/bavarian-bondage.de\/pt\/wp-json\/wp\/v2\/types\/product"}],"version-history":[{"count":6,"href":"https:\/\/bavarian-bondage.de\/pt\/wp-json\/wp\/v2\/product\/3109\/revisions"}],"predecessor-version":[{"id":4511,"href":"https:\/\/bavarian-bondage.de\/pt\/wp-json\/wp\/v2\/product\/3109\/revisions\/4511"}],"wp:featuredmedia":[{"embeddable":true,"href":"https:\/\/bavarian-bondage.de\/pt\/wp-json\/wp\/v2\/media\/14069"}],"wp:attachment":[{"href":"https:\/\/bavarian-bondage.de\/pt\/wp-json\/wp\/v2\/media?parent=3109"}],"wp:term":[{"taxonomy":"product_brand","embeddable":true,"href":"https:\/\/bavarian-bondage.de\/pt\/wp-json\/wp\/v2\/product_brand?post=3109"},{"taxonomy":"product_cat","embeddable":true,"href":"https:\/\/bavarian-bondage.de\/pt\/wp-json\/wp\/v2\/product_cat?post=3109"},{"taxonomy":"product_tag","embeddable":true,"href":"https:\/\/bavarian-bondage.de\/pt\/wp-json\/wp\/v2\/product_tag?post=3109"}],"curies":[{"name":"wp","href":"https:\/\/api.w.org\/{rel}","templated":true}]}}