{"id":3111,"date":"2020-10-17T12:57:24","date_gmt":"2020-10-17T10:57:24","guid":{"rendered":"https:\/\/bavarian-bondage.tivendo.com\/produkt\/import-placeholder-for-1704\/"},"modified":"2026-01-05T09:25:10","modified_gmt":"2026-01-05T08:25:10","slug":"chicote-de-bambu","status":"publish","type":"product","link":"https:\/\/bavarian-bondage.de\/pt\/produkt\/bambus-flogger\/","title":{"rendered":"chicotes de bambu"},"content":{"rendered":"<h3 style=\"text-align: center\">chicotes de bambu<\/h3>\n<p style=\"text-align: center\">O chicote de bambu \u00e9 uma alternativa interessante aos chicotes tradicionais. Assim como o nosso chicote de corda, o cabo \u00e9 feito de a\u00e7o inoxid\u00e1vel com acabamento em madeira de nogueira. O chicote \u00e9 composto por 16 varetas de bambu, cada uma com 5 mm de di\u00e2metro. Quando as varetas se chocam, produzem um estalo relativamente alto, o que pode tornar seu uso bastante excitante.<\/p>\n<p>&nbsp;<\/p>\n<p><strong>Detalhes:<\/strong><\/p>\n<p>Material: A\u00e7o inoxid\u00e1vel, bambu, madeira de nogueira<br \/>\nCor: Prateado, castanho claro<br \/>\nComprimento total: 51 cm<br \/>\nComprimento do cabo: 14,5 cm<br \/>\nLargura do cabo: 21 mm<\/p>\n<p>&nbsp;<\/p>\n<p><strong>Escopo da entrega:<\/strong> 1 Chicote de Bambu<\/p>\n<p>&nbsp;<\/p>\n<hr \/>\n<blockquote>\n<p style=\"text-align: center\"><span style=\"color: #333399\">\u00a0As informa\u00e7\u00f5es sobre os produtos s\u00e3o fornecidas de acordo com nosso melhor conhecimento e cren\u00e7a. Todas as medidas s\u00e3o aproximadas. O uso dos produtos oferecidos nesta loja \u00e9 por sua conta e risco. Cada pessoa reage de forma diferente a influ\u00eancias externas, prazer, dor, etc. Portanto, n\u00e3o nos responsabilizamos por uso indevido. Cada usu\u00e1rio assume total responsabilidade pelo uso e aplica\u00e7\u00e3o correta dos produtos e por quaisquer consequ\u00eancias imprevistas.<\/span><\/p>\n<\/blockquote>","protected":false},"excerpt":{"rendered":"<p>Prazo de entrega: 5 a 7 dias*<\/p>","protected":false},"featured_media":8654,"template":"","meta":[],"product_brand":[],"product_cat":[222,224,252],"product_tag":[],"class_list":{"0":"post-3111","1":"product","2":"type-product","3":"status-publish","4":"has-post-thumbnail","6":"product_cat-alle-produkte","7":"product_cat-lustschmerz","8":"product_cat-peitschen-gerten","10":"first","11":"outofstock","12":"taxable","13":"shipping-taxable","14":"purchasable","15":"product-type-simple"},"_links":{"self":[{"href":"https:\/\/bavarian-bondage.de\/pt\/wp-json\/wp\/v2\/product\/3111","targetHints":{"allow":["GET"]}}],"collection":[{"href":"https:\/\/bavarian-bondage.de\/pt\/wp-json\/wp\/v2\/product"}],"about":[{"href":"https:\/\/bavarian-bondage.de\/pt\/wp-json\/wp\/v2\/types\/product"}],"version-history":[{"count":3,"href":"https:\/\/bavarian-bondage.de\/pt\/wp-json\/wp\/v2\/product\/3111\/revisions"}],"predecessor-version":[{"id":13984,"href":"https:\/\/bavarian-bondage.de\/pt\/wp-json\/wp\/v2\/product\/3111\/revisions\/13984"}],"wp:featuredmedia":[{"embeddable":true,"href":"https:\/\/bavarian-bondage.de\/pt\/wp-json\/wp\/v2\/media\/8654"}],"wp:attachment":[{"href":"https:\/\/bavarian-bondage.de\/pt\/wp-json\/wp\/v2\/media?parent=3111"}],"wp:term":[{"taxonomy":"product_brand","embeddable":true,"href":"https:\/\/bavarian-bondage.de\/pt\/wp-json\/wp\/v2\/product_brand?post=3111"},{"taxonomy":"product_cat","embeddable":true,"href":"https:\/\/bavarian-bondage.de\/pt\/wp-json\/wp\/v2\/product_cat?post=3111"},{"taxonomy":"product_tag","embeddable":true,"href":"https:\/\/bavarian-bondage.de\/pt\/wp-json\/wp\/v2\/product_tag?post=3111"}],"curies":[{"name":"wp","href":"https:\/\/api.w.org\/{rel}","templated":true}]}}