{"id":3116,"date":"2020-10-17T12:57:25","date_gmt":"2020-10-17T10:57:25","guid":{"rendered":"https:\/\/bavarian-bondage.tivendo.com\/produkt\/import-placeholder-for-1719\/"},"modified":"2026-05-12T13:54:54","modified_gmt":"2026-05-12T11:54:54","slug":"shibaku-volume-1","status":"publish","type":"product","link":"https:\/\/bavarian-bondage.de\/pt\/produkt\/shibaku-band-1\/","title":{"rendered":"Shibaku Volume 1"},"content":{"rendered":"<h2 style=\"text-align: center\">\u00a0Shibaku Volume 1<\/h2>\n<h3 style=\"text-align: center\">FUNDAMENTOS E NO\u00c7\u00d5ES B\u00c1SICAS (Brochura)<\/h3>\n<p style=\"text-align: center\">Os fundamentos do trabalho com cordas e modelos s\u00e3o apresentados e descritos em 11 cap\u00edtulos. V\u00e1rios processos s\u00e3o ilustrados passo a passo em 176 p\u00e1ginas com mais de 500 ilustra\u00e7\u00f5es coloridas.<\/p>\n<p>&nbsp;<\/p>\n<p><strong>Os cap\u00edtulos individuais:<\/strong><\/p>\n<p><strong>Introdu\u00e7\u00e3o<\/strong> \u2013 Amarrado com corda<br \/>\n<strong>Equipamento de corda<\/strong> \u2013 Corda como ferramenta<br \/>\n<strong>N\u00f3s na corda<\/strong> \u2013 Um pequeno n\u00f3 ABC<br \/>\n<strong>T\u00e9cnicas<\/strong> \u2013 Elementos b\u00e1sicos com corda<br \/>\n<strong>Amarre<\/strong> \u2013 Algemas e grilh\u00f5es com corda<br \/>\n<strong>Karada<\/strong> \u2013 Corda sob roupas do dia a dia<br \/>\n<strong>Vinculativo<\/strong> \u2013 Corda em volta da parte superior do corpo sem restringir os movimentos<br \/>\n<strong>parte superior do corpo<\/strong> \u2013 Restri\u00e7\u00e3o de movimento por meio de uma corda<br \/>\n<strong>Takate Kote<\/strong> \u2013 Um Takate Kote com duas cordas<br \/>\n<strong>Parte inferior do corpo<\/strong> \u2013 Corda na parte inferior do corpo<br \/>\n<strong>Dicas de bondage<\/strong> \u2013 Amarrado com corda \u2013 E agora?<\/p>\n<p>&nbsp;<\/p>\n<p><strong>Detalhes:<\/strong><\/p>\n<p>Publicado por: Peter Wettstein<br \/>\nEncaderna\u00e7\u00e3o: Brochura<br \/>\nP\u00e1ginas: 176 p\u00e1ginas<br \/>\nAutor: Peter Wettstein<br \/>\nAno: 2017<br \/>\nISBN: 978-3-9524407-2-8<br \/>\nEdi\u00e7\u00e3o alem\u00e3<\/p>\n<p><strong>Escopo da entrega:<\/strong> Shibaku Volume 1<\/p>\n<p>&nbsp;<\/p>\n<hr \/>\n<blockquote>\n<p style=\"text-align: center\"><span style=\"color: #333399\">\u00a0As informa\u00e7\u00f5es sobre os produtos s\u00e3o fornecidas de acordo com nosso melhor conhecimento e cren\u00e7a. Todas as medidas s\u00e3o aproximadas. O uso dos produtos oferecidos nesta loja \u00e9 por sua conta e risco. Cada pessoa reage de forma diferente a influ\u00eancias externas, prazer, dor, etc. Portanto, n\u00e3o nos responsabilizamos por uso indevido. Cada usu\u00e1rio assume total responsabilidade pelo uso e aplica\u00e7\u00e3o correta dos produtos e por quaisquer consequ\u00eancias imprevistas.<\/span><\/p>\n<\/blockquote>\n<p>&nbsp;<\/p>","protected":false},"excerpt":{"rendered":"<p>Prazo de entrega: 5 a 7 dias*<\/p>","protected":false},"featured_media":8502,"template":"","meta":[],"product_brand":[],"product_cat":[233,358,222],"product_tag":[359],"class_list":{"0":"post-3116","1":"product","2":"type-product","3":"status-publish","4":"has-post-thumbnail","6":"product_cat-bondage-zubehoer","7":"product_cat-buecher","8":"product_cat-alle-produkte","9":"product_tag-shibaku","11":"first","12":"instock","13":"taxable","14":"shipping-taxable","15":"purchasable","16":"product-type-simple"},"_links":{"self":[{"href":"https:\/\/bavarian-bondage.de\/pt\/wp-json\/wp\/v2\/product\/3116","targetHints":{"allow":["GET"]}}],"collection":[{"href":"https:\/\/bavarian-bondage.de\/pt\/wp-json\/wp\/v2\/product"}],"about":[{"href":"https:\/\/bavarian-bondage.de\/pt\/wp-json\/wp\/v2\/types\/product"}],"version-history":[{"count":4,"href":"https:\/\/bavarian-bondage.de\/pt\/wp-json\/wp\/v2\/product\/3116\/revisions"}],"predecessor-version":[{"id":16507,"href":"https:\/\/bavarian-bondage.de\/pt\/wp-json\/wp\/v2\/product\/3116\/revisions\/16507"}],"wp:featuredmedia":[{"embeddable":true,"href":"https:\/\/bavarian-bondage.de\/pt\/wp-json\/wp\/v2\/media\/8502"}],"wp:attachment":[{"href":"https:\/\/bavarian-bondage.de\/pt\/wp-json\/wp\/v2\/media?parent=3116"}],"wp:term":[{"taxonomy":"product_brand","embeddable":true,"href":"https:\/\/bavarian-bondage.de\/pt\/wp-json\/wp\/v2\/product_brand?post=3116"},{"taxonomy":"product_cat","embeddable":true,"href":"https:\/\/bavarian-bondage.de\/pt\/wp-json\/wp\/v2\/product_cat?post=3116"},{"taxonomy":"product_tag","embeddable":true,"href":"https:\/\/bavarian-bondage.de\/pt\/wp-json\/wp\/v2\/product_tag?post=3116"}],"curies":[{"name":"wp","href":"https:\/\/api.w.org\/{rel}","templated":true}]}}