{"id":3117,"date":"2020-10-17T12:57:25","date_gmt":"2020-10-17T10:57:25","guid":{"rendered":"https:\/\/bavarian-bondage.tivendo.com\/produkt\/import-placeholder-for-1720\/"},"modified":"2026-03-22T19:15:24","modified_gmt":"2026-03-22T18:15:24","slug":"shibaku-volume-2","status":"publish","type":"product","link":"https:\/\/bavarian-bondage.de\/pt\/produkt\/shibaku-band-2\/","title":{"rendered":"Shibaku Volume 2"},"content":{"rendered":"<h2 style=\"text-align: center\">\u00a0Shibaku Volume 2<\/h2>\n<h3 style=\"text-align: center\">Takate Kote e a parte superior do corpo (Brochura)<\/h3>\n<p style=\"text-align: center\">As t\u00e9cnicas de corda mais importantes para a parte superior do corpo s\u00e3o apresentadas em 11 cap\u00edtulos. Estas incluem diversas varia\u00e7\u00f5es de Takate-kote, bem como Hishi-shibari, Giai e Teppo. As 176 p\u00e1ginas cont\u00eam mais de 450 ilustra\u00e7\u00f5es coloridas que descrevem e explicam as diferentes t\u00e9cnicas passo a passo.<\/p>\n<p>&nbsp;<\/p>\n<p><strong>Os cap\u00edtulos individuais:<\/strong><\/p>\n<p><strong>Introdu\u00e7\u00e3o<\/strong> \u2013 O significado de Takate kote<br \/>\n<strong>Takate Kote<\/strong> \u2013 O cl\u00e1ssico segundo Osada Ryu<br \/>\n<strong>Estilo Ocidental<\/strong> \u2013 Uma interpreta\u00e7\u00e3o<br \/>\n<strong>Extens\u00f5es<\/strong> \u2013 Corda restante e t\u00e9cnicas de acabamento<br \/>\n<strong>Variantes<\/strong> \u2013 Ideias e possibilidades<br \/>\n<strong>Hishi<\/strong> \u2013 Um vestido Takate kote com corda<br \/>\n<strong>Gyaku Gote Shibari<\/strong> \u2013 Bra\u00e7os cruzados em frente ao est\u00f4mago<br \/>\n<strong>Jiai Shibari<\/strong> \u2013 M\u00e3os amarradas em frente ao peito<br \/>\n<strong>Manga Lib\u00e9lula<\/strong> \u2013 Uma conten\u00e7\u00e3o de bra\u00e7o complexa<br \/>\n<strong>Teppou<\/strong> \u2013 O rifle foi colocado no ombro<br \/>\n<strong>Usagi<\/strong> \u2013 As orelhas de coelho<\/p>\n<p>&nbsp;<\/p>\n<p><strong>Detalhes:<\/strong><\/p>\n<p>Publicado por: Peter Wettstein<br \/>\nEncaderna\u00e7\u00e3o: Brochura<br \/>\nP\u00e1ginas: 176<br \/>\nAutor: Peter Wettstein<br \/>\nAno: 2017<br \/>\nISBN: 978-3-9524407-3-5<br \/>\nEdi\u00e7\u00e3o alem\u00e3<\/p>\n<p><strong>Escopo da entrega:<\/strong> Shibaku Volume 2<\/p>\n<p>&nbsp;<\/p>\n<hr \/>\n<blockquote>\n<p style=\"text-align: center\"><span style=\"color: #333399\">\u00a0As informa\u00e7\u00f5es sobre os produtos s\u00e3o fornecidas de acordo com nosso melhor conhecimento e cren\u00e7a. Todas as medidas s\u00e3o aproximadas. O uso dos produtos oferecidos nesta loja \u00e9 por sua conta e risco. Cada pessoa reage de forma diferente a influ\u00eancias externas, prazer, dor, etc. Portanto, n\u00e3o nos responsabilizamos por uso indevido. Cada usu\u00e1rio assume total responsabilidade pelo uso e aplica\u00e7\u00e3o correta dos produtos e por quaisquer consequ\u00eancias imprevistas.<\/span><\/p>\n<\/blockquote>","protected":false},"excerpt":{"rendered":"<p>Prazo de entrega: 5 a 7 dias*<\/p>","protected":false},"featured_media":8503,"template":"","meta":[],"product_brand":[],"product_cat":[222,233,358],"product_tag":[359],"class_list":{"0":"post-3117","1":"product","2":"type-product","3":"status-publish","4":"has-post-thumbnail","6":"product_cat-alle-produkte","7":"product_cat-bondage-zubehoer","8":"product_cat-buecher","9":"product_tag-shibaku","11":"first","12":"instock","13":"taxable","14":"shipping-taxable","15":"purchasable","16":"product-type-simple"},"_links":{"self":[{"href":"https:\/\/bavarian-bondage.de\/pt\/wp-json\/wp\/v2\/product\/3117","targetHints":{"allow":["GET"]}}],"collection":[{"href":"https:\/\/bavarian-bondage.de\/pt\/wp-json\/wp\/v2\/product"}],"about":[{"href":"https:\/\/bavarian-bondage.de\/pt\/wp-json\/wp\/v2\/types\/product"}],"version-history":[{"count":3,"href":"https:\/\/bavarian-bondage.de\/pt\/wp-json\/wp\/v2\/product\/3117\/revisions"}],"predecessor-version":[{"id":15606,"href":"https:\/\/bavarian-bondage.de\/pt\/wp-json\/wp\/v2\/product\/3117\/revisions\/15606"}],"wp:featuredmedia":[{"embeddable":true,"href":"https:\/\/bavarian-bondage.de\/pt\/wp-json\/wp\/v2\/media\/8503"}],"wp:attachment":[{"href":"https:\/\/bavarian-bondage.de\/pt\/wp-json\/wp\/v2\/media?parent=3117"}],"wp:term":[{"taxonomy":"product_brand","embeddable":true,"href":"https:\/\/bavarian-bondage.de\/pt\/wp-json\/wp\/v2\/product_brand?post=3117"},{"taxonomy":"product_cat","embeddable":true,"href":"https:\/\/bavarian-bondage.de\/pt\/wp-json\/wp\/v2\/product_cat?post=3117"},{"taxonomy":"product_tag","embeddable":true,"href":"https:\/\/bavarian-bondage.de\/pt\/wp-json\/wp\/v2\/product_tag?post=3117"}],"curies":[{"name":"wp","href":"https:\/\/api.w.org\/{rel}","templated":true}]}}