{"id":3118,"date":"2020-10-17T12:57:25","date_gmt":"2020-10-17T10:57:25","guid":{"rendered":"https:\/\/bavarian-bondage.tivendo.com\/produkt\/import-placeholder-for-1722\/"},"modified":"2026-02-25T08:57:18","modified_gmt":"2026-02-25T07:57:18","slug":"shibaku-volume-3","status":"publish","type":"product","link":"https:\/\/bavarian-bondage.de\/pt\/produkt\/shibaku-band-3\/","title":{"rendered":"Shibaku Volume 3"},"content":{"rendered":"<h2 style=\"text-align: center\">\u00a0Shibaku Volume 3<\/h2>\n<h3 style=\"text-align: center\">Decolar e Voar (Brochura)<\/h3>\n<p style=\"text-align: center\">O terceiro volume apresenta e explica os fundamentos das t\u00e9cnicas de semi-suspens\u00e3o e suspens\u00e3o em 11 cap\u00edtulos. Isso inclui v\u00e1rios m\u00e9todos de semi-suspens\u00e3o, bem como suspens\u00f5es simples, desde Giri-Giri at\u00e9 Yoko-zuri. As 176 p\u00e1ginas cont\u00eam in\u00fameras ilustra\u00e7\u00f5es coloridas que descrevem e explicam os v\u00e1rios processos passo a passo.<\/p>\n<p>&nbsp;<\/p>\n<p><strong>Os cap\u00edtulos individuais:<\/strong><\/p>\n<p><strong>Introdu\u00e7\u00e3o<\/strong> \u2013 Informa\u00e7\u00f5es gerais sobre semissuspens\u00e3o e suspens\u00e3o<br \/>\n<strong>Seguran\u00e7a<\/strong> \u2013 Uma suspens\u00e3o segura<br \/>\n<strong>A ferramenta<\/strong> \u2013 Anel, tubo, mosquet\u00e3o, corda e outros equipamentos de aux\u00edlio<br \/>\n<strong>Teoria e pr\u00e1tica<\/strong> \u2013 O que precisa ser considerado?<br \/>\n<strong>O fecho<\/strong> \u2013 Do ponto de ancoragem ao modelo<br \/>\n<b>A transi\u00e7\u00e3o <\/b>\u2013 Partes do corpo no ar<br \/>\n<b>Semisuspens\u00f5es <\/b>\u2013 De Futomomo a Strappado<br \/>\n<strong>O caminho para o ar<\/strong> \u2013 Vantagens e desvantagens de uma suspens\u00e3o<br \/>\n<strong>Levante<\/strong> \u2013 De Girigiri a Face Down<br \/>\n<strong>Voar<\/strong> \u2013 Yoko \u2013 zuri e Arn\u00eas de Quadril<br \/>\n<strong>E agora?<\/strong> \u2013 Antes, durante e depois da suspens\u00e3o<\/p>\n<p>&nbsp;<\/p>\n<p><strong>Detalhes:<\/strong><\/p>\n<p>Publicado por: Peter Wettstein<br \/>\nEncaderna\u00e7\u00e3o: Brochura<br \/>\nP\u00e1ginas: 176<br \/>\nAutor: Peter Wettstein<br \/>\nAno: 2019<br \/>\nISBN: 978-3-9524407-2-8<br \/>\nEdi\u00e7\u00e3o alem\u00e3<\/p>\n<p>&nbsp;<\/p>\n<p><strong>Escopo da entrega:<\/strong> Shibaku Volume 3<\/p>\n<p>&nbsp;<\/p>\n<p>&nbsp;<\/p>\n<hr \/>\n<blockquote>\n<p style=\"text-align: center\"><span style=\"color: #333399\">\u00a0As informa\u00e7\u00f5es sobre os produtos s\u00e3o fornecidas de acordo com nosso melhor conhecimento e cren\u00e7a. Todas as medidas s\u00e3o aproximadas. O uso dos produtos oferecidos nesta loja \u00e9 por sua conta e risco. Cada pessoa reage de forma diferente a influ\u00eancias externas, prazer, dor, etc. Portanto, n\u00e3o nos responsabilizamos por uso indevido. Cada usu\u00e1rio assume total responsabilidade pelo uso e aplica\u00e7\u00e3o correta dos produtos e por quaisquer consequ\u00eancias imprevistas.<\/span><\/p>\n<\/blockquote>","protected":false},"excerpt":{"rendered":"<p>Prazo de entrega: 5 a 7 dias*<\/p>","protected":false},"featured_media":8507,"template":"","meta":[],"product_brand":[],"product_cat":[222,233,358],"product_tag":[],"class_list":{"0":"post-3118","1":"product","2":"type-product","3":"status-publish","4":"has-post-thumbnail","6":"product_cat-alle-produkte","7":"product_cat-bondage-zubehoer","8":"product_cat-buecher","10":"first","11":"instock","12":"taxable","13":"shipping-taxable","14":"purchasable","15":"product-type-simple"},"_links":{"self":[{"href":"https:\/\/bavarian-bondage.de\/pt\/wp-json\/wp\/v2\/product\/3118","targetHints":{"allow":["GET"]}}],"collection":[{"href":"https:\/\/bavarian-bondage.de\/pt\/wp-json\/wp\/v2\/product"}],"about":[{"href":"https:\/\/bavarian-bondage.de\/pt\/wp-json\/wp\/v2\/types\/product"}],"version-history":[{"count":4,"href":"https:\/\/bavarian-bondage.de\/pt\/wp-json\/wp\/v2\/product\/3118\/revisions"}],"predecessor-version":[{"id":15607,"href":"https:\/\/bavarian-bondage.de\/pt\/wp-json\/wp\/v2\/product\/3118\/revisions\/15607"}],"wp:featuredmedia":[{"embeddable":true,"href":"https:\/\/bavarian-bondage.de\/pt\/wp-json\/wp\/v2\/media\/8507"}],"wp:attachment":[{"href":"https:\/\/bavarian-bondage.de\/pt\/wp-json\/wp\/v2\/media?parent=3118"}],"wp:term":[{"taxonomy":"product_brand","embeddable":true,"href":"https:\/\/bavarian-bondage.de\/pt\/wp-json\/wp\/v2\/product_brand?post=3118"},{"taxonomy":"product_cat","embeddable":true,"href":"https:\/\/bavarian-bondage.de\/pt\/wp-json\/wp\/v2\/product_cat?post=3118"},{"taxonomy":"product_tag","embeddable":true,"href":"https:\/\/bavarian-bondage.de\/pt\/wp-json\/wp\/v2\/product_tag?post=3118"}],"curies":[{"name":"wp","href":"https:\/\/api.w.org\/{rel}","templated":true}]}}