{"id":3130,"date":"2020-10-17T12:57:33","date_gmt":"2020-10-17T10:57:33","guid":{"rendered":"https:\/\/bavarian-bondage.tivendo.com\/produkt\/import-placeholder-for-2112\/"},"modified":"2026-03-30T16:57:53","modified_gmt":"2026-03-30T14:57:53","slug":"shibaku-volume-1-3","status":"publish","type":"product","link":"https:\/\/bavarian-bondage.de\/pt\/produkt\/shibaku-band-1-3\/","title":{"rendered":"Shibaku Volume 1 \u2013 3"},"content":{"rendered":"<h2 style=\"text-align: center\">Shibaku Volume 1 \u2013 3<\/h2>\n<p>&nbsp;<\/p>\n<p style=\"text-align: center\">Vis\u00e3o geral:<\/p>\n<h2 style=\"text-align: center\">Shibaku Volume 1<\/h2>\n<h3 style=\"text-align: center\">FUNDAMENTOS E NO\u00c7\u00d5ES B\u00c1SICAS (Brochura)<\/h3>\n<p style=\"text-align: center\">Os fundamentos do trabalho com cordas e modelos s\u00e3o apresentados e descritos em 11 cap\u00edtulos. V\u00e1rios processos s\u00e3o ilustrados passo a passo em 176 p\u00e1ginas com mais de 500 ilustra\u00e7\u00f5es coloridas.<\/p>\n<p>&nbsp;<\/p>\n<p><strong>Os cap\u00edtulos individuais:<\/strong><\/p>\n<p><strong>Introdu\u00e7\u00e3o<\/strong> \u2013 Amarrado com corda<br \/>\n<strong>Equipamento de corda<\/strong> \u2013 Corda como ferramenta<br \/>\n<strong>N\u00f3s na corda<\/strong> \u2013 Um pequeno n\u00f3 ABC<br \/>\n<strong>T\u00e9cnicas<\/strong> \u2013 Elementos b\u00e1sicos com corda<br \/>\n<strong>Amarre<\/strong> \u2013 Algemas e grilh\u00f5es com corda<br \/>\n<strong>Karada<\/strong> \u2013 Corda sob roupas do dia a dia<br \/>\n<strong>Vinculativo<\/strong> \u2013 Corda em volta da parte superior do corpo sem restringir os movimentos<br \/>\n<strong>parte superior do corpo<\/strong> \u2013 Restri\u00e7\u00e3o de movimento por meio de uma corda<br \/>\n<strong>Takate Kote<\/strong> \u2013 Um Takate Kote com duas cordas<br \/>\n<strong>Parte inferior do corpo<\/strong> \u2013 Corda na parte inferior do corpo<br \/>\n<strong>Dicas de bondage<\/strong> \u2013 Amarrado com corda \u2013 E agora?<\/p>\n<p>&nbsp;<\/p>\n<p><strong>Detalhes:<\/strong><\/p>\n<p>Publicado por: Peter Wettstein<br \/>\nEncaderna\u00e7\u00e3o: Brochura<br \/>\nP\u00e1ginas: 176 p\u00e1ginas<br \/>\nAutor: Peter Wettstein<br \/>\nAno: 2016<br \/>\nISBN: 978-3-9524407-2-8<br \/>\nEdi\u00e7\u00e3o alem\u00e3<\/p>\n<hr \/>\n<h2 style=\"text-align: center\">\u00a0Shibaku Volume 2<\/h2>\n<h3 style=\"text-align: center\">Takate Kote e a parte superior do corpo (Brochura)<\/h3>\n<p style=\"text-align: center\">As t\u00e9cnicas de corda mais importantes para a parte superior do corpo s\u00e3o apresentadas em 11 cap\u00edtulos. Estas incluem diversas varia\u00e7\u00f5es de Takate-kote, bem como Hishi-shibari, Giai e Teppo. As 176 p\u00e1ginas cont\u00eam mais de 450 ilustra\u00e7\u00f5es coloridas que descrevem e explicam as diferentes t\u00e9cnicas passo a passo.<\/p>\n<p>&nbsp;<\/p>\n<p><strong>Os cap\u00edtulos individuais:<\/strong><\/p>\n<p><strong>Introdu\u00e7\u00e3o<\/strong> \u2013 O significado de Takate kote<br \/>\n<strong>Takate Kote<\/strong> \u2013 O cl\u00e1ssico segundo Osada Ryu<br \/>\n<strong>Estilo Ocidental<\/strong> \u2013 Uma interpreta\u00e7\u00e3o<br \/>\n<strong>Extens\u00f5es<\/strong> \u2013 Corda restante e t\u00e9cnicas de acabamento<br \/>\n<strong>Variantes<\/strong> \u2013 Ideias e possibilidades<br \/>\n<strong>Hishi<\/strong> \u2013 Um vestido Takate kote com corda<br \/>\n<strong>Gyaku Gote Shibari<\/strong> \u2013 Bra\u00e7os cruzados em frente ao est\u00f4mago<br \/>\n<strong>Jiai Shibari<\/strong> \u2013 M\u00e3os amarradas em frente ao peito<br \/>\n<strong>Manga Lib\u00e9lula<\/strong> \u2013 Uma conten\u00e7\u00e3o de bra\u00e7o complexa<br \/>\n<strong>Teppou<\/strong> \u2013 O rifle foi colocado no ombro<br \/>\n<strong>Usagi<\/strong> \u2013 As orelhas de coelho<\/p>\n<p>&nbsp;<\/p>\n<p><strong>Detalhes:<\/strong><\/p>\n<p>Publicado por: Peter Wettstein<br \/>\nEncaderna\u00e7\u00e3o: Brochura<br \/>\nP\u00e1ginas: 176<br \/>\nAutor: Peter Wettstein<br \/>\nAno: 2017<br \/>\nISBN: 978-3-9524407-3-5<br \/>\nEdi\u00e7\u00e3o alem\u00e3<\/p>\n<hr \/>\n<h2 style=\"text-align: center\">\u00a0Shibaku Volume 3<\/h2>\n<h3 style=\"text-align: center\">Decolar e Voar (Brochura)<\/h3>\n<p style=\"text-align: center\">O terceiro volume apresenta e explica os fundamentos das t\u00e9cnicas de semi-suspens\u00e3o e suspens\u00e3o em 11 cap\u00edtulos. Isso inclui v\u00e1rios m\u00e9todos de semi-suspens\u00e3o, bem como suspens\u00f5es simples, desde Giri-Giri at\u00e9 Yoko-zuri. As 176 p\u00e1ginas cont\u00eam in\u00fameras ilustra\u00e7\u00f5es coloridas que descrevem e explicam os v\u00e1rios processos passo a passo.<\/p>\n<p>&nbsp;<\/p>\n<p><strong>Os cap\u00edtulos individuais:<\/strong><\/p>\n<p><strong>Introdu\u00e7\u00e3o<\/strong> \u2013 Informa\u00e7\u00f5es gerais sobre semissuspens\u00e3o e suspens\u00e3o<br \/>\n<strong>Seguran\u00e7a<\/strong> \u2013 Uma suspens\u00e3o segura<br \/>\n<strong>A ferramenta<\/strong> \u2013 Anel, tubo, mosquet\u00e3o, corda e outros equipamentos de aux\u00edlio<br \/>\n<strong>Teoria e pr\u00e1tica<\/strong> \u2013 O que precisa ser considerado?<br \/>\n<strong>O fecho<\/strong> \u2013 Do ponto de ancoragem ao modelo<br \/>\n<b>A transi\u00e7\u00e3o <\/b>\u2013 Partes do corpo no ar<br \/>\n<b>Semisuspens\u00f5es <\/b>\u2013 De Futomomo a Strappado<br \/>\n<strong>O caminho para o ar<\/strong> \u2013 Vantagens e desvantagens de uma suspens\u00e3o<br \/>\n<strong>Levante<\/strong> \u2013 De Girigiri a Face Down<br \/>\n<strong>Voar<\/strong> \u2013 Yoko \u2013 zuri e Arn\u00eas de Quadril<br \/>\n<strong>E agora?<\/strong> \u2013 Antes, durante e depois da suspens\u00e3o<\/p>\n<p>&nbsp;<\/p>\n<p><strong>Detalhes:<\/strong><\/p>\n<p>Publicado por: Peter Wettstein<br \/>\nEncaderna\u00e7\u00e3o: Brochura<br \/>\nP\u00e1ginas: 176<br \/>\nAutor: Peter Wettstein<br \/>\nAno: 2019<br \/>\nISBN: 978-3-9524407-2-8<br \/>\nEdi\u00e7\u00e3o alem\u00e3<\/p>\n<p>&nbsp;<\/p>\n<p><strong>Escopo da entrega:<\/strong> Shibaku Volumes 1, 2 e 3<\/p>\n<p>&nbsp;<\/p>\n<p>&nbsp;<\/p>\n<hr \/>\n<blockquote>\n<p style=\"text-align: center\"><span style=\"color: #333399\">\u00a0As informa\u00e7\u00f5es sobre os produtos s\u00e3o fornecidas de acordo com nosso melhor conhecimento e cren\u00e7a. Todas as medidas s\u00e3o aproximadas. O uso dos produtos oferecidos nesta loja \u00e9 por sua conta e risco. Cada pessoa reage de forma diferente a influ\u00eancias externas, prazer, dor, etc. Portanto, n\u00e3o nos responsabilizamos por uso indevido. Cada usu\u00e1rio assume total responsabilidade pelo uso e aplica\u00e7\u00e3o correta dos produtos e por quaisquer consequ\u00eancias imprevistas.<\/span><\/p>\n<\/blockquote>","protected":false},"excerpt":{"rendered":"<p>Prazo de entrega: 5 a 7 dias*<\/p>","protected":false},"featured_media":8501,"template":"","meta":[],"product_brand":[],"product_cat":[222,358],"product_tag":[],"class_list":{"0":"post-3130","1":"product","2":"type-product","3":"status-publish","4":"has-post-thumbnail","6":"product_cat-alle-produkte","7":"product_cat-buecher","9":"first","10":"instock","11":"taxable","12":"shipping-taxable","13":"purchasable","14":"product-type-simple"},"_links":{"self":[{"href":"https:\/\/bavarian-bondage.de\/pt\/wp-json\/wp\/v2\/product\/3130","targetHints":{"allow":["GET"]}}],"collection":[{"href":"https:\/\/bavarian-bondage.de\/pt\/wp-json\/wp\/v2\/product"}],"about":[{"href":"https:\/\/bavarian-bondage.de\/pt\/wp-json\/wp\/v2\/types\/product"}],"version-history":[{"count":4,"href":"https:\/\/bavarian-bondage.de\/pt\/wp-json\/wp\/v2\/product\/3130\/revisions"}],"predecessor-version":[{"id":5183,"href":"https:\/\/bavarian-bondage.de\/pt\/wp-json\/wp\/v2\/product\/3130\/revisions\/5183"}],"wp:featuredmedia":[{"embeddable":true,"href":"https:\/\/bavarian-bondage.de\/pt\/wp-json\/wp\/v2\/media\/8501"}],"wp:attachment":[{"href":"https:\/\/bavarian-bondage.de\/pt\/wp-json\/wp\/v2\/media?parent=3130"}],"wp:term":[{"taxonomy":"product_brand","embeddable":true,"href":"https:\/\/bavarian-bondage.de\/pt\/wp-json\/wp\/v2\/product_brand?post=3130"},{"taxonomy":"product_cat","embeddable":true,"href":"https:\/\/bavarian-bondage.de\/pt\/wp-json\/wp\/v2\/product_cat?post=3130"},{"taxonomy":"product_tag","embeddable":true,"href":"https:\/\/bavarian-bondage.de\/pt\/wp-json\/wp\/v2\/product_tag?post=3130"}],"curies":[{"name":"wp","href":"https:\/\/api.w.org\/{rel}","templated":true}]}}