{"id":3135,"date":"2020-10-17T12:57:34","date_gmt":"2020-10-17T10:57:34","guid":{"rendered":"https:\/\/bavarian-bondage.tivendo.com\/produkt\/import-placeholder-for-2335\/"},"modified":"2026-04-14T14:50:51","modified_gmt":"2026-04-14T12:50:51","slug":"anel-de-bondage-triskelion-em-madeira-de-carvalho","status":"publish","type":"product","link":"https:\/\/bavarian-bondage.de\/pt\/produkt\/bondagering-triskele-eichenholz\/","title":{"rendered":"Anel de bondage triskelion em madeira de carvalho"},"content":{"rendered":"<h3 style=\"text-align: center\">Anel de bondage triskelion feito de madeira de carvalho<\/h3>\n<p style=\"text-align: center\">O triskelion \u00e9 um s\u00edmbolo bem conhecido na cena BDSM, e o padr\u00e3o tamb\u00e9m \u00e9 muito comum em an\u00e9is de bondage. O anel \u00e9 feito de carvalho e refor\u00e7ado com um n\u00facleo de a\u00e7o de 10 x 10 mm.<\/p>\n<p style=\"text-align: center\">Nota: Embora a madeira seja um material excepcionalmente est\u00e1vel, n\u00e3o se compara \u00e0 resist\u00eancia do metal. Especialmente durante a amarra\u00e7\u00e3o de suspens\u00e3o e particularmente durante a chamada t\u00e9cnica de levantamento, podem ocorrer pequenos cortes na madeira \u2013 estes n\u00e3o afetam, obviamente, a estabilidade do pr\u00f3prio anel.<\/p>\n<p>&nbsp;<\/p>\n<p><strong>Detalhes:<\/strong><\/p>\n<p>Di\u00e2metro externo: 240 mm<br \/>\nDi\u00e2metro interno: 180 mm<br \/>\nEspessura do material: 30 mm<br \/>\nPeso: aprox. 900g<br \/>\nMaterial: Madeira de carvalho, n\u00facleo de a\u00e7o de 10 x 10 mm<\/p>\n<p>&nbsp;<\/p>\n<p><strong>Escopo da entrega:<\/strong> 1 anel de bondage com n\u00facleo de a\u00e7o<\/p>\n<p>&nbsp;<\/p>\n<p>&nbsp;<\/p>\n<hr \/>\n<blockquote>\n<p style=\"text-align: center\"><span style=\"color: #333399\">As informa\u00e7\u00f5es sobre os produtos s\u00e3o fornecidas de acordo com nosso melhor conhecimento e cren\u00e7a. Todas as medidas s\u00e3o aproximadas. O uso dos produtos oferecidos nesta loja \u00e9 por sua conta e risco. Cada pessoa reage de forma diferente a influ\u00eancias externas, prazer, dor, etc. Portanto, n\u00e3o nos responsabilizamos por uso indevido. Cada usu\u00e1rio assume total responsabilidade pelo uso e aplica\u00e7\u00e3o correta dos produtos e por quaisquer consequ\u00eancias imprevistas.<\/span><\/p>\n<\/blockquote>","protected":false},"excerpt":{"rendered":"<p>Prazo de entrega: 5 a 7 dias*<\/p>","protected":false},"featured_media":8096,"template":"","meta":[],"product_brand":[],"product_cat":[222,234],"product_tag":[],"class_list":{"0":"post-3135","1":"product","2":"type-product","3":"status-publish","4":"has-post-thumbnail","6":"product_cat-alle-produkte","7":"product_cat-ringe","9":"first","10":"instock","11":"taxable","12":"shipping-taxable","13":"purchasable","14":"product-type-simple"},"_links":{"self":[{"href":"https:\/\/bavarian-bondage.de\/pt\/wp-json\/wp\/v2\/product\/3135","targetHints":{"allow":["GET"]}}],"collection":[{"href":"https:\/\/bavarian-bondage.de\/pt\/wp-json\/wp\/v2\/product"}],"about":[{"href":"https:\/\/bavarian-bondage.de\/pt\/wp-json\/wp\/v2\/types\/product"}],"version-history":[{"count":4,"href":"https:\/\/bavarian-bondage.de\/pt\/wp-json\/wp\/v2\/product\/3135\/revisions"}],"predecessor-version":[{"id":15091,"href":"https:\/\/bavarian-bondage.de\/pt\/wp-json\/wp\/v2\/product\/3135\/revisions\/15091"}],"wp:featuredmedia":[{"embeddable":true,"href":"https:\/\/bavarian-bondage.de\/pt\/wp-json\/wp\/v2\/media\/8096"}],"wp:attachment":[{"href":"https:\/\/bavarian-bondage.de\/pt\/wp-json\/wp\/v2\/media?parent=3135"}],"wp:term":[{"taxonomy":"product_brand","embeddable":true,"href":"https:\/\/bavarian-bondage.de\/pt\/wp-json\/wp\/v2\/product_brand?post=3135"},{"taxonomy":"product_cat","embeddable":true,"href":"https:\/\/bavarian-bondage.de\/pt\/wp-json\/wp\/v2\/product_cat?post=3135"},{"taxonomy":"product_tag","embeddable":true,"href":"https:\/\/bavarian-bondage.de\/pt\/wp-json\/wp\/v2\/product_tag?post=3135"}],"curies":[{"name":"wp","href":"https:\/\/api.w.org\/{rel}","templated":true}]}}