{"id":3136,"date":"2020-10-17T12:59:34","date_gmt":"2020-10-17T10:59:34","guid":{"rendered":"https:\/\/bavarian-bondage.tivendo.com\/produkt\/import-placeholder-for-2338\/"},"modified":"2026-03-16T12:34:57","modified_gmt":"2026-03-16T11:34:57","slug":"anel-de-bondage-em-madeira-de-nogueira","status":"publish","type":"product","link":"https:\/\/bavarian-bondage.de\/pt\/produkt\/bondagering-nussbaumholz\/","title":{"rendered":"Anel de bondage feito de madeira de nogueira"},"content":{"rendered":"<h3 style=\"text-align: center\">Anel de bondage feito de madeira de nogueira<\/h3>\n<p style=\"text-align: center\">Este anel de bondage cl\u00e1ssico e simples, feito de madeira de nogueira com n\u00facleo de a\u00e7o integrado, impressiona pela sua bela cor escura e pela estabilidade de um anel de a\u00e7o inoxid\u00e1vel. Apenas o seu peso consider\u00e1vel sugere o n\u00facleo de a\u00e7o de 10 x 10 mm. A madeira \u00e9 finamente lixada e finalizada com uma fina camada de \u00f3leo para madeira.<\/p>\n<p style=\"text-align: center\">Nota: Embora a madeira seja um material excepcionalmente est\u00e1vel, n\u00e3o se compara \u00e0 resist\u00eancia do metal. Especialmente durante a amarra\u00e7\u00e3o de suspens\u00e3o e particularmente durante a chamada t\u00e9cnica de levantamento, podem ocorrer pequenos cortes na madeira \u2013 estes n\u00e3o afetam, obviamente, a estabilidade do pr\u00f3prio anel.<\/p>\n<p>&nbsp;<\/p>\n<p><strong>Detalhes:<\/strong><\/p>\n<p>Di\u00e2metro externo: 240 mm<br \/>\nDi\u00e2metro interno: 180 mm<br \/>\nEspessura do material: 30 mm<br \/>\nPeso: aprox. 800g<br \/>\nMaterial: Madeira de nogueira, n\u00facleo de a\u00e7o de 10 x 10 mm<\/p>\n<p>&nbsp;<\/p>\n<p><strong>Escopo da entrega:<\/strong> 1 anel de bondage feito de madeira de nogueira com n\u00facleo de a\u00e7o<\/p>\n<p>&nbsp;<\/p>\n<p>&nbsp;<\/p>\n<hr \/>\n<blockquote>\n<p style=\"text-align: center\"><span style=\"color: #333399\">As informa\u00e7\u00f5es sobre os produtos s\u00e3o fornecidas de acordo com nosso melhor conhecimento e cren\u00e7a. Todas as medidas s\u00e3o aproximadas. O uso dos produtos oferecidos nesta loja \u00e9 por sua conta e risco. Cada pessoa reage de forma diferente a influ\u00eancias externas, prazer, dor, etc. Portanto, n\u00e3o nos responsabilizamos por uso indevido. Cada usu\u00e1rio assume total responsabilidade pelo uso e aplica\u00e7\u00e3o correta dos produtos e por quaisquer consequ\u00eancias imprevistas.<\/span><\/p>\n<\/blockquote>","protected":false},"excerpt":{"rendered":"<p>Prazo de entrega: 5 a 7 dias*<\/p>","protected":false},"featured_media":8090,"template":"","meta":[],"product_brand":[],"product_cat":[222,234],"product_tag":[],"class_list":{"0":"post-3136","1":"product","2":"type-product","3":"status-publish","4":"has-post-thumbnail","6":"product_cat-alle-produkte","7":"product_cat-ringe","9":"first","10":"instock","11":"taxable","12":"shipping-taxable","13":"purchasable","14":"product-type-simple"},"_links":{"self":[{"href":"https:\/\/bavarian-bondage.de\/pt\/wp-json\/wp\/v2\/product\/3136","targetHints":{"allow":["GET"]}}],"collection":[{"href":"https:\/\/bavarian-bondage.de\/pt\/wp-json\/wp\/v2\/product"}],"about":[{"href":"https:\/\/bavarian-bondage.de\/pt\/wp-json\/wp\/v2\/types\/product"}],"version-history":[{"count":5,"href":"https:\/\/bavarian-bondage.de\/pt\/wp-json\/wp\/v2\/product\/3136\/revisions"}],"predecessor-version":[{"id":15088,"href":"https:\/\/bavarian-bondage.de\/pt\/wp-json\/wp\/v2\/product\/3136\/revisions\/15088"}],"wp:featuredmedia":[{"embeddable":true,"href":"https:\/\/bavarian-bondage.de\/pt\/wp-json\/wp\/v2\/media\/8090"}],"wp:attachment":[{"href":"https:\/\/bavarian-bondage.de\/pt\/wp-json\/wp\/v2\/media?parent=3136"}],"wp:term":[{"taxonomy":"product_brand","embeddable":true,"href":"https:\/\/bavarian-bondage.de\/pt\/wp-json\/wp\/v2\/product_brand?post=3136"},{"taxonomy":"product_cat","embeddable":true,"href":"https:\/\/bavarian-bondage.de\/pt\/wp-json\/wp\/v2\/product_cat?post=3136"},{"taxonomy":"product_tag","embeddable":true,"href":"https:\/\/bavarian-bondage.de\/pt\/wp-json\/wp\/v2\/product_tag?post=3136"}],"curies":[{"name":"wp","href":"https:\/\/api.w.org\/{rel}","templated":true}]}}