{"id":4515,"date":"2021-01-02T17:39:08","date_gmt":"2021-01-02T16:39:08","guid":{"rendered":"https:\/\/bavarian-bondage.de\/?post_type=product&#038;p=4515"},"modified":"2025-05-27T11:32:49","modified_gmt":"2025-05-27T09:32:49","slug":"chicote-de-corda-longa","status":"publish","type":"product","link":"https:\/\/bavarian-bondage.de\/pt\/produkt\/seilpeitsche-lang\/","title":{"rendered":"Chicote de corda longa"},"content":{"rendered":"<h3 style=\"text-align: center\">chicote de corda longa<\/h3>\n<p style=\"text-align: center\">O chicote de corda \u00e9 o acess\u00f3rio perfeito para sua sess\u00e3o de bondage. \u00c9 composto por vinte tiras de corda de c\u00e2nhamo de 4 mm de espessura, unidas por pequenos n\u00f3s trisken. O cabo de a\u00e7o inoxid\u00e1vel e os dois elementos de madeira de nogueira conferem-lhe um visual elegante.<\/p>\n<p><strong>Detalhes:<\/strong><\/p>\n<p>Material: Madeira, corda de c\u00e2nhamo, a\u00e7o inoxid\u00e1vel<br \/>\nComprimento: aprox. 80 cm<br \/>\nDi\u00e2metro do cabo: 22 mm<\/p>\n<p>&nbsp;<\/p>\n<p><strong>Escopo da entrega:<\/strong> Chicote de corda longa; cor selecion\u00e1vel<\/p>\n<p>&nbsp;<\/p>\n<hr \/>\n<blockquote>\n<p style=\"text-align: center\"><span style=\"color: #333399\">As informa\u00e7\u00f5es sobre os produtos s\u00e3o fornecidas de acordo com nosso melhor conhecimento e cren\u00e7a. Todas as medidas s\u00e3o aproximadas. O uso dos produtos oferecidos nesta loja \u00e9 por sua conta e risco. Cada pessoa reage de forma diferente a influ\u00eancias externas, prazer, dor, etc. Portanto, n\u00e3o nos responsabilizamos por uso indevido. Cada usu\u00e1rio assume total responsabilidade pelo uso e aplica\u00e7\u00e3o correta dos produtos e por quaisquer consequ\u00eancias imprevistas.<\/span><\/p>\n<\/blockquote>","protected":false},"excerpt":{"rendered":"<p>Prazo de entrega: 5 a 7 dias*<\/p>","protected":false},"featured_media":14068,"template":"","meta":[],"product_brand":[],"product_cat":[224,252],"product_tag":[],"class_list":{"0":"post-4515","1":"product","2":"type-product","3":"status-publish","4":"has-post-thumbnail","6":"product_cat-lustschmerz","7":"product_cat-peitschen-gerten","9":"first","10":"instock","11":"taxable","12":"shipping-taxable","13":"purchasable","14":"product-type-variable"},"_links":{"self":[{"href":"https:\/\/bavarian-bondage.de\/pt\/wp-json\/wp\/v2\/product\/4515","targetHints":{"allow":["GET"]}}],"collection":[{"href":"https:\/\/bavarian-bondage.de\/pt\/wp-json\/wp\/v2\/product"}],"about":[{"href":"https:\/\/bavarian-bondage.de\/pt\/wp-json\/wp\/v2\/types\/product"}],"version-history":[{"count":7,"href":"https:\/\/bavarian-bondage.de\/pt\/wp-json\/wp\/v2\/product\/4515\/revisions"}],"predecessor-version":[{"id":14072,"href":"https:\/\/bavarian-bondage.de\/pt\/wp-json\/wp\/v2\/product\/4515\/revisions\/14072"}],"wp:featuredmedia":[{"embeddable":true,"href":"https:\/\/bavarian-bondage.de\/pt\/wp-json\/wp\/v2\/media\/14068"}],"wp:attachment":[{"href":"https:\/\/bavarian-bondage.de\/pt\/wp-json\/wp\/v2\/media?parent=4515"}],"wp:term":[{"taxonomy":"product_brand","embeddable":true,"href":"https:\/\/bavarian-bondage.de\/pt\/wp-json\/wp\/v2\/product_brand?post=4515"},{"taxonomy":"product_cat","embeddable":true,"href":"https:\/\/bavarian-bondage.de\/pt\/wp-json\/wp\/v2\/product_cat?post=4515"},{"taxonomy":"product_tag","embeddable":true,"href":"https:\/\/bavarian-bondage.de\/pt\/wp-json\/wp\/v2\/product_tag?post=4515"}],"curies":[{"name":"wp","href":"https:\/\/api.w.org\/{rel}","templated":true}]}}