{"id":4524,"date":"2021-01-02T17:54:38","date_gmt":"2021-01-02T16:54:38","guid":{"rendered":"https:\/\/bavarian-bondage.de\/?post_type=product&#038;p=4524"},"modified":"2026-02-16T18:45:07","modified_gmt":"2026-02-16T17:45:07","slug":"corda-chicote","status":"publish","type":"product","link":"https:\/\/bavarian-bondage.de\/pt\/produkt\/seil-striemenpeitsche\/","title":{"rendered":"Chicote de tira de corda"},"content":{"rendered":"<h3 style=\"text-align: center\">chicote de corda<\/h3>\n<p style=\"text-align: center\">Ao contr\u00e1rio dos chicotes de corda com n\u00f3s, estes chicotes de corda para verg\u00f5es s\u00e3o feitos de corda de c\u00e2nhamo fina de 3 mm e possuem ponteiras de borracha nas extremidades. Com um comprimento total de 70 cm e 20 tiras, o chicote, semelhante a uma vara de montaria, inflige uma dor aguda e ardente. Como o nome sugere, verg\u00f5es s\u00e3o praticamente garantidos!<\/p>\n<p><strong>Detalhes:<\/strong><\/p>\n<p>Material: Madeira, corda de c\u00e2nhamo, a\u00e7o inoxid\u00e1vel, borracha<br \/>\nComprimento: aprox. 70 cm<br \/>\nDi\u00e2metro do cabo: 22 mm<\/p>\n<p><strong>Escopo da entrega:<\/strong> Chicote com al\u00e7a de corda; cor selecion\u00e1vel<\/p>\n<p>&nbsp;<\/p>\n<hr \/>\n<blockquote>\n<p style=\"text-align: center\"><span style=\"color: #333399\">As informa\u00e7\u00f5es sobre os produtos s\u00e3o fornecidas de acordo com nosso melhor conhecimento e cren\u00e7a. Todas as medidas s\u00e3o aproximadas. O uso dos produtos oferecidos nesta loja \u00e9 por sua conta e risco. Cada pessoa reage de forma diferente a influ\u00eancias externas, prazer, dor, etc. Portanto, n\u00e3o nos responsabilizamos por uso indevido. Cada usu\u00e1rio assume total responsabilidade pelo uso e aplica\u00e7\u00e3o correta dos produtos e por quaisquer consequ\u00eancias imprevistas.<\/span><\/p>\n<\/blockquote>","protected":false},"excerpt":{"rendered":"<p>Prazo de entrega: 5 a 7 dias*<\/p>","protected":false},"featured_media":10295,"template":"","meta":[],"product_brand":[],"product_cat":[252,224],"product_tag":[],"class_list":{"0":"post-4524","1":"product","2":"type-product","3":"status-publish","4":"has-post-thumbnail","6":"product_cat-peitschen-gerten","7":"product_cat-lustschmerz","9":"first","10":"instock","11":"taxable","12":"shipping-taxable","13":"purchasable","14":"product-type-variable"},"_links":{"self":[{"href":"https:\/\/bavarian-bondage.de\/pt\/wp-json\/wp\/v2\/product\/4524","targetHints":{"allow":["GET"]}}],"collection":[{"href":"https:\/\/bavarian-bondage.de\/pt\/wp-json\/wp\/v2\/product"}],"about":[{"href":"https:\/\/bavarian-bondage.de\/pt\/wp-json\/wp\/v2\/types\/product"}],"version-history":[{"count":4,"href":"https:\/\/bavarian-bondage.de\/pt\/wp-json\/wp\/v2\/product\/4524\/revisions"}],"predecessor-version":[{"id":13980,"href":"https:\/\/bavarian-bondage.de\/pt\/wp-json\/wp\/v2\/product\/4524\/revisions\/13980"}],"wp:featuredmedia":[{"embeddable":true,"href":"https:\/\/bavarian-bondage.de\/pt\/wp-json\/wp\/v2\/media\/10295"}],"wp:attachment":[{"href":"https:\/\/bavarian-bondage.de\/pt\/wp-json\/wp\/v2\/media?parent=4524"}],"wp:term":[{"taxonomy":"product_brand","embeddable":true,"href":"https:\/\/bavarian-bondage.de\/pt\/wp-json\/wp\/v2\/product_brand?post=4524"},{"taxonomy":"product_cat","embeddable":true,"href":"https:\/\/bavarian-bondage.de\/pt\/wp-json\/wp\/v2\/product_cat?post=4524"},{"taxonomy":"product_tag","embeddable":true,"href":"https:\/\/bavarian-bondage.de\/pt\/wp-json\/wp\/v2\/product_tag?post=4524"}],"curies":[{"name":"wp","href":"https:\/\/api.w.org\/{rel}","templated":true}]}}