{"id":4534,"date":"2021-01-02T18:04:43","date_gmt":"2021-01-02T17:04:43","guid":{"rendered":"https:\/\/bavarian-bondage.de\/?post_type=product&#038;p=4534"},"modified":"2025-09-29T17:18:29","modified_gmt":"2025-09-29T15:18:29","slug":"giratorio-preto-dourado","status":"publish","type":"product","link":"https:\/\/bavarian-bondage.de\/pt\/produkt\/drehwirbel-schwarz-gold\/","title":{"rendered":"Girat\u00f3rio preto e dourado"},"content":{"rendered":"<h3 style=\"text-align: center\">Girat\u00f3rio preto e dourado<\/h3>\n<p style=\"text-align: center\">O girador, tamb\u00e9m conhecido como pinh\u00e3o, torna cada sess\u00e3o de bondage com suspens\u00e3o uma experi\u00eancia ainda mais intensa. O girador possui rolamentos de esferas e, apesar do seu tamanho reduzido, tem uma elevada capacidade de carga. Gra\u00e7as aos rolamentos de esferas, ele gira de forma muito r\u00e1pida, silenciosa e com quase nenhuma resist\u00eancia.<\/p>\n<p style=\"text-align: center\">Para evitar que gire, basta passar uma corda pelas duas aberturas uma ou duas vezes.<\/p>\n<p><strong>Detalhes:<\/strong><\/p>\n<p>Tamanho: C 10,5 cm \/ L 4,2 cm<br \/>\nDi\u00e2metro das aberturas: 3,5 cm x 3,0 cm<br \/>\nEspessura do material: aprox. 1 cm<br \/>\nCapacidade de carga: 30 kN<br \/>\nMaterial: Alum\u00ednio<br \/>\nCor: Preto \/ Dourado<br \/>\nPeso: 130g<br \/>\nEN354:2002<br \/>\nEN365:2005<\/p>\n<p>&nbsp;<\/p>\n<p><strong>Escopo da entrega:<\/strong> Girat\u00f3rio girat\u00f3rio preto-dourado 30KN<\/p>\n<p>&nbsp;<\/p>\n<hr \/>\n<blockquote>\n<p style=\"text-align: center\"><span style=\"color: #333399\">As informa\u00e7\u00f5es sobre os produtos s\u00e3o fornecidas de acordo com nosso melhor conhecimento e cren\u00e7a. Todas as medidas s\u00e3o aproximadas. O uso dos produtos oferecidos nesta loja \u00e9 por sua conta e risco. Cada pessoa reage de forma diferente a influ\u00eancias externas, prazer, dor, etc. Portanto, n\u00e3o nos responsabilizamos por uso indevido. Cada usu\u00e1rio assume total responsabilidade pelo uso e aplica\u00e7\u00e3o correta dos produtos e por quaisquer consequ\u00eancias imprevistas.<\/span><\/p>\n<\/blockquote>","protected":false},"excerpt":{"rendered":"<p>Prazo de entrega: 5 a 7 dias*<\/p>","protected":false},"featured_media":8172,"template":"","meta":[],"product_brand":[],"product_cat":[223],"product_tag":[],"class_list":{"0":"post-4534","1":"product","2":"type-product","3":"status-publish","4":"has-post-thumbnail","6":"product_cat-zubehoer","8":"first","9":"instock","10":"taxable","11":"shipping-taxable","12":"purchasable","13":"product-type-simple"},"_links":{"self":[{"href":"https:\/\/bavarian-bondage.de\/pt\/wp-json\/wp\/v2\/product\/4534","targetHints":{"allow":["GET"]}}],"collection":[{"href":"https:\/\/bavarian-bondage.de\/pt\/wp-json\/wp\/v2\/product"}],"about":[{"href":"https:\/\/bavarian-bondage.de\/pt\/wp-json\/wp\/v2\/types\/product"}],"version-history":[{"count":4,"href":"https:\/\/bavarian-bondage.de\/pt\/wp-json\/wp\/v2\/product\/4534\/revisions"}],"predecessor-version":[{"id":14350,"href":"https:\/\/bavarian-bondage.de\/pt\/wp-json\/wp\/v2\/product\/4534\/revisions\/14350"}],"wp:featuredmedia":[{"embeddable":true,"href":"https:\/\/bavarian-bondage.de\/pt\/wp-json\/wp\/v2\/media\/8172"}],"wp:attachment":[{"href":"https:\/\/bavarian-bondage.de\/pt\/wp-json\/wp\/v2\/media?parent=4534"}],"wp:term":[{"taxonomy":"product_brand","embeddable":true,"href":"https:\/\/bavarian-bondage.de\/pt\/wp-json\/wp\/v2\/product_brand?post=4534"},{"taxonomy":"product_cat","embeddable":true,"href":"https:\/\/bavarian-bondage.de\/pt\/wp-json\/wp\/v2\/product_cat?post=4534"},{"taxonomy":"product_tag","embeddable":true,"href":"https:\/\/bavarian-bondage.de\/pt\/wp-json\/wp\/v2\/product_tag?post=4534"}],"curies":[{"name":"wp","href":"https:\/\/api.w.org\/{rel}","templated":true}]}}