{"id":4541,"date":"2020-10-17T12:56:33","date_gmt":"2020-10-17T10:56:33","guid":{"rendered":"https:\/\/bavarian-bondage.de\/?post_type=product&#038;p=4541"},"modified":"2025-09-05T11:59:00","modified_gmt":"2025-09-05T09:59:00","slug":"corrente-guia-com-laco-de-couro","status":"publish","type":"product","link":"https:\/\/bavarian-bondage.de\/pt\/produkt\/fuehrungskette-mit-lederschlaufe\/","title":{"rendered":"Corrente guia com la\u00e7o de couro"},"content":{"rendered":"<h3 style=\"text-align: center\">Corrente guia com la\u00e7o de couro<\/h3>\n<p style=\"text-align: center\">Uma corrente s\u00f3lida com dois fechos e uma argola de couro preta. Os dois fechos s\u00e3o ajust\u00e1veis por meio de parafusos e as superf\u00edcies de contato s\u00e3o revestidas de borracha para maior conforto.<\/p>\n<p>&nbsp;<\/p>\n<p><strong>Detalhes:<\/strong><\/p>\n<p>Material: metal, borracha, couro<br \/>\nComprimento total: 80 cm<br \/>\nComprimento da al\u00e7a: 20 cm<br \/>\nComprimento da corrente: 60 cm<\/p>\n<p>&nbsp;<\/p>\n<p><strong>Escopo da entrega:<\/strong> 1 corrente guia com presilhas e la\u00e7o de couro<\/p>","protected":false},"excerpt":{"rendered":"<p>Prazo de entrega: 5 a 7 dias*<\/p>","protected":false},"featured_media":14045,"template":"","meta":[],"product_brand":[],"product_cat":[248,224],"product_tag":[],"class_list":{"0":"post-4541","1":"product","2":"type-product","3":"status-publish","4":"has-post-thumbnail","6":"product_cat-klammern","7":"product_cat-lustschmerz","9":"first","10":"instock","11":"taxable","12":"shipping-taxable","13":"purchasable","14":"product-type-simple"},"_links":{"self":[{"href":"https:\/\/bavarian-bondage.de\/pt\/wp-json\/wp\/v2\/product\/4541","targetHints":{"allow":["GET"]}}],"collection":[{"href":"https:\/\/bavarian-bondage.de\/pt\/wp-json\/wp\/v2\/product"}],"about":[{"href":"https:\/\/bavarian-bondage.de\/pt\/wp-json\/wp\/v2\/types\/product"}],"version-history":[{"count":7,"href":"https:\/\/bavarian-bondage.de\/pt\/wp-json\/wp\/v2\/product\/4541\/revisions"}],"predecessor-version":[{"id":13959,"href":"https:\/\/bavarian-bondage.de\/pt\/wp-json\/wp\/v2\/product\/4541\/revisions\/13959"}],"wp:featuredmedia":[{"embeddable":true,"href":"https:\/\/bavarian-bondage.de\/pt\/wp-json\/wp\/v2\/media\/14045"}],"wp:attachment":[{"href":"https:\/\/bavarian-bondage.de\/pt\/wp-json\/wp\/v2\/media?parent=4541"}],"wp:term":[{"taxonomy":"product_brand","embeddable":true,"href":"https:\/\/bavarian-bondage.de\/pt\/wp-json\/wp\/v2\/product_brand?post=4541"},{"taxonomy":"product_cat","embeddable":true,"href":"https:\/\/bavarian-bondage.de\/pt\/wp-json\/wp\/v2\/product_cat?post=4541"},{"taxonomy":"product_tag","embeddable":true,"href":"https:\/\/bavarian-bondage.de\/pt\/wp-json\/wp\/v2\/product_tag?post=4541"}],"curies":[{"name":"wp","href":"https:\/\/api.w.org\/{rel}","templated":true}]}}