{"id":4548,"date":"2021-01-02T18:33:08","date_gmt":"2021-01-02T17:33:08","guid":{"rendered":"https:\/\/bavarian-bondage.de\/?post_type=product&#038;p=4548"},"modified":"2026-03-22T13:12:40","modified_gmt":"2026-03-22T12:12:40","slug":"faca-de-resgate","status":"publish","type":"product","link":"https:\/\/bavarian-bondage.de\/pt\/produkt\/rettungsmesser\/","title":{"rendered":"faca de resgate"},"content":{"rendered":"<h3 style=\"text-align: center\">Faca de resgate (cortador de corda)<\/h3>\n<p style=\"text-align: center\">A faca de resgate Gill \u00e9 uma ferramenta muito pr\u00e1tica para cortar cordas, correias, etc.<\/p>\n<p style=\"text-align: center\">\u00c9 tamb\u00e9m ideal para cortar cordas de bondage com at\u00e9 cerca de 8 mm de espessura. A ferramenta vem com uma bolsa de nylon que pode ser presa a um cinto, por exemplo. Al\u00e9m disso, a faca de resgate possui um cabo antiderrapante.<\/p>\n<p style=\"text-align: center\">Voc\u00ea nunca deveria precisar de uma faca de resgate como essa para conter algu\u00e9m, mas est\u00e1 bem preparado para tais eventualidades.<\/p>\n<p>&nbsp;<\/p>\n<p><strong>Detalhes:<\/strong><br \/>\nMaterial: A\u00e7o revestido, material comp\u00f3sito, nylon<br \/>\nComprimento total: 12,7 cm<br \/>\nFabricante: Gill<\/p>\n<p>&nbsp;<\/p>\n<p><strong>Escopo da entrega: <\/strong>1 faca de resgate Gill com bainha de nylon<\/p>\n<hr \/>\n<blockquote>\n<p style=\"text-align: center\"><span style=\"color: #333399\">As informa\u00e7\u00f5es sobre os produtos s\u00e3o fornecidas de acordo com nosso melhor conhecimento e cren\u00e7a. Todas as medidas s\u00e3o aproximadas. O uso dos produtos oferecidos nesta loja \u00e9 por sua conta e risco. Cada pessoa reage de forma diferente a influ\u00eancias externas, prazer, dor, etc. Portanto, n\u00e3o nos responsabilizamos por uso indevido. Cada usu\u00e1rio assume total responsabilidade pelo uso e aplica\u00e7\u00e3o correta dos produtos e por quaisquer consequ\u00eancias imprevistas.<\/span><\/p>\n<\/blockquote>","protected":false},"excerpt":{"rendered":"<p>Prazo de entrega: 5 a 7 dias*<\/p>","protected":false},"featured_media":8174,"template":"","meta":[],"product_brand":[],"product_cat":[223],"product_tag":[],"class_list":{"0":"post-4548","1":"product","2":"type-product","3":"status-publish","4":"has-post-thumbnail","6":"product_cat-zubehoer","8":"first","9":"instock","10":"taxable","11":"shipping-taxable","12":"purchasable","13":"product-type-simple"},"_links":{"self":[{"href":"https:\/\/bavarian-bondage.de\/pt\/wp-json\/wp\/v2\/product\/4548","targetHints":{"allow":["GET"]}}],"collection":[{"href":"https:\/\/bavarian-bondage.de\/pt\/wp-json\/wp\/v2\/product"}],"about":[{"href":"https:\/\/bavarian-bondage.de\/pt\/wp-json\/wp\/v2\/types\/product"}],"version-history":[{"count":3,"href":"https:\/\/bavarian-bondage.de\/pt\/wp-json\/wp\/v2\/product\/4548\/revisions"}],"predecessor-version":[{"id":16504,"href":"https:\/\/bavarian-bondage.de\/pt\/wp-json\/wp\/v2\/product\/4548\/revisions\/16504"}],"wp:featuredmedia":[{"embeddable":true,"href":"https:\/\/bavarian-bondage.de\/pt\/wp-json\/wp\/v2\/media\/8174"}],"wp:attachment":[{"href":"https:\/\/bavarian-bondage.de\/pt\/wp-json\/wp\/v2\/media?parent=4548"}],"wp:term":[{"taxonomy":"product_brand","embeddable":true,"href":"https:\/\/bavarian-bondage.de\/pt\/wp-json\/wp\/v2\/product_brand?post=4548"},{"taxonomy":"product_cat","embeddable":true,"href":"https:\/\/bavarian-bondage.de\/pt\/wp-json\/wp\/v2\/product_cat?post=4548"},{"taxonomy":"product_tag","embeddable":true,"href":"https:\/\/bavarian-bondage.de\/pt\/wp-json\/wp\/v2\/product_tag?post=4548"}],"curies":[{"name":"wp","href":"https:\/\/api.w.org\/{rel}","templated":true}]}}